{"id":38746,"date":"2023-06-25T11:59:08","date_gmt":"2023-06-25T10:59:08","guid":{"rendered":"https:\/\/discoverdouro.pt\/geografia-y-demografia"},"modified":"2023-11-11T11:03:21","modified_gmt":"2023-11-11T11:03:21","slug":"geografia-y-demografia","status":"publish","type":"page","link":"https:\/\/discoverdouro.pt\/es\/geografia-y-demografia","title":{"rendered":"Geograf\u00eda y demograf\u00eda"},"content":{"rendered":"\t\t<div data-elementor-type=\"wp-page\" data-elementor-id=\"38746\" class=\"elementor elementor-38746\" data-elementor-post-type=\"page\">\n\t\t\t\t<div class=\"elementor-element elementor-element-525e506 e-con-full e-flex e-con e-parent\" data-id=\"525e506\" data-element_type=\"container\">\n\t\t\t\t<div class=\"elementor-element elementor-element-19faf19 elementor--h-position-center elementor--v-position-middle elementor-arrows-position-inside elementor-pagination-position-inside elementor-widget elementor-widget-slides\" data-id=\"19faf19\" data-element_type=\"widget\" data-settings=\"{&quot;navigation&quot;:&quot;both&quot;,&quot;autoplay&quot;:&quot;yes&quot;,&quot;pause_on_hover&quot;:&quot;yes&quot;,&quot;pause_on_interaction&quot;:&quot;yes&quot;,&quot;autoplay_speed&quot;:5000,&quot;infinite&quot;:&quot;yes&quot;,&quot;transition&quot;:&quot;slide&quot;,&quot;transition_speed&quot;:500}\" data-widget_type=\"slides.default\">\n\t\t\t\t<div class=\"elementor-widget-container\">\n\t\t\t\t\t\t\t\t\t<div class=\"elementor-swiper\">\n\t\t\t\t\t<div class=\"elementor-slides-wrapper elementor-main-swiper swiper\" role=\"region\" aria-roledescription=\"carousel\" aria-label=\"Slides\" dir=\"ltr\" data-animation=\"fadeInUp\">\n\t\t\t\t<div class=\"swiper-wrapper elementor-slides\">\n\t\t\t\t\t\t\t\t\t\t<div class=\"elementor-repeater-item-6ca403f swiper-slide\" role=\"group\" aria-roledescription=\"slide\"><div class=\"swiper-slide-bg\" role=\"img\"><\/div><div class=\"elementor-background-overlay\"><\/div><div class=\"swiper-slide-inner\" ><div class=\"swiper-slide-contents\"><div class=\"elementor-slide-heading\">Geograf\u00eda y demograf\u00eda<\/div><\/div><\/div><\/div>\t\t\t\t<\/div>\n\t\t\t\t\t\t\t<\/div>\n\t\t\t\t<\/div>\n\t\t\t\t\t\t\t\t<\/div>\n\t\t\t\t<\/div>\n\t\t\t\t<\/div>\n\t\t<div class=\"elementor-element elementor-element-dac1c7c e-con-full e-flex e-con e-parent\" data-id=\"dac1c7c\" data-element_type=\"container\">\n\t\t<div class=\"elementor-element elementor-element-0a9f611 e-con-full e-flex e-con e-child\" data-id=\"0a9f611\" data-element_type=\"container\">\n\t\t\t\t<div class=\"elementor-element elementor-element-ba112a7 elementor-widget elementor-widget-image\" data-id=\"ba112a7\" data-element_type=\"widget\" data-widget_type=\"image.default\">\n\t\t\t\t<div class=\"elementor-widget-container\">\n\t\t\t\t\t\t\t\t\t\t\t\t\t\t\t<img fetchpriority=\"high\" decoding=\"async\" width=\"800\" height=\"800\" src=\"https:\/\/discoverdouro.pt\/wp-content\/uploads\/2023\/06\/779137_10248-NMHY8Y-1024x1024.jpg\" class=\"attachment-large size-large wp-image-23121\" alt=\"\" srcset=\"https:\/\/discoverdouro.pt\/wp-content\/uploads\/2023\/06\/779137_10248-NMHY8Y-1024x1024.jpg 1024w, https:\/\/discoverdouro.pt\/wp-content\/uploads\/2023\/06\/779137_10248-NMHY8Y-300x300.jpg 300w, https:\/\/discoverdouro.pt\/wp-content\/uploads\/2023\/06\/779137_10248-NMHY8Y-150x150.jpg 150w, https:\/\/discoverdouro.pt\/wp-content\/uploads\/2023\/06\/779137_10248-NMHY8Y-768x768.jpg 768w, https:\/\/discoverdouro.pt\/wp-content\/uploads\/2023\/06\/779137_10248-NMHY8Y-1536x1536.jpg 1536w, https:\/\/discoverdouro.pt\/wp-content\/uploads\/2023\/06\/779137_10248-NMHY8Y-600x600.jpg 600w, https:\/\/discoverdouro.pt\/wp-content\/uploads\/2023\/06\/779137_10248-NMHY8Y-100x100.jpg 100w, https:\/\/discoverdouro.pt\/wp-content\/uploads\/2023\/06\/779137_10248-NMHY8Y.jpg 1666w\" sizes=\"(max-width: 800px) 100vw, 800px\" \/>\t\t\t\t\t\t\t\t\t\t\t\t\t\t\t<\/div>\n\t\t\t\t<\/div>\n\t\t\t\t<\/div>\n\t\t\t\t<\/div>\n\t\t\t\t<\/div>\n\t\t","protected":false},"excerpt":{"rendered":"<p>Geograf\u00eda y demograf\u00eda<\/p>\n","protected":false},"author":34,"featured_media":0,"parent":0,"menu_order":0,"comment_status":"closed","ping_status":"closed","template":"","meta":{"footnotes":""},"class_list":["post-38746","page","type-page","status-publish","hentry"],"acf":[],"yoast_head":"<!-- This site is optimized with the Yoast SEO plugin v26.2 - https:\/\/yoast.com\/wordpress\/plugins\/seo\/ -->\n<title>Geograf\u00eda y demograf\u00eda - Discover Douro<\/title>\n<meta name=\"robots\" content=\"index, follow, max-snippet:-1, max-image-preview:large, max-video-preview:-1\" \/>\n<link rel=\"canonical\" href=\"https:\/\/discoverdouro.pt\/es\/geografia-y-demografia\" \/>\n<meta property=\"og:locale\" content=\"es_ES\" \/>\n<meta property=\"og:type\" content=\"article\" \/>\n<meta property=\"og:title\" content=\"Geograf\u00eda y demograf\u00eda - Discover Douro\" \/>\n<meta property=\"og:description\" content=\"Geograf\u00eda y demograf\u00eda\" \/>\n<meta property=\"og:url\" content=\"https:\/\/discoverdouro.pt\/es\/geografia-y-demografia\" \/>\n<meta property=\"og:site_name\" content=\"Discover Douro\" \/>\n<meta property=\"article:publisher\" content=\"https:\/\/www.facebook.com\/profile.php?id=61555234744391\" \/>\n<meta property=\"article:modified_time\" content=\"2023-11-11T11:03:21+00:00\" \/>\n<meta property=\"og:image\" content=\"https:\/\/discoverdouro.pt\/wp-content\/uploads\/2023\/06\/779137_10248-NMHY8Y-1024x1024.jpg\" \/>\n<meta name=\"twitter:card\" content=\"summary_large_image\" \/>\n<meta name=\"twitter:site\" content=\"@DiscoverDouro\" \/>\n<script type=\"application\/ld+json\" class=\"yoast-schema-graph\">{\"@context\":\"https:\/\/schema.org\",\"@graph\":[{\"@type\":\"WebPage\",\"@id\":\"https:\/\/discoverdouro.pt\/es\/geografia-y-demografia\",\"url\":\"https:\/\/discoverdouro.pt\/es\/geografia-y-demografia\",\"name\":\"Geograf\u00eda y demograf\u00eda - Discover Douro\",\"isPartOf\":{\"@id\":\"https:\/\/discoverdouro.pt\/es#website\"},\"primaryImageOfPage\":{\"@id\":\"https:\/\/discoverdouro.pt\/es\/geografia-y-demografia#primaryimage\"},\"image\":{\"@id\":\"https:\/\/discoverdouro.pt\/es\/geografia-y-demografia#primaryimage\"},\"thumbnailUrl\":\"https:\/\/discoverdouro.pt\/wp-content\/uploads\/2023\/06\/779137_10248-NMHY8Y-1024x1024.jpg\",\"datePublished\":\"2023-06-25T10:59:08+00:00\",\"dateModified\":\"2023-11-11T11:03:21+00:00\",\"breadcrumb\":{\"@id\":\"https:\/\/discoverdouro.pt\/es\/geografia-y-demografia#breadcrumb\"},\"inLanguage\":\"es\",\"potentialAction\":[{\"@type\":\"ReadAction\",\"target\":[\"https:\/\/discoverdouro.pt\/es\/geografia-y-demografia\"]}]},{\"@type\":\"ImageObject\",\"inLanguage\":\"es\",\"@id\":\"https:\/\/discoverdouro.pt\/es\/geografia-y-demografia#primaryimage\",\"url\":\"https:\/\/discoverdouro.pt\/wp-content\/uploads\/2023\/06\/779137_10248-NMHY8Y-1024x1024.jpg\",\"contentUrl\":\"https:\/\/discoverdouro.pt\/wp-content\/uploads\/2023\/06\/779137_10248-NMHY8Y-1024x1024.jpg\"},{\"@type\":\"BreadcrumbList\",\"@id\":\"https:\/\/discoverdouro.pt\/es\/geografia-y-demografia#breadcrumb\",\"itemListElement\":[{\"@type\":\"ListItem\",\"position\":1,\"name\":\"Home\",\"item\":\"https:\/\/discoverdouro.pt\/es\"},{\"@type\":\"ListItem\",\"position\":2,\"name\":\"Geograf\u00eda y demograf\u00eda\"}]},{\"@type\":\"WebSite\",\"@id\":\"https:\/\/discoverdouro.pt\/es#website\",\"url\":\"https:\/\/discoverdouro.pt\/es\",\"name\":\"Discover Douro\",\"description\":\"O Para\u00edso de Portugal\",\"publisher\":{\"@id\":\"https:\/\/discoverdouro.pt\/es#organization\"},\"potentialAction\":[{\"@type\":\"SearchAction\",\"target\":{\"@type\":\"EntryPoint\",\"urlTemplate\":\"https:\/\/discoverdouro.pt\/es?s={search_term_string}\"},\"query-input\":{\"@type\":\"PropertyValueSpecification\",\"valueRequired\":true,\"valueName\":\"search_term_string\"}}],\"inLanguage\":\"es\"},{\"@type\":\"Organization\",\"@id\":\"https:\/\/discoverdouro.pt\/es#organization\",\"name\":\"Discover Douro\",\"url\":\"https:\/\/discoverdouro.pt\/es\",\"logo\":{\"@type\":\"ImageObject\",\"inLanguage\":\"es\",\"@id\":\"https:\/\/discoverdouro.pt\/es#\/schema\/logo\/image\/\",\"url\":\"https:\/\/www.discoverdouro.pt\/wp-content\/uploads\/2024\/01\/cropped-Icon_Discover.png\",\"contentUrl\":\"https:\/\/www.discoverdouro.pt\/wp-content\/uploads\/2024\/01\/cropped-Icon_Discover.png\",\"width\":512,\"height\":512,\"caption\":\"Discover Douro\"},\"image\":{\"@id\":\"https:\/\/discoverdouro.pt\/es#\/schema\/logo\/image\/\"},\"sameAs\":[\"https:\/\/www.facebook.com\/profile.php?id=61555234744391\",\"https:\/\/x.com\/DiscoverDouro\",\"https:\/\/www.instagram.com\/discover.douro\",\"https:\/\/www.tiktok.com\/@discoverdouro\",\"https:\/\/www.linkedin.com\/company\/discover-douro\/\"]}]}<\/script>\n<!-- \/ Yoast SEO plugin. -->","yoast_head_json":{"title":"Geograf\u00eda y demograf\u00eda - Discover Douro","robots":{"index":"index","follow":"follow","max-snippet":"max-snippet:-1","max-image-preview":"max-image-preview:large","max-video-preview":"max-video-preview:-1"},"canonical":"https:\/\/discoverdouro.pt\/es\/geografia-y-demografia","og_locale":"es_ES","og_type":"article","og_title":"Geograf\u00eda y demograf\u00eda - Discover Douro","og_description":"Geograf\u00eda y demograf\u00eda","og_url":"https:\/\/discoverdouro.pt\/es\/geografia-y-demografia","og_site_name":"Discover Douro","article_publisher":"https:\/\/www.facebook.com\/profile.php?id=61555234744391","article_modified_time":"2023-11-11T11:03:21+00:00","og_image":[{"url":"https:\/\/discoverdouro.pt\/wp-content\/uploads\/2023\/06\/779137_10248-NMHY8Y-1024x1024.jpg","type":"","width":"","height":""}],"twitter_card":"summary_large_image","twitter_site":"@DiscoverDouro","schema":{"@context":"https:\/\/schema.org","@graph":[{"@type":"WebPage","@id":"https:\/\/discoverdouro.pt\/es\/geografia-y-demografia","url":"https:\/\/discoverdouro.pt\/es\/geografia-y-demografia","name":"Geograf\u00eda y demograf\u00eda - Discover Douro","isPartOf":{"@id":"https:\/\/discoverdouro.pt\/es#website"},"primaryImageOfPage":{"@id":"https:\/\/discoverdouro.pt\/es\/geografia-y-demografia#primaryimage"},"image":{"@id":"https:\/\/discoverdouro.pt\/es\/geografia-y-demografia#primaryimage"},"thumbnailUrl":"https:\/\/discoverdouro.pt\/wp-content\/uploads\/2023\/06\/779137_10248-NMHY8Y-1024x1024.jpg","datePublished":"2023-06-25T10:59:08+00:00","dateModified":"2023-11-11T11:03:21+00:00","breadcrumb":{"@id":"https:\/\/discoverdouro.pt\/es\/geografia-y-demografia#breadcrumb"},"inLanguage":"es","potentialAction":[{"@type":"ReadAction","target":["https:\/\/discoverdouro.pt\/es\/geografia-y-demografia"]}]},{"@type":"ImageObject","inLanguage":"es","@id":"https:\/\/discoverdouro.pt\/es\/geografia-y-demografia#primaryimage","url":"https:\/\/discoverdouro.pt\/wp-content\/uploads\/2023\/06\/779137_10248-NMHY8Y-1024x1024.jpg","contentUrl":"https:\/\/discoverdouro.pt\/wp-content\/uploads\/2023\/06\/779137_10248-NMHY8Y-1024x1024.jpg"},{"@type":"BreadcrumbList","@id":"https:\/\/discoverdouro.pt\/es\/geografia-y-demografia#breadcrumb","itemListElement":[{"@type":"ListItem","position":1,"name":"Home","item":"https:\/\/discoverdouro.pt\/es"},{"@type":"ListItem","position":2,"name":"Geograf\u00eda y demograf\u00eda"}]},{"@type":"WebSite","@id":"https:\/\/discoverdouro.pt\/es#website","url":"https:\/\/discoverdouro.pt\/es","name":"Discover Douro","description":"O Para\u00edso de Portugal","publisher":{"@id":"https:\/\/discoverdouro.pt\/es#organization"},"potentialAction":[{"@type":"SearchAction","target":{"@type":"EntryPoint","urlTemplate":"https:\/\/discoverdouro.pt\/es?s={search_term_string}"},"query-input":{"@type":"PropertyValueSpecification","valueRequired":true,"valueName":"search_term_string"}}],"inLanguage":"es"},{"@type":"Organization","@id":"https:\/\/discoverdouro.pt\/es#organization","name":"Discover Douro","url":"https:\/\/discoverdouro.pt\/es","logo":{"@type":"ImageObject","inLanguage":"es","@id":"https:\/\/discoverdouro.pt\/es#\/schema\/logo\/image\/","url":"https:\/\/www.discoverdouro.pt\/wp-content\/uploads\/2024\/01\/cropped-Icon_Discover.png","contentUrl":"https:\/\/www.discoverdouro.pt\/wp-content\/uploads\/2024\/01\/cropped-Icon_Discover.png","width":512,"height":512,"caption":"Discover Douro"},"image":{"@id":"https:\/\/discoverdouro.pt\/es#\/schema\/logo\/image\/"},"sameAs":["https:\/\/www.facebook.com\/profile.php?id=61555234744391","https:\/\/x.com\/DiscoverDouro","https:\/\/www.instagram.com\/discover.douro","https:\/\/www.tiktok.com\/@discoverdouro","https:\/\/www.linkedin.com\/company\/discover-douro\/"]}]}},"_links":{"self":[{"href":"https:\/\/discoverdouro.pt\/es\/wp-json\/wp\/v2\/pages\/38746","targetHints":{"allow":["GET"]}}],"collection":[{"href":"https:\/\/discoverdouro.pt\/es\/wp-json\/wp\/v2\/pages"}],"about":[{"href":"https:\/\/discoverdouro.pt\/es\/wp-json\/wp\/v2\/types\/page"}],"author":[{"embeddable":true,"href":"https:\/\/discoverdouro.pt\/es\/wp-json\/wp\/v2\/users\/34"}],"replies":[{"embeddable":true,"href":"https:\/\/discoverdouro.pt\/es\/wp-json\/wp\/v2\/comments?post=38746"}],"version-history":[{"count":0,"href":"https:\/\/discoverdouro.pt\/es\/wp-json\/wp\/v2\/pages\/38746\/revisions"}],"wp:attachment":[{"href":"https:\/\/discoverdouro.pt\/es\/wp-json\/wp\/v2\/media?parent=38746"}],"curies":[{"name":"wp","href":"https:\/\/api.w.org\/{rel}","templated":true}]}}