{"id":44760,"date":"2024-01-05T12:15:01","date_gmt":"2024-01-05T12:15:01","guid":{"rendered":"https:\/\/discoverdouro.digiupdev.com\/?page_id=44760"},"modified":"2024-01-22T13:54:07","modified_gmt":"2024-01-22T13:54:07","slug":"sabores-y-conocimientos-espada-a-cinta","status":"publish","type":"page","link":"https:\/\/discoverdouro.pt\/es\/sabores-y-conocimientos-espada-a-cinta","title":{"rendered":"Sabores y Conocimientos Espada \u00e0 Cinta"},"content":{"rendered":"\t\t<div data-elementor-type=\"wp-page\" data-elementor-id=\"44760\" class=\"elementor elementor-44760 elementor-43717\" data-elementor-post-type=\"page\">\n\t\t\t\t\t\t<section class=\"elementor-section elementor-top-section elementor-element elementor-element-644cc55 elementor-section-stretched elementor-section-boxed elementor-section-height-default elementor-section-height-default\" data-id=\"644cc55\" data-element_type=\"section\" data-settings=\"{&quot;stretch_section&quot;:&quot;section-stretched&quot;,&quot;background_background&quot;:&quot;classic&quot;}\">\n\t\t\t\t\t\t\t<div class=\"elementor-background-overlay\"><\/div>\n\t\t\t\t\t\t\t<div class=\"elementor-container elementor-column-gap-default\">\n\t\t\t\t\t<div class=\"elementor-column elementor-col-100 elementor-top-column elementor-element elementor-element-03b986c\" data-id=\"03b986c\" data-element_type=\"column\">\n\t\t\t<div class=\"elementor-widget-wrap elementor-element-populated\">\n\t\t\t\t\t\t<div class=\"elementor-element elementor-element-1238e4e elementor-widget elementor-widget-heading\" data-id=\"1238e4e\" data-element_type=\"widget\" data-widget_type=\"heading.default\">\n\t\t\t\t<div class=\"elementor-widget-container\">\n\t\t\t\t\t<h1 class=\"elementor-heading-title elementor-size-default\">Sabores y Conocimientos<\/h1>\t\t\t\t<\/div>\n\t\t\t\t<\/div>\n\t\t\t\t<div class=\"elementor-element elementor-element-5260008 elementor-widget elementor-widget-heading\" data-id=\"5260008\" data-element_type=\"widget\" data-widget_type=\"heading.default\">\n\t\t\t\t<div class=\"elementor-widget-container\">\n\t\t\t\t\t<h1 class=\"elementor-heading-title elementor-size-default\">Freixo de Espada \u00e0 Cinta<\/h1>\t\t\t\t<\/div>\n\t\t\t\t<\/div>\n\t\t\t\t\t<\/div>\n\t\t<\/div>\n\t\t\t\t\t<\/div>\n\t\t<\/section>\n\t\t<div class=\"elementor-element elementor-element-f49ed52 e-flex e-con-boxed e-con e-parent\" data-id=\"f49ed52\" data-element_type=\"container\">\n\t\t\t\t\t<div class=\"e-con-inner\">\n\t\t<div class=\"elementor-element elementor-element-d94c81a e-con-full e-flex e-con e-child\" data-id=\"d94c81a\" data-element_type=\"container\" data-settings=\"{&quot;background_background&quot;:&quot;slideshow&quot;,&quot;background_slideshow_gallery&quot;:[{&quot;id&quot;:44271,&quot;url&quot;:&quot;https:\\\/\\\/www.discoverdouro.pt\\\/wp-content\\\/uploads\\\/2024\\\/01\\\/Seda-FEC-3-min.jpg&quot;},{&quot;id&quot;:44267,&quot;url&quot;:&quot;https:\\\/\\\/www.discoverdouro.pt\\\/wp-content\\\/uploads\\\/2024\\\/01\\\/Seda-FEC-2-2-min.jpg&quot;},{&quot;id&quot;:44263,&quot;url&quot;:&quot;https:\\\/\\\/www.discoverdouro.pt\\\/wp-content\\\/uploads\\\/2024\\\/01\\\/Seda-FEC-2-1-min.jpg&quot;}],&quot;background_slideshow_loop&quot;:&quot;yes&quot;,&quot;background_slideshow_slide_duration&quot;:5000,&quot;background_slideshow_slide_transition&quot;:&quot;fade&quot;,&quot;background_slideshow_transition_duration&quot;:500}\">\n\t\t\t\t<\/div>\n\t\t<div class=\"elementor-element elementor-element-1af6746 e-con-full e-flex e-con e-child\" data-id=\"1af6746\" data-element_type=\"container\">\n\t\t\t\t<div class=\"elementor-element elementor-element-ef061dd elementor-widget elementor-widget-heading\" data-id=\"ef061dd\" data-element_type=\"widget\" data-widget_type=\"heading.default\">\n\t\t\t\t<div class=\"elementor-widget-container\">\n\t\t\t\t\t<h2 class=\"elementor-heading-title elementor-size-default\">Seda de Freixo de Espada \u00e0 Cinta<\/h2>\t\t\t\t<\/div>\n\t\t\t\t<\/div>\n\t\t\t\t<div class=\"elementor-element elementor-element-46f0ab6 elementor-widget elementor-widget-text-editor\" data-id=\"46f0ab6\" data-element_type=\"widget\" data-widget_type=\"text-editor.default\">\n\t\t\t\t<div class=\"elementor-widget-container\">\n\t\t\t\t\t\t\t\t\t<p>La cr\u00eda de gusanos de seda y la artesan\u00eda de la seda es una de las tradiciones que m\u00e1s caracterizan a la localidad manuelina de Freixo de Espada \u00e0 Cinta, que actualmente es la \u00fanica de Portugal donde a\u00fan se trabaja este producto. El Museo de la Seda y del Territorio, situado en el Largo do Outeiro, en pleno Centro Hist\u00f3rico, en la parroquia de Freixo de Espada \u00e0 Cinta, fue inaugurado en agosto de 2015 y alberga todas las colecciones etnogr\u00e1ficas, arqueol\u00f3gicas y geol\u00f3gicas del municipio. Esta colecci\u00f3n incluye todos los equipos, t\u00e9cnicas, materiales y conocimientos asociados a la seda, imagen ic\u00f3nica del municipio de Freixo de Espada \u00e0 Cinta.<\/p><p>En Freixo de Espada \u00e0 Cinta, la seda se trabaja 100% a mano, con instrumentos tradicionales de madera centenarios. La cultura de la seda en el municipio alcanz\u00f3 su apogeo a finales del siglo XVIII y despu\u00e9s cay\u00f3 en el olvido. En la actualidad, se est\u00e1 llevando a cabo la revitalizaci\u00f3n de este arte y, en 2023, finaliz\u00f3 su proceso de certificaci\u00f3n, con el reconocimiento de la seda de Freixo de Espada \u00e0 Cinta como Indicaci\u00f3n Geogr\u00e1fica y del hilo de seda como DOP &#8211; Denominaci\u00f3n de Origen Protegida. En 2022 y 2023, la Seda de Freixo de Espada \u00e0 Cinta fue galardonada consecutivamente en los Premios Municipios del A\u00f1o, y tambi\u00e9n ha estado presente en diversos eventos nacionales e internacionales, como FITUR en Madrid, EXPODUBAI y Portugal Fashion. Al mismo tiempo, se han firmado varios acuerdos de colaboraci\u00f3n entre Seda de Freixo de Espada \u00e0 Cinta y diversas organizaciones, entre ellas el Castelo de S\u00e3o Jorge de Lisboa.<\/p><p>Adem\u00e1s de todas las exposiciones y recursos multimedia que explican con detalle el proceso de la seda (desde la plantaci\u00f3n de las moreras hasta el producto final), el trabajo en vivo y en directo de los artesanos locales que trabajan aqu\u00ed, exponen y venden las piezas que elaboran, compartiendo conocimientos centenarios, transmitidos entre generaciones, con todos los que visitan este espacio.<\/p>\t\t\t\t\t\t\t\t<\/div>\n\t\t\t\t<\/div>\n\t\t\t\t<\/div>\n\t\t\t\t\t<\/div>\n\t\t\t\t<\/div>\n\t\t<div class=\"elementor-element elementor-element-71892da e-flex e-con-boxed e-con e-parent\" data-id=\"71892da\" data-element_type=\"container\">\n\t\t\t\t\t<div class=\"e-con-inner\">\n\t\t<div class=\"elementor-element elementor-element-47a2ba0 e-con-full e-flex e-con e-child\" data-id=\"47a2ba0\" data-element_type=\"container\">\n\t\t\t\t<div class=\"elementor-element elementor-element-e3fa212 elementor-widget elementor-widget-heading\" data-id=\"e3fa212\" data-element_type=\"widget\" data-widget_type=\"heading.default\">\n\t\t\t\t<div class=\"elementor-widget-container\">\n\t\t\t\t\t<h2 class=\"elementor-heading-title elementor-size-default\">Platos tradicionales: Sopas \n<\/h2>\t\t\t\t<\/div>\n\t\t\t\t<\/div>\n\t\t\t\t<div class=\"elementor-element elementor-element-e71f168 elementor-widget elementor-widget-text-editor\" data-id=\"e71f168\" data-element_type=\"widget\" data-widget_type=\"text-editor.default\">\n\t\t\t\t<div class=\"elementor-widget-container\">\n\t\t\t\t\t\t\t\t\t<p>Las sopas de tomate, ajo, patata, huevo y esp\u00e1rragos son t\u00edpicas del municipio de Freixo de Espada \u00e0 Cinta y, en tiempos pasados, eran uno de los alimentos que aseguraban la subsistencia de la poblaci\u00f3n. Elaboradas para la cena con los productos end\u00f3genos que la tierra produc\u00eda, estas sopas se saboreaban en la cena y se tomaban para almorzar al d\u00eda siguiente durante las labores del campo, por lo que se consideraban el alimento preferido de los agricultores. Con pocos ingredientes y una preparaci\u00f3n r\u00e1pida, estas sopas siguen siendo muy apreciadas por la poblaci\u00f3n local y los visitantes. Como homenaje a este elemento caracter\u00edstico del municipio de Freixo de Espada \u00e0 Cinta, se cre\u00f3 el evento gastron\u00f3mico &#8220;Sabores y Tradiciones&#8221;, que volvi\u00f3 a poner de relieve los sabores de las comidas de anta\u00f1o elaboradas con los mejores productos end\u00f3genos producidos en el municipio de Freixo de Espada \u00e0 Cinta.<\/p>\t\t\t\t\t\t\t\t<\/div>\n\t\t\t\t<\/div>\n\t\t\t\t<\/div>\n\t\t<div class=\"elementor-element elementor-element-33be6d8 e-con-full e-flex e-con e-child\" data-id=\"33be6d8\" data-element_type=\"container\" data-settings=\"{&quot;background_background&quot;:&quot;slideshow&quot;,&quot;background_slideshow_gallery&quot;:[{&quot;id&quot;:44248,&quot;url&quot;:&quot;https:\\\/\\\/www.discoverdouro.pt\\\/wp-content\\\/uploads\\\/2024\\\/01\\\/Docaria-FEC-1-min-scaled.jpg&quot;},{&quot;id&quot;:44253,&quot;url&quot;:&quot;https:\\\/\\\/www.discoverdouro.pt\\\/wp-content\\\/uploads\\\/2024\\\/01\\\/Fumeiro-FEC-1-min-scaled.jpg&quot;},{&quot;id&quot;:44258,&quot;url&quot;:&quot;https:\\\/\\\/www.discoverdouro.pt\\\/wp-content\\\/uploads\\\/2024\\\/01\\\/Fumeiro-FEC-2-min-scaled.jpg&quot;},{&quot;id&quot;:44275,&quot;url&quot;:&quot;https:\\\/\\\/www.discoverdouro.pt\\\/wp-content\\\/uploads\\\/2024\\\/01\\\/Sopas-FEC-1-min-scaled.jpg&quot;},{&quot;id&quot;:44279,&quot;url&quot;:&quot;https:\\\/\\\/www.discoverdouro.pt\\\/wp-content\\\/uploads\\\/2024\\\/01\\\/Tortas-FEC-1-min-scaled.jpg&quot;},{&quot;id&quot;:44283,&quot;url&quot;:&quot;https:\\\/\\\/www.discoverdouro.pt\\\/wp-content\\\/uploads\\\/2024\\\/01\\\/Vinhos-FEC-1-1-min.jpg&quot;},{&quot;id&quot;:44287,&quot;url&quot;:&quot;https:\\\/\\\/www.discoverdouro.pt\\\/wp-content\\\/uploads\\\/2024\\\/01\\\/Vinhos-FEC-1-2-min.jpg&quot;}],&quot;background_slideshow_loop&quot;:&quot;yes&quot;,&quot;background_slideshow_slide_duration&quot;:5000,&quot;background_slideshow_slide_transition&quot;:&quot;fade&quot;,&quot;background_slideshow_transition_duration&quot;:500}\">\n\t\t\t\t<\/div>\n\t\t\t\t\t<\/div>\n\t\t\t\t<\/div>\n\t\t\t\t<\/div>\n\t\t","protected":false},"excerpt":{"rendered":"<p>Sabores y Conocimientos Freixo de Espada \u00e0 Cinta Seda de Freixo de Espada \u00e0 Cinta La cr\u00eda de gusanos de seda y la artesan\u00eda de la seda es una de las tradiciones que m\u00e1s caracterizan a la localidad manuelina de Freixo de Espada \u00e0 Cinta, que actualmente es la \u00fanica de Portugal donde a\u00fan se [&hellip;]<\/p>\n","protected":false},"author":41,"featured_media":0,"parent":0,"menu_order":0,"comment_status":"closed","ping_status":"closed","template":"","meta":{"footnotes":""},"class_list":["post-44760","page","type-page","status-publish","hentry"],"acf":[],"yoast_head":"<!-- This site is optimized with the Yoast SEO plugin v26.2 - https:\/\/yoast.com\/wordpress\/plugins\/seo\/ -->\n<title>Sabores y Conocimientos Espada \u00e0 Cinta - Discover Douro<\/title>\n<meta name=\"robots\" content=\"index, follow, max-snippet:-1, max-image-preview:large, max-video-preview:-1\" \/>\n<link rel=\"canonical\" href=\"https:\/\/discoverdouro.pt\/es\/sabores-y-conocimientos-espada-a-cinta\" \/>\n<meta property=\"og:locale\" content=\"es_ES\" \/>\n<meta property=\"og:type\" content=\"article\" \/>\n<meta property=\"og:title\" content=\"Sabores y Conocimientos Espada \u00e0 Cinta - Discover Douro\" \/>\n<meta property=\"og:description\" content=\"Sabores y Conocimientos Freixo de Espada \u00e0 Cinta Seda de Freixo de Espada \u00e0 Cinta La cr\u00eda de gusanos de seda y la artesan\u00eda de la seda es una de las tradiciones que m\u00e1s caracterizan a la localidad manuelina de Freixo de Espada \u00e0 Cinta, que actualmente es la \u00fanica de Portugal donde a\u00fan se [&hellip;]\" \/>\n<meta property=\"og:url\" content=\"https:\/\/discoverdouro.pt\/es\/sabores-y-conocimientos-espada-a-cinta\" \/>\n<meta property=\"og:site_name\" content=\"Discover Douro\" \/>\n<meta property=\"article:publisher\" content=\"https:\/\/www.facebook.com\/profile.php?id=61555234744391\" \/>\n<meta property=\"article:modified_time\" content=\"2024-01-22T13:54:07+00:00\" \/>\n<meta property=\"og:image\" content=\"https:\/\/discoverdouro.pt\/wp-content\/uploads\/2024\/01\/Moncorvo_Praia-Fluvial-Foz-do-Sabor12-scaled.jpg\" \/>\n\t<meta property=\"og:image:width\" content=\"2560\" \/>\n\t<meta property=\"og:image:height\" content=\"1920\" \/>\n\t<meta property=\"og:image:type\" content=\"image\/jpeg\" \/>\n<meta name=\"twitter:card\" content=\"summary_large_image\" \/>\n<meta name=\"twitter:site\" content=\"@DiscoverDouro\" \/>\n<meta name=\"twitter:label1\" content=\"Est. reading time\" \/>\n\t<meta name=\"twitter:data1\" content=\"3 minutes\" \/>\n<script type=\"application\/ld+json\" class=\"yoast-schema-graph\">{\"@context\":\"https:\/\/schema.org\",\"@graph\":[{\"@type\":\"WebPage\",\"@id\":\"https:\/\/discoverdouro.pt\/es\/sabores-y-conocimientos-espada-a-cinta\",\"url\":\"https:\/\/discoverdouro.pt\/es\/sabores-y-conocimientos-espada-a-cinta\",\"name\":\"Sabores y Conocimientos Espada \u00e0 Cinta - Discover Douro\",\"isPartOf\":{\"@id\":\"https:\/\/discoverdouro.pt\/es#website\"},\"datePublished\":\"2024-01-05T12:15:01+00:00\",\"dateModified\":\"2024-01-22T13:54:07+00:00\",\"breadcrumb\":{\"@id\":\"https:\/\/discoverdouro.pt\/es\/sabores-y-conocimientos-espada-a-cinta#breadcrumb\"},\"inLanguage\":\"es\",\"potentialAction\":[{\"@type\":\"ReadAction\",\"target\":[\"https:\/\/discoverdouro.pt\/es\/sabores-y-conocimientos-espada-a-cinta\"]}]},{\"@type\":\"BreadcrumbList\",\"@id\":\"https:\/\/discoverdouro.pt\/es\/sabores-y-conocimientos-espada-a-cinta#breadcrumb\",\"itemListElement\":[{\"@type\":\"ListItem\",\"position\":1,\"name\":\"Home\",\"item\":\"https:\/\/discoverdouro.pt\/es\"},{\"@type\":\"ListItem\",\"position\":2,\"name\":\"Sabores y Conocimientos Espada \u00e0 Cinta\"}]},{\"@type\":\"WebSite\",\"@id\":\"https:\/\/discoverdouro.pt\/es#website\",\"url\":\"https:\/\/discoverdouro.pt\/es\",\"name\":\"Discover Douro\",\"description\":\"O Para\u00edso de Portugal\",\"publisher\":{\"@id\":\"https:\/\/discoverdouro.pt\/es#organization\"},\"potentialAction\":[{\"@type\":\"SearchAction\",\"target\":{\"@type\":\"EntryPoint\",\"urlTemplate\":\"https:\/\/discoverdouro.pt\/es?s={search_term_string}\"},\"query-input\":{\"@type\":\"PropertyValueSpecification\",\"valueRequired\":true,\"valueName\":\"search_term_string\"}}],\"inLanguage\":\"es\"},{\"@type\":\"Organization\",\"@id\":\"https:\/\/discoverdouro.pt\/es#organization\",\"name\":\"Discover Douro\",\"url\":\"https:\/\/discoverdouro.pt\/es\",\"logo\":{\"@type\":\"ImageObject\",\"inLanguage\":\"es\",\"@id\":\"https:\/\/discoverdouro.pt\/es#\/schema\/logo\/image\/\",\"url\":\"https:\/\/www.discoverdouro.pt\/wp-content\/uploads\/2024\/01\/cropped-Icon_Discover.png\",\"contentUrl\":\"https:\/\/www.discoverdouro.pt\/wp-content\/uploads\/2024\/01\/cropped-Icon_Discover.png\",\"width\":512,\"height\":512,\"caption\":\"Discover Douro\"},\"image\":{\"@id\":\"https:\/\/discoverdouro.pt\/es#\/schema\/logo\/image\/\"},\"sameAs\":[\"https:\/\/www.facebook.com\/profile.php?id=61555234744391\",\"https:\/\/x.com\/DiscoverDouro\",\"https:\/\/www.instagram.com\/discover.douro\",\"https:\/\/www.tiktok.com\/@discoverdouro\",\"https:\/\/www.linkedin.com\/company\/discover-douro\/\"]}]}<\/script>\n<!-- \/ Yoast SEO plugin. -->","yoast_head_json":{"title":"Sabores y Conocimientos Espada \u00e0 Cinta - Discover Douro","robots":{"index":"index","follow":"follow","max-snippet":"max-snippet:-1","max-image-preview":"max-image-preview:large","max-video-preview":"max-video-preview:-1"},"canonical":"https:\/\/discoverdouro.pt\/es\/sabores-y-conocimientos-espada-a-cinta","og_locale":"es_ES","og_type":"article","og_title":"Sabores y Conocimientos Espada \u00e0 Cinta - Discover Douro","og_description":"Sabores y Conocimientos Freixo de Espada \u00e0 Cinta Seda de Freixo de Espada \u00e0 Cinta La cr\u00eda de gusanos de seda y la artesan\u00eda de la seda es una de las tradiciones que m\u00e1s caracterizan a la localidad manuelina de Freixo de Espada \u00e0 Cinta, que actualmente es la \u00fanica de Portugal donde a\u00fan se [&hellip;]","og_url":"https:\/\/discoverdouro.pt\/es\/sabores-y-conocimientos-espada-a-cinta","og_site_name":"Discover Douro","article_publisher":"https:\/\/www.facebook.com\/profile.php?id=61555234744391","article_modified_time":"2024-01-22T13:54:07+00:00","og_image":[{"width":2560,"height":1920,"url":"https:\/\/discoverdouro.pt\/wp-content\/uploads\/2024\/01\/Moncorvo_Praia-Fluvial-Foz-do-Sabor12-scaled.jpg","type":"image\/jpeg"}],"twitter_card":"summary_large_image","twitter_site":"@DiscoverDouro","twitter_misc":{"Est. reading time":"3 minutes"},"schema":{"@context":"https:\/\/schema.org","@graph":[{"@type":"WebPage","@id":"https:\/\/discoverdouro.pt\/es\/sabores-y-conocimientos-espada-a-cinta","url":"https:\/\/discoverdouro.pt\/es\/sabores-y-conocimientos-espada-a-cinta","name":"Sabores y Conocimientos Espada \u00e0 Cinta - Discover Douro","isPartOf":{"@id":"https:\/\/discoverdouro.pt\/es#website"},"datePublished":"2024-01-05T12:15:01+00:00","dateModified":"2024-01-22T13:54:07+00:00","breadcrumb":{"@id":"https:\/\/discoverdouro.pt\/es\/sabores-y-conocimientos-espada-a-cinta#breadcrumb"},"inLanguage":"es","potentialAction":[{"@type":"ReadAction","target":["https:\/\/discoverdouro.pt\/es\/sabores-y-conocimientos-espada-a-cinta"]}]},{"@type":"BreadcrumbList","@id":"https:\/\/discoverdouro.pt\/es\/sabores-y-conocimientos-espada-a-cinta#breadcrumb","itemListElement":[{"@type":"ListItem","position":1,"name":"Home","item":"https:\/\/discoverdouro.pt\/es"},{"@type":"ListItem","position":2,"name":"Sabores y Conocimientos Espada \u00e0 Cinta"}]},{"@type":"WebSite","@id":"https:\/\/discoverdouro.pt\/es#website","url":"https:\/\/discoverdouro.pt\/es","name":"Discover Douro","description":"O Para\u00edso de Portugal","publisher":{"@id":"https:\/\/discoverdouro.pt\/es#organization"},"potentialAction":[{"@type":"SearchAction","target":{"@type":"EntryPoint","urlTemplate":"https:\/\/discoverdouro.pt\/es?s={search_term_string}"},"query-input":{"@type":"PropertyValueSpecification","valueRequired":true,"valueName":"search_term_string"}}],"inLanguage":"es"},{"@type":"Organization","@id":"https:\/\/discoverdouro.pt\/es#organization","name":"Discover Douro","url":"https:\/\/discoverdouro.pt\/es","logo":{"@type":"ImageObject","inLanguage":"es","@id":"https:\/\/discoverdouro.pt\/es#\/schema\/logo\/image\/","url":"https:\/\/www.discoverdouro.pt\/wp-content\/uploads\/2024\/01\/cropped-Icon_Discover.png","contentUrl":"https:\/\/www.discoverdouro.pt\/wp-content\/uploads\/2024\/01\/cropped-Icon_Discover.png","width":512,"height":512,"caption":"Discover Douro"},"image":{"@id":"https:\/\/discoverdouro.pt\/es#\/schema\/logo\/image\/"},"sameAs":["https:\/\/www.facebook.com\/profile.php?id=61555234744391","https:\/\/x.com\/DiscoverDouro","https:\/\/www.instagram.com\/discover.douro","https:\/\/www.tiktok.com\/@discoverdouro","https:\/\/www.linkedin.com\/company\/discover-douro\/"]}]}},"_links":{"self":[{"href":"https:\/\/discoverdouro.pt\/es\/wp-json\/wp\/v2\/pages\/44760","targetHints":{"allow":["GET"]}}],"collection":[{"href":"https:\/\/discoverdouro.pt\/es\/wp-json\/wp\/v2\/pages"}],"about":[{"href":"https:\/\/discoverdouro.pt\/es\/wp-json\/wp\/v2\/types\/page"}],"author":[{"embeddable":true,"href":"https:\/\/discoverdouro.pt\/es\/wp-json\/wp\/v2\/users\/41"}],"replies":[{"embeddable":true,"href":"https:\/\/discoverdouro.pt\/es\/wp-json\/wp\/v2\/comments?post=44760"}],"version-history":[{"count":9,"href":"https:\/\/discoverdouro.pt\/es\/wp-json\/wp\/v2\/pages\/44760\/revisions"}],"predecessor-version":[{"id":46668,"href":"https:\/\/discoverdouro.pt\/es\/wp-json\/wp\/v2\/pages\/44760\/revisions\/46668"}],"wp:attachment":[{"href":"https:\/\/discoverdouro.pt\/es\/wp-json\/wp\/v2\/media?parent=44760"}],"curies":[{"name":"wp","href":"https:\/\/api.w.org\/{rel}","templated":true}]}}