{"id":44776,"date":"2024-01-05T13:20:37","date_gmt":"2024-01-05T13:20:37","guid":{"rendered":"https:\/\/discoverdouro.digiupdev.com\/?page_id=44776"},"modified":"2024-01-22T13:54:13","modified_gmt":"2024-01-22T13:54:13","slug":"sabores-y-conocimientos-lamego","status":"publish","type":"page","link":"https:\/\/discoverdouro.pt\/es\/sabores-y-conocimientos-lamego","title":{"rendered":"Sabores y Conocimientos Lamego"},"content":{"rendered":"\t\t<div data-elementor-type=\"wp-page\" data-elementor-id=\"44776\" class=\"elementor elementor-44776 elementor-43720\" data-elementor-post-type=\"page\">\n\t\t\t\t\t\t<section class=\"elementor-section elementor-top-section elementor-element elementor-element-e807fff elementor-section-stretched elementor-section-boxed elementor-section-height-default elementor-section-height-default\" data-id=\"e807fff\" data-element_type=\"section\" data-settings=\"{&quot;stretch_section&quot;:&quot;section-stretched&quot;,&quot;background_background&quot;:&quot;classic&quot;}\">\n\t\t\t\t\t\t\t<div class=\"elementor-background-overlay\"><\/div>\n\t\t\t\t\t\t\t<div class=\"elementor-container elementor-column-gap-default\">\n\t\t\t\t\t<div class=\"elementor-column elementor-col-100 elementor-top-column elementor-element elementor-element-39c5684\" data-id=\"39c5684\" data-element_type=\"column\">\n\t\t\t<div class=\"elementor-widget-wrap elementor-element-populated\">\n\t\t\t\t\t\t<div class=\"elementor-element elementor-element-a14348e elementor-widget elementor-widget-heading\" data-id=\"a14348e\" data-element_type=\"widget\" data-widget_type=\"heading.default\">\n\t\t\t\t<div class=\"elementor-widget-container\">\n\t\t\t\t\t<h1 class=\"elementor-heading-title elementor-size-default\">Sabores y Conocimientos<\/h1>\t\t\t\t<\/div>\n\t\t\t\t<\/div>\n\t\t\t\t<div class=\"elementor-element elementor-element-ad5fee6 elementor-widget elementor-widget-heading\" data-id=\"ad5fee6\" data-element_type=\"widget\" data-widget_type=\"heading.default\">\n\t\t\t\t<div class=\"elementor-widget-container\">\n\t\t\t\t\t<h1 class=\"elementor-heading-title elementor-size-default\">Lamego<\/h1>\t\t\t\t<\/div>\n\t\t\t\t<\/div>\n\t\t\t\t\t<\/div>\n\t\t<\/div>\n\t\t\t\t\t<\/div>\n\t\t<\/section>\n\t\t<div class=\"elementor-element elementor-element-6789b00 e-flex e-con-boxed e-con e-parent\" data-id=\"6789b00\" data-element_type=\"container\">\n\t\t\t\t\t<div class=\"e-con-inner\">\n\t\t\t\t<div class=\"elementor-element elementor-element-6448712 elementor-widget elementor-widget-heading\" data-id=\"6448712\" data-element_type=\"widget\" data-widget_type=\"heading.default\">\n\t\t\t\t<div class=\"elementor-widget-container\">\n\t\t\t\t\t<h2 class=\"elementor-heading-title elementor-size-default\">Historia de B\u00f4la de Lamego<\/h2>\t\t\t\t<\/div>\n\t\t\t\t<\/div>\n\t\t\t\t<div class=\"elementor-element elementor-element-1acb5c3 elementor-widget elementor-widget-text-editor\" data-id=\"1acb5c3\" data-element_type=\"widget\" data-widget_type=\"text-editor.default\">\n\t\t\t\t<div class=\"elementor-widget-container\">\n\t\t\t\t\t\t\t\t\t<p>Corr\u00eda el a\u00f1o 1139&#8230;<br \/>&#8230; la Iglesia de Santa Maria Maior, en Almacave, abri\u00f3 sus puertas para acoger al Rey Afonso Henriques para las legendarias<br \/>se celebraron las legendarias Cortes de Lamego, las primeras en Portugal, identificadas simb\u00f3licamente con la fundaci\u00f3n de la nacionalidad, donde se establecieron las reglas de sucesi\u00f3n al trono y Afonso Henriques fue aclamado primer Rey de Portugal.<\/p><p><br \/>Cuenta la leyenda que fue la primera vez que se produjo la &#8220;B\u00f4la de Lamego&#8221;.<\/p><p><br \/>La ciudad no estaba preparada para la afluencia de tanta gente que se desplaz\u00f3 para asistir a la reuni\u00f3n de las &#8220;Primeras Cortes&#8221; y se hizo necesario alimentar a estas personas y, de forma improvisada, a la harina de trigo producida en la parte alta de la ciudad, a la que se dio el nombre de Seara, tras ser leudada, se le uni\u00f3 carne de cerdo salada, ahumada o al vino de ajo, que, tras ser cocinada en horno de le\u00f1a, dio lugar a uno de los principales manjares gastron\u00f3micos nacionales, cuya excelencia perdura hasta nuestros d\u00edas.<\/p><p>Ya sea jam\u00f3n, salpic\u00e3o, sardinas, bacalao, carne al vino de ajo, jam\u00f3n, paleta ahumada u otras variantes y recetas m\u00e1s modernas, la B\u00f4la de Lamego puede servirse como entrante, aperitivo o incluso comida ligera, siempre acompa\u00f1ada de un buen vino o espumoso de Lamego.<\/p><p>Tras la aclamaci\u00f3n del Rey de Portugal, se dice que los pueblos representados en la reuni\u00f3n de las C\u00f4rtes pronunciaron el &#8220;Grito de Almacave&#8221; en lat\u00edn &#8220;Nos liberi sumus, Rex noster liber est, manus nostrae nos liberverunt&#8221;, que en portugu\u00e9s significa &#8220;Somos libres, nuestro Rey es libre, y nuestras manos nos han liberado&#8221;.<\/p>\t\t\t\t\t\t\t\t<\/div>\n\t\t\t\t<\/div>\n\t\t\t\t\t<\/div>\n\t\t\t\t<\/div>\n\t\t<div class=\"elementor-element elementor-element-cf583cf e-con-full e-flex e-con e-parent\" data-id=\"cf583cf\" data-element_type=\"container\">\n\t\t\t\t<div class=\"elementor-element elementor-element-0da2290 elementor-widget elementor-widget-gallery\" data-id=\"0da2290\" data-element_type=\"widget\" data-settings=\"{&quot;lazyload&quot;:&quot;yes&quot;,&quot;gallery_layout&quot;:&quot;grid&quot;,&quot;columns&quot;:4,&quot;columns_tablet&quot;:2,&quot;columns_mobile&quot;:1,&quot;gap&quot;:{&quot;unit&quot;:&quot;px&quot;,&quot;size&quot;:10,&quot;sizes&quot;:[]},&quot;gap_laptop&quot;:{&quot;unit&quot;:&quot;px&quot;,&quot;size&quot;:10,&quot;sizes&quot;:[]},&quot;gap_tablet&quot;:{&quot;unit&quot;:&quot;px&quot;,&quot;size&quot;:10,&quot;sizes&quot;:[]},&quot;gap_mobile&quot;:{&quot;unit&quot;:&quot;px&quot;,&quot;size&quot;:10,&quot;sizes&quot;:[]},&quot;link_to&quot;:&quot;file&quot;,&quot;aspect_ratio&quot;:&quot;3:2&quot;,&quot;overlay_background&quot;:&quot;yes&quot;,&quot;content_hover_animation&quot;:&quot;fade-in&quot;}\" data-widget_type=\"gallery.default\">\n\t\t\t\t<div class=\"elementor-widget-container\">\n\t\t\t\t\t\t\t<div class=\"elementor-gallery__container\">\n\t\t\t\t\t\t\t<a class=\"e-gallery-item elementor-gallery-item elementor-animated-content\" href=\"https:\/\/discoverdouro.pt\/wp-content\/uploads\/2024\/01\/Bola1.jpg\" data-elementor-open-lightbox=\"yes\" data-elementor-lightbox-slideshow=\"0da2290\" data-elementor-lightbox-title=\"B\u00f4la1\" data-e-action-hash=\"#elementor-action%3Aaction%3Dlightbox%26settings%3DeyJpZCI6NDM3MzAsInVybCI6Imh0dHBzOlwvXC9kaXNjb3ZlcmRvdXJvLnB0XC93cC1jb250ZW50XC91cGxvYWRzXC8yMDI0XC8wMVwvQm9sYTEuanBnIiwic2xpZGVzaG93IjoiMGRhMjI5MCJ9\">\n\t\t\t\t\t<div class=\"e-gallery-image elementor-gallery-item__image\" data-thumbnail=\"https:\/\/discoverdouro.pt\/wp-content\/uploads\/2024\/01\/Bola1.jpg\" data-width=\"2292\" data-height=\"1325\" aria-label=\"\" role=\"img\" ><\/div>\n\t\t\t\t\t\t\t\t\t\t\t<div class=\"elementor-gallery-item__overlay\"><\/div>\n\t\t\t\t\t\t\t\t\t\t\t\t\t\t<\/a>\n\t\t\t\t\t\t\t<a class=\"e-gallery-item elementor-gallery-item elementor-animated-content\" href=\"https:\/\/discoverdouro.pt\/wp-content\/uploads\/2024\/01\/Bola2.jpg\" data-elementor-open-lightbox=\"yes\" data-elementor-lightbox-slideshow=\"0da2290\" data-elementor-lightbox-title=\"B\u00f4la2\" data-e-action-hash=\"#elementor-action%3Aaction%3Dlightbox%26settings%3DeyJpZCI6NDM3MzQsInVybCI6Imh0dHBzOlwvXC9kaXNjb3ZlcmRvdXJvLnB0XC93cC1jb250ZW50XC91cGxvYWRzXC8yMDI0XC8wMVwvQm9sYTIuanBnIiwic2xpZGVzaG93IjoiMGRhMjI5MCJ9\">\n\t\t\t\t\t<div class=\"e-gallery-image elementor-gallery-item__image\" data-thumbnail=\"https:\/\/discoverdouro.pt\/wp-content\/uploads\/2024\/01\/Bola2.jpg\" data-width=\"1902\" data-height=\"1084\" aria-label=\"\" role=\"img\" ><\/div>\n\t\t\t\t\t\t\t\t\t\t\t<div class=\"elementor-gallery-item__overlay\"><\/div>\n\t\t\t\t\t\t\t\t\t\t\t\t\t\t<\/a>\n\t\t\t\t\t\t\t<a class=\"e-gallery-item elementor-gallery-item elementor-animated-content\" href=\"https:\/\/discoverdouro.pt\/wp-content\/uploads\/2024\/01\/Bola3.jpg\" data-elementor-open-lightbox=\"yes\" data-elementor-lightbox-slideshow=\"0da2290\" data-elementor-lightbox-title=\"B\u00f4la3\" data-e-action-hash=\"#elementor-action%3Aaction%3Dlightbox%26settings%3DeyJpZCI6NDM3MzgsInVybCI6Imh0dHBzOlwvXC9kaXNjb3ZlcmRvdXJvLnB0XC93cC1jb250ZW50XC91cGxvYWRzXC8yMDI0XC8wMVwvQm9sYTMuanBnIiwic2xpZGVzaG93IjoiMGRhMjI5MCJ9\">\n\t\t\t\t\t<div class=\"e-gallery-image elementor-gallery-item__image\" data-thumbnail=\"https:\/\/discoverdouro.pt\/wp-content\/uploads\/2024\/01\/Bola3.jpg\" data-width=\"1460\" data-height=\"782\" aria-label=\"\" role=\"img\" ><\/div>\n\t\t\t\t\t\t\t\t\t\t\t<div class=\"elementor-gallery-item__overlay\"><\/div>\n\t\t\t\t\t\t\t\t\t\t\t\t\t\t<\/a>\n\t\t\t\t\t\t\t<a class=\"e-gallery-item elementor-gallery-item elementor-animated-content\" href=\"https:\/\/discoverdouro.pt\/wp-content\/uploads\/2024\/01\/Bolo4.jpg\" data-elementor-open-lightbox=\"yes\" data-elementor-lightbox-slideshow=\"0da2290\" data-elementor-lightbox-title=\"B\u00f4lo4\" data-e-action-hash=\"#elementor-action%3Aaction%3Dlightbox%26settings%3DeyJpZCI6NDM3NDIsInVybCI6Imh0dHBzOlwvXC9kaXNjb3ZlcmRvdXJvLnB0XC93cC1jb250ZW50XC91cGxvYWRzXC8yMDI0XC8wMVwvQm9sbzQuanBnIiwic2xpZGVzaG93IjoiMGRhMjI5MCJ9\">\n\t\t\t\t\t<div class=\"e-gallery-image elementor-gallery-item__image\" data-thumbnail=\"https:\/\/discoverdouro.pt\/wp-content\/uploads\/2024\/01\/Bolo4.jpg\" data-width=\"2022\" data-height=\"1173\" aria-label=\"\" role=\"img\" ><\/div>\n\t\t\t\t\t\t\t\t\t\t\t<div class=\"elementor-gallery-item__overlay\"><\/div>\n\t\t\t\t\t\t\t\t\t\t\t\t\t\t<\/a>\n\t\t\t\t\t<\/div>\n\t\t\t\t\t<\/div>\n\t\t\t\t<\/div>\n\t\t\t\t<\/div>\n\t\t<div class=\"elementor-element elementor-element-95d55ad e-flex e-con-boxed e-con e-parent\" data-id=\"95d55ad\" data-element_type=\"container\">\n\t\t\t\t\t<div class=\"e-con-inner\">\n\t\t\t\t<div class=\"elementor-element elementor-element-d50d821 elementor-widget elementor-widget-heading\" data-id=\"d50d821\" data-element_type=\"widget\" data-widget_type=\"heading.default\">\n\t\t\t\t<div class=\"elementor-widget-container\">\n\t\t\t\t\t<h3 class=\"elementor-heading-title elementor-size-default\">Otros productos representativos<\/h3>\t\t\t\t<\/div>\n\t\t\t\t<\/div>\n\t\t<div class=\"elementor-element elementor-element-4ab7a3c e-flex e-con-boxed e-con e-child\" data-id=\"4ab7a3c\" data-element_type=\"container\">\n\t\t\t\t\t<div class=\"e-con-inner\">\n\t\t\t\t<div class=\"elementor-element elementor-element-01b2a13 elementor-icon-list--layout-inline elementor-align-center elementor-list-item-link-full_width elementor-widget elementor-widget-icon-list\" data-id=\"01b2a13\" data-element_type=\"widget\" data-widget_type=\"icon-list.default\">\n\t\t\t\t<div class=\"elementor-widget-container\">\n\t\t\t\t\t\t\t<ul class=\"elementor-icon-list-items elementor-inline-items\">\n\t\t\t\t\t\t\t<li class=\"elementor-icon-list-item elementor-inline-item\">\n\t\t\t\t\t\t\t\t\t\t<span class=\"elementor-icon-list-text\">Vino de Oporto<\/span>\n\t\t\t\t\t\t\t\t\t<\/li>\n\t\t\t\t\t\t\t\t<li class=\"elementor-icon-list-item elementor-inline-item\">\n\t\t\t\t\t\t\t\t\t\t<span class=\"elementor-icon-list-text\">Vino de mesa<\/span>\n\t\t\t\t\t\t\t\t\t<\/li>\n\t\t\t\t\t\t\t\t<li class=\"elementor-icon-list-item elementor-inline-item\">\n\t\t\t\t\t\t\t\t\t\t<span class=\"elementor-icon-list-text\">Vino espumoso<\/span>\n\t\t\t\t\t\t\t\t\t<\/li>\n\t\t\t\t\t\t\t\t<li class=\"elementor-icon-list-item elementor-inline-item\">\n\t\t\t\t\t\t\t\t\t\t<span class=\"elementor-icon-list-text\">Cereza<\/span>\n\t\t\t\t\t\t\t\t\t<\/li>\n\t\t\t\t\t\t\t\t<li class=\"elementor-icon-list-item elementor-inline-item\">\n\t\t\t\t\t\t\t\t\t\t<span class=\"elementor-icon-list-text\">Jam\u00f3n<\/span>\n\t\t\t\t\t\t\t\t\t<\/li>\n\t\t\t\t\t\t\t\t<li class=\"elementor-icon-list-item elementor-inline-item\">\n\t\t\t\t\t\t\t\t\t\t<span class=\"elementor-icon-list-text\">Embutidos<\/span>\n\t\t\t\t\t\t\t\t\t<\/li>\n\t\t\t\t\t\t\t\t<li class=\"elementor-icon-list-item elementor-inline-item\">\n\t\t\t\t\t\t\t\t\t\t<span class=\"elementor-icon-list-text\">M\u00e1scara de Lazarim<\/span>\n\t\t\t\t\t\t\t\t\t<\/li>\n\t\t\t\t\t\t\t\t<li class=\"elementor-icon-list-item elementor-inline-item\">\n\t\t\t\t\t\t\t\t\t\t<span class=\"elementor-icon-list-text\">Biscoito da Teixeira<\/span>\n\t\t\t\t\t\t\t\t\t<\/li>\n\t\t\t\t\t\t\t\t<li class=\"elementor-icon-list-item elementor-inline-item\">\n\t\t\t\t\t\t\t\t\t\t<span class=\"elementor-icon-list-text\">Lamegos (dulces)<\/span>\n\t\t\t\t\t\t\t\t\t<\/li>\n\t\t\t\t\t\t\t\t<li class=\"elementor-icon-list-item elementor-inline-item\">\n\t\t\t\t\t\t\t\t\t\t<span class=\"elementor-icon-list-text\">Tarta de Lamego<\/span>\n\t\t\t\t\t\t\t\t\t<\/li>\n\t\t\t\t\t\t<\/ul>\n\t\t\t\t\t\t<\/div>\n\t\t\t\t<\/div>\n\t\t\t\t\t<\/div>\n\t\t\t\t<\/div>\n\t\t\t\t\t<\/div>\n\t\t\t\t<\/div>\n\t\t<div class=\"elementor-element elementor-element-c839d84 e-flex e-con-boxed e-con e-parent\" data-id=\"c839d84\" data-element_type=\"container\">\n\t\t\t\t\t<div class=\"e-con-inner\">\n\t\t\t\t<div class=\"elementor-element elementor-element-642139b elementor-widget elementor-widget-heading\" data-id=\"642139b\" data-element_type=\"widget\" data-widget_type=\"heading.default\">\n\t\t\t\t<div class=\"elementor-widget-container\">\n\t\t\t\t\t<h3 class=\"elementor-heading-title elementor-size-default\">La riqueza gastron\u00f3mica de Lamego<\/h3>\t\t\t\t<\/div>\n\t\t\t\t<\/div>\n\t\t<div class=\"elementor-element elementor-element-2fe0930 e-flex e-con-boxed e-con e-child\" data-id=\"2fe0930\" data-element_type=\"container\">\n\t\t\t\t\t<div class=\"e-con-inner\">\n\t\t\t\t<div class=\"elementor-element elementor-element-b961adb elementor-widget elementor-widget-text-editor\" data-id=\"b961adb\" data-element_type=\"widget\" data-widget_type=\"text-editor.default\">\n\t\t\t\t<div class=\"elementor-widget-container\">\n\t\t\t\t\t\t\t\t\t<p>Tierra de sabores y tradiciones, Lamego posee una gastronom\u00eda \u00fanica, un para\u00edso de buena y diversa comida, desde platos a dulces tradicionales.<\/p>\n<p>El conejo de monte, as\u00ed como los deliciosos bocadillos de jam\u00f3n, los embutidos de cerdo, el Biscoito da Teixeira, los &#8220;Lamegos&#8221;, entre otros, y las jugosas frutas que se encuentran en los huertos que se extienden hasta donde alcanza la vista a lo largo de las soleadas laderas de las tierras del Duero, son s\u00f3lo algunos de los manjares que har\u00e1n las delicias del cliente m\u00e1s exigente.<\/p>\n<p>Sin embargo, el plato principal es el cabrito asado con arroz al horno y patatas asadas.<\/p>\n<p>Ingredientes: Cabrito, patatas redondas, ajo, laurel, piment\u00f3n, perejil, vino blanco, aceite de oliva, manteca de cerdo y sal.<\/p>\n<p>Una vez bien limpio el cabrito, retirar el exceso de grasa que cubre la piel.<br>En un bol, a\u00f1adir el ajo machacado, el laurel, el piment\u00f3n, el aceite de oliva, la manteca de cerdo y la sal gorda para sazonar la carne.<\/p>\n<p>Untar el cabrito con el condimento en una asadera de barro, a\u00f1adir la ramita de perejil y el vino blanco al cabrito y dejar marinar toda la noche.<br>Al d\u00eda siguiente, meter la fuente en el horno y a\u00f1adir el vino y el perejil.<\/p>\n<p>Pelar las patatas y hervirlas enteras en agua con sal durante unos 10 minutos.<\/p>\n<p>Cuando el cabrito est\u00e9 casi cocido, repartir las patatas por la bandeja de asar y ba\u00f1arlas con la salsa de la bandeja.<\/p>\n<p>La sabidur\u00eda combinada con el arte de la buena cocina y acompa\u00f1ada de un buen vino espirituoso o un excelente vino espumoso, dan a la gastronom\u00eda lamecana su autenticidad y sabor. requinte a qualquer refei\u00e7\u00e3o.<\/p>\t\t\t\t\t\t\t\t<\/div>\n\t\t\t\t<\/div>\n\t\t\t\t\t<\/div>\n\t\t\t\t<\/div>\n\t\t\t\t\t<\/div>\n\t\t\t\t<\/div>\n\t\t\t\t<\/div>\n\t\t","protected":false},"excerpt":{"rendered":"<p>Sabores y Conocimientos Lamego Historia de B\u00f4la de Lamego Corr\u00eda el a\u00f1o 1139&#8230;&#8230; la Iglesia de Santa Maria Maior, en Almacave, abri\u00f3 sus puertas para acoger al Rey Afonso Henriques para las legendariasse celebraron las legendarias Cortes de Lamego, las primeras en Portugal, identificadas simb\u00f3licamente con la fundaci\u00f3n de la nacionalidad, donde se establecieron las [&hellip;]<\/p>\n","protected":false},"author":41,"featured_media":0,"parent":0,"menu_order":0,"comment_status":"closed","ping_status":"closed","template":"","meta":{"footnotes":""},"class_list":["post-44776","page","type-page","status-publish","hentry"],"acf":[],"yoast_head":"<!-- This site is optimized with the Yoast SEO plugin v26.2 - https:\/\/yoast.com\/wordpress\/plugins\/seo\/ -->\n<title>Sabores y Conocimientos Lamego - Discover Douro<\/title>\n<meta name=\"robots\" content=\"index, follow, max-snippet:-1, max-image-preview:large, max-video-preview:-1\" \/>\n<link rel=\"canonical\" href=\"https:\/\/discoverdouro.pt\/es\/sabores-y-conocimientos-lamego\" \/>\n<meta property=\"og:locale\" content=\"es_ES\" \/>\n<meta property=\"og:type\" content=\"article\" \/>\n<meta property=\"og:title\" content=\"Sabores y Conocimientos Lamego - Discover Douro\" \/>\n<meta property=\"og:description\" content=\"Sabores y Conocimientos Lamego Historia de B\u00f4la de Lamego Corr\u00eda el a\u00f1o 1139&#8230;&#8230; la Iglesia de Santa Maria Maior, en Almacave, abri\u00f3 sus puertas para acoger al Rey Afonso Henriques para las legendariasse celebraron las legendarias Cortes de Lamego, las primeras en Portugal, identificadas simb\u00f3licamente con la fundaci\u00f3n de la nacionalidad, donde se establecieron las [&hellip;]\" \/>\n<meta property=\"og:url\" content=\"https:\/\/discoverdouro.pt\/es\/sabores-y-conocimientos-lamego\" \/>\n<meta property=\"og:site_name\" content=\"Discover Douro\" \/>\n<meta property=\"article:publisher\" content=\"https:\/\/www.facebook.com\/profile.php?id=61555234744391\" \/>\n<meta property=\"article:modified_time\" content=\"2024-01-22T13:54:13+00:00\" \/>\n<meta property=\"og:image\" content=\"https:\/\/discoverdouro.pt\/wp-content\/uploads\/2024\/01\/Moncorvo_Praia-Fluvial-Foz-do-Sabor12-scaled.jpg\" \/>\n\t<meta property=\"og:image:width\" content=\"2560\" \/>\n\t<meta property=\"og:image:height\" content=\"1920\" \/>\n\t<meta property=\"og:image:type\" content=\"image\/jpeg\" \/>\n<meta name=\"twitter:card\" content=\"summary_large_image\" \/>\n<meta name=\"twitter:site\" content=\"@DiscoverDouro\" \/>\n<meta name=\"twitter:label1\" content=\"Est. reading time\" \/>\n\t<meta name=\"twitter:data1\" content=\"3 minutes\" \/>\n<script type=\"application\/ld+json\" class=\"yoast-schema-graph\">{\"@context\":\"https:\/\/schema.org\",\"@graph\":[{\"@type\":\"WebPage\",\"@id\":\"https:\/\/discoverdouro.pt\/es\/sabores-y-conocimientos-lamego\",\"url\":\"https:\/\/discoverdouro.pt\/es\/sabores-y-conocimientos-lamego\",\"name\":\"Sabores y Conocimientos Lamego - Discover Douro\",\"isPartOf\":{\"@id\":\"https:\/\/discoverdouro.pt\/es#website\"},\"datePublished\":\"2024-01-05T13:20:37+00:00\",\"dateModified\":\"2024-01-22T13:54:13+00:00\",\"breadcrumb\":{\"@id\":\"https:\/\/discoverdouro.pt\/es\/sabores-y-conocimientos-lamego#breadcrumb\"},\"inLanguage\":\"es\",\"potentialAction\":[{\"@type\":\"ReadAction\",\"target\":[\"https:\/\/discoverdouro.pt\/es\/sabores-y-conocimientos-lamego\"]}]},{\"@type\":\"BreadcrumbList\",\"@id\":\"https:\/\/discoverdouro.pt\/es\/sabores-y-conocimientos-lamego#breadcrumb\",\"itemListElement\":[{\"@type\":\"ListItem\",\"position\":1,\"name\":\"Home\",\"item\":\"https:\/\/discoverdouro.pt\/es\"},{\"@type\":\"ListItem\",\"position\":2,\"name\":\"Sabores y Conocimientos Lamego\"}]},{\"@type\":\"WebSite\",\"@id\":\"https:\/\/discoverdouro.pt\/es#website\",\"url\":\"https:\/\/discoverdouro.pt\/es\",\"name\":\"Discover Douro\",\"description\":\"O Para\u00edso de Portugal\",\"publisher\":{\"@id\":\"https:\/\/discoverdouro.pt\/es#organization\"},\"potentialAction\":[{\"@type\":\"SearchAction\",\"target\":{\"@type\":\"EntryPoint\",\"urlTemplate\":\"https:\/\/discoverdouro.pt\/es?s={search_term_string}\"},\"query-input\":{\"@type\":\"PropertyValueSpecification\",\"valueRequired\":true,\"valueName\":\"search_term_string\"}}],\"inLanguage\":\"es\"},{\"@type\":\"Organization\",\"@id\":\"https:\/\/discoverdouro.pt\/es#organization\",\"name\":\"Discover Douro\",\"url\":\"https:\/\/discoverdouro.pt\/es\",\"logo\":{\"@type\":\"ImageObject\",\"inLanguage\":\"es\",\"@id\":\"https:\/\/discoverdouro.pt\/es#\/schema\/logo\/image\/\",\"url\":\"https:\/\/www.discoverdouro.pt\/wp-content\/uploads\/2024\/01\/cropped-Icon_Discover.png\",\"contentUrl\":\"https:\/\/www.discoverdouro.pt\/wp-content\/uploads\/2024\/01\/cropped-Icon_Discover.png\",\"width\":512,\"height\":512,\"caption\":\"Discover Douro\"},\"image\":{\"@id\":\"https:\/\/discoverdouro.pt\/es#\/schema\/logo\/image\/\"},\"sameAs\":[\"https:\/\/www.facebook.com\/profile.php?id=61555234744391\",\"https:\/\/x.com\/DiscoverDouro\",\"https:\/\/www.instagram.com\/discover.douro\",\"https:\/\/www.tiktok.com\/@discoverdouro\",\"https:\/\/www.linkedin.com\/company\/discover-douro\/\"]}]}<\/script>\n<!-- \/ Yoast SEO plugin. -->","yoast_head_json":{"title":"Sabores y Conocimientos Lamego - Discover Douro","robots":{"index":"index","follow":"follow","max-snippet":"max-snippet:-1","max-image-preview":"max-image-preview:large","max-video-preview":"max-video-preview:-1"},"canonical":"https:\/\/discoverdouro.pt\/es\/sabores-y-conocimientos-lamego","og_locale":"es_ES","og_type":"article","og_title":"Sabores y Conocimientos Lamego - Discover Douro","og_description":"Sabores y Conocimientos Lamego Historia de B\u00f4la de Lamego Corr\u00eda el a\u00f1o 1139&#8230;&#8230; la Iglesia de Santa Maria Maior, en Almacave, abri\u00f3 sus puertas para acoger al Rey Afonso Henriques para las legendariasse celebraron las legendarias Cortes de Lamego, las primeras en Portugal, identificadas simb\u00f3licamente con la fundaci\u00f3n de la nacionalidad, donde se establecieron las [&hellip;]","og_url":"https:\/\/discoverdouro.pt\/es\/sabores-y-conocimientos-lamego","og_site_name":"Discover Douro","article_publisher":"https:\/\/www.facebook.com\/profile.php?id=61555234744391","article_modified_time":"2024-01-22T13:54:13+00:00","og_image":[{"width":2560,"height":1920,"url":"https:\/\/discoverdouro.pt\/wp-content\/uploads\/2024\/01\/Moncorvo_Praia-Fluvial-Foz-do-Sabor12-scaled.jpg","type":"image\/jpeg"}],"twitter_card":"summary_large_image","twitter_site":"@DiscoverDouro","twitter_misc":{"Est. reading time":"3 minutes"},"schema":{"@context":"https:\/\/schema.org","@graph":[{"@type":"WebPage","@id":"https:\/\/discoverdouro.pt\/es\/sabores-y-conocimientos-lamego","url":"https:\/\/discoverdouro.pt\/es\/sabores-y-conocimientos-lamego","name":"Sabores y Conocimientos Lamego - Discover Douro","isPartOf":{"@id":"https:\/\/discoverdouro.pt\/es#website"},"datePublished":"2024-01-05T13:20:37+00:00","dateModified":"2024-01-22T13:54:13+00:00","breadcrumb":{"@id":"https:\/\/discoverdouro.pt\/es\/sabores-y-conocimientos-lamego#breadcrumb"},"inLanguage":"es","potentialAction":[{"@type":"ReadAction","target":["https:\/\/discoverdouro.pt\/es\/sabores-y-conocimientos-lamego"]}]},{"@type":"BreadcrumbList","@id":"https:\/\/discoverdouro.pt\/es\/sabores-y-conocimientos-lamego#breadcrumb","itemListElement":[{"@type":"ListItem","position":1,"name":"Home","item":"https:\/\/discoverdouro.pt\/es"},{"@type":"ListItem","position":2,"name":"Sabores y Conocimientos Lamego"}]},{"@type":"WebSite","@id":"https:\/\/discoverdouro.pt\/es#website","url":"https:\/\/discoverdouro.pt\/es","name":"Discover Douro","description":"O Para\u00edso de Portugal","publisher":{"@id":"https:\/\/discoverdouro.pt\/es#organization"},"potentialAction":[{"@type":"SearchAction","target":{"@type":"EntryPoint","urlTemplate":"https:\/\/discoverdouro.pt\/es?s={search_term_string}"},"query-input":{"@type":"PropertyValueSpecification","valueRequired":true,"valueName":"search_term_string"}}],"inLanguage":"es"},{"@type":"Organization","@id":"https:\/\/discoverdouro.pt\/es#organization","name":"Discover Douro","url":"https:\/\/discoverdouro.pt\/es","logo":{"@type":"ImageObject","inLanguage":"es","@id":"https:\/\/discoverdouro.pt\/es#\/schema\/logo\/image\/","url":"https:\/\/www.discoverdouro.pt\/wp-content\/uploads\/2024\/01\/cropped-Icon_Discover.png","contentUrl":"https:\/\/www.discoverdouro.pt\/wp-content\/uploads\/2024\/01\/cropped-Icon_Discover.png","width":512,"height":512,"caption":"Discover Douro"},"image":{"@id":"https:\/\/discoverdouro.pt\/es#\/schema\/logo\/image\/"},"sameAs":["https:\/\/www.facebook.com\/profile.php?id=61555234744391","https:\/\/x.com\/DiscoverDouro","https:\/\/www.instagram.com\/discover.douro","https:\/\/www.tiktok.com\/@discoverdouro","https:\/\/www.linkedin.com\/company\/discover-douro\/"]}]}},"_links":{"self":[{"href":"https:\/\/discoverdouro.pt\/es\/wp-json\/wp\/v2\/pages\/44776","targetHints":{"allow":["GET"]}}],"collection":[{"href":"https:\/\/discoverdouro.pt\/es\/wp-json\/wp\/v2\/pages"}],"about":[{"href":"https:\/\/discoverdouro.pt\/es\/wp-json\/wp\/v2\/types\/page"}],"author":[{"embeddable":true,"href":"https:\/\/discoverdouro.pt\/es\/wp-json\/wp\/v2\/users\/41"}],"replies":[{"embeddable":true,"href":"https:\/\/discoverdouro.pt\/es\/wp-json\/wp\/v2\/comments?post=44776"}],"version-history":[{"count":16,"href":"https:\/\/discoverdouro.pt\/es\/wp-json\/wp\/v2\/pages\/44776\/revisions"}],"predecessor-version":[{"id":46674,"href":"https:\/\/discoverdouro.pt\/es\/wp-json\/wp\/v2\/pages\/44776\/revisions\/46674"}],"wp:attachment":[{"href":"https:\/\/discoverdouro.pt\/es\/wp-json\/wp\/v2\/media?parent=44776"}],"curies":[{"name":"wp","href":"https:\/\/api.w.org\/{rel}","templated":true}]}}