{"id":45220,"date":"2024-01-05T16:40:54","date_gmt":"2024-01-05T16:40:54","guid":{"rendered":"https:\/\/www.discoverdouro.pt\/?page_id=45220"},"modified":"2024-01-19T13:04:13","modified_gmt":"2024-01-19T13:04:13","slug":"politica-de-privacidad","status":"publish","type":"page","link":"https:\/\/discoverdouro.pt\/es\/politica-de-privacidad","title":{"rendered":"Pol\u00edtica de privacidad"},"content":{"rendered":"\t\t<div data-elementor-type=\"wp-page\" data-elementor-id=\"45220\" class=\"elementor elementor-45220 elementor-43862\" data-elementor-post-type=\"page\">\n\t\t\t\t\t\t<section class=\"elementor-section elementor-top-section elementor-element elementor-element-098e5d8 elementor-section-stretched elementor-section-boxed elementor-section-height-default elementor-section-height-default\" data-id=\"098e5d8\" data-element_type=\"section\" data-settings=\"{&quot;stretch_section&quot;:&quot;section-stretched&quot;,&quot;background_background&quot;:&quot;classic&quot;}\">\n\t\t\t\t\t\t\t<div class=\"elementor-background-overlay\"><\/div>\n\t\t\t\t\t\t\t<div class=\"elementor-container elementor-column-gap-default\">\n\t\t\t\t\t<div class=\"elementor-column elementor-col-100 elementor-top-column elementor-element elementor-element-34930aa\" data-id=\"34930aa\" data-element_type=\"column\">\n\t\t\t<div class=\"elementor-widget-wrap elementor-element-populated\">\n\t\t\t\t\t\t<div class=\"elementor-element elementor-element-bd038d0 elementor-widget elementor-widget-heading\" data-id=\"bd038d0\" data-element_type=\"widget\" data-widget_type=\"heading.default\">\n\t\t\t\t<div class=\"elementor-widget-container\">\n\t\t\t\t\t<h1 class=\"elementor-heading-title elementor-size-default\">Pol\u00edtica de privacidad<\/h1>\t\t\t\t<\/div>\n\t\t\t\t<\/div>\n\t\t\t\t\t<\/div>\n\t\t<\/div>\n\t\t\t\t\t<\/div>\n\t\t<\/section>\n\t\t<div class=\"elementor-element elementor-element-696e01c e-flex e-con-boxed e-con e-parent\" data-id=\"696e01c\" data-element_type=\"container\">\n\t\t\t\t\t<div class=\"e-con-inner\">\n\t\t\t\t<div class=\"elementor-element elementor-element-04f41ba elementor-widget elementor-widget-text-editor\" data-id=\"04f41ba\" data-element_type=\"widget\" data-widget_type=\"text-editor.default\">\n\t\t\t\t<div class=\"elementor-widget-container\">\n\t\t\t\t\t\t\t\t\t<p><strong>La Plataforma Digital Discover Douro est\u00e1 compuesta por el sitio web, la versi\u00f3n m\u00f3vil del sitio web y la aplicaci\u00f3n m\u00f3vil (para Android e IOS).<\/strong><\/p><p><strong>El sitio web, la versi\u00f3n m\u00f3vil del sitio web y la aplicaci\u00f3n m\u00f3vil Discover Douro se denominan en lo sucesivo, de forma conjunta e indiferente, la &#8220;Plataforma&#8221;.<\/strong><\/p><p><strong>Por favor, lea atentamente nuestra Pol\u00edtica de Privacidad antes de utilizar la Plataforma.<\/strong><\/p><p>La Comunidad Intermunicipal del Duero (en adelante, CIMDOURO) reconoce, valora, respeta y defiende su derecho a la privacidad y, por lo tanto, sigue esta Pol\u00edtica de Privacidad, que rige la recopilaci\u00f3n y el uso de informaci\u00f3n personal a trav\u00e9s de la Plataforma.<\/p><p>Con la entrada en vigor el 25 de mayo de 2018, en todos los Estados miembros de la Uni\u00f3n Europea, del Reglamento (UE) 2016\/679 del Parlamento Europeo y del Consejo, de 27 de abril de 2016 (Reglamento General de Protecci\u00f3n de Datos &#8211; RGPD), se hace necesario dar a conocer la Pol\u00edtica de Tratamiento de Datos Personales de esta Comunidad, que sustenta el compromiso de CIMDOURO con el cumplimiento de las normas de protecci\u00f3n de datos personales.<\/p><p>Por lo tanto, esta Pol\u00edtica establece las bases sobre las que se procesa cualquier dato personal obtenido o proporcionado por los respectivos titulares en este portal y\/o en las plataformas gestionadas por CIMDOURO. El t\u00e9rmino &#8220;datos personales&#8221;, tal y como se utiliza en esta Pol\u00edtica, hace referencia a determinada informaci\u00f3n como el nombre, la direcci\u00f3n de correo electr\u00f3nico, la direcci\u00f3n, el n\u00famero de tel\u00e9fono o cualquier otra informaci\u00f3n que pueda utilizarse para identificar al titular de los datos. Para navegar por las \u00e1reas p\u00fablicas de este portal no es necesario facilitar informaci\u00f3n personal.<\/p><p>Al registrarse en las plataformas gestionadas por CIMDOURO y\/o facilitar cualquier dato de car\u00e1cter personal, el interesado est\u00e1 dando libremente su consentimiento expreso para que los datos personales facilitados sean tratados con las finalidades y en los t\u00e9rminos descritos en esta Pol\u00edtica y de conformidad con las disposiciones legales y reglamentarias vigentes en materia de datos personales<\/p><p>Debe consultar peri\u00f3dicamente esta Pol\u00edtica de Privacidad para comprobar si se han producido cambios. Si tiene alguna pregunta sobre la Pol\u00edtica de Privacidad, p\u00f3ngase en contacto con nosotros en correio@cimdouro.pt. Si no est\u00e1 de acuerdo con esta Pol\u00edtica de Privacidad, no est\u00e1 autorizado a utilizar la Plataforma y debe abandonarla inmediatamente.<\/p><h4>Obtenci\u00f3n de informaci\u00f3n personal<\/h4><p>Los usuarios no registrados s\u00f3lo podr\u00e1n aprovechar las funciones de la Plataforma que no requieran el registro del usuario, y se obtendr\u00e1 la siguiente informaci\u00f3n para los usuarios no registrados de la Plataforma:<\/p><ul><li>Direcci\u00f3n IP;<\/li><li>cookies;<\/li><li>Google Analytics;<\/li><li>Geolocalizaci\u00f3n y tiempos de permanencia;<\/li><li>Interacci\u00f3n con redes sociales y plataformas externas: Facebook, Twitter y Google+; Instagram, You Tube<br \/>clics.<\/li><\/ul><p>Los usuarios registrados disfrutan del uso completo de todas las funciones de la Plataforma, y se obtiene la siguiente informaci\u00f3n relativa a los usuarios registrados de la Plataforma, adem\u00e1s de la ya mencionada anteriormente:<\/p><ul><li>Informaci\u00f3n personal en forma de datos introducidos manualmente por el usuario, como nombre, nacionalidad, fecha de nacimiento, intereses, fecha de inicio y fin del viaje y personas que acompa\u00f1an al usuario en el viaje;<\/li><li>Me gusta e intereses de Facebook y otras redes sociales<\/li><li>Actividades realizadas y lugares visitados (lugares de estancia f\u00edsica\/presencial del usuario y duraci\u00f3n de dicha estancia);<\/li><li>Fecha de utilizaci\u00f3n de las distintas funcionalidades de la Plataforma;<\/li><li>Actividades elegidas\/planificadas a trav\u00e9s de la Plataforma;<\/li><li>Actividades reservadas a trav\u00e9s de la Plataforma, fecha de reserva y fecha de realizaci\u00f3n de la actividad;<\/li><li>Uso de las diversas funcionalidades de la Plataforma y actividades seleccionadas.<\/li><\/ul><p>Algunos de los datos de car\u00e1cter personal son obligatorios para poder prestar el servicio y\/o informaci\u00f3n de que se trate. CIMDOURO le informar\u00e1 de esta obligaci\u00f3n y, en caso de que los datos requeridos no se faciliten o se faciliten de forma incorrecta, CIMDOURO no podr\u00e1 prestar el servicio y\/o facilitar la informaci\u00f3n solicitada. El suministro de datos incorrectos o inexactos es responsabilidad exclusiva del interesado.<\/p><h4>Uso de la informaci\u00f3n personal<\/h4><p>La informaci\u00f3n personal de los usuarios se utiliza para ayudarles a planificar su viaje, obtener sugerencias (recomendaci\u00f3n de experiencias e indicaci\u00f3n de itinerarios recomendados) y gestionar las actividades que elijan realizar, mejorando y enriqueciendo su experiencia de visita al Duero.<\/p><p>La Plataforma tambi\u00e9n utiliza los datos personales de los usuarios para tratamientos estad\u00edsticos no nominativos, con el objetivo de elaborar informes, estudios y\/o an\u00e1lisis estad\u00edsticos, sin posibilidad de identificar individualmente a los usuarios. Este tratamiento de datos y la elaboraci\u00f3n de modelos basados en esta informaci\u00f3n podr\u00e1n ser realizados por proveedores externos.<\/p><p>Los informes, estudios y\/o an\u00e1lisis estad\u00edsticos elaborados a partir de la informaci\u00f3n recogida por la Plataforma podr\u00e1n ser puestos a disposici\u00f3n de terceros, de forma gratuita u onerosa, sin posibilidad de identificar individualmente a los usuarios.<\/p><p>En caso de que CIMDOURO est\u00e9 legalmente obligado a cooperar con las autoridades judiciales o administrativas y tenga que revelar informaci\u00f3n personal de los usuarios de la Plataforma, s\u00f3lo facilitar\u00e1 la informaci\u00f3n solicitada o aquella que est\u00e9 justificada en el marco del proceso judicial o administrativo. Los datos personales de los usuarios tambi\u00e9n podr\u00e1n ser facilitados a las autoridades oficiales en el marco de un procedimiento judicial o administrativo si ello resulta necesario para eliminar o reducir la responsabilidad penal o civil de CIMDOURO o es conveniente para la defensa de sus derechos.<\/p><p>CIMDOURO ha adoptado procedimientos de seguridad para proteger la informaci\u00f3n personal proporcionada por los usuarios de la Plataforma. Se utilizan procedimientos para proteger la informaci\u00f3n personal almacenada contra el acceso no autorizado, como contrase\u00f1as y certificados de seguridad HTTPS, as\u00ed como medidas t\u00e9cnicas y organizativas para evitar el tratamiento no autorizado o il\u00edcito de la informaci\u00f3n personal y contra la p\u00e9rdida o destrucci\u00f3n, incluso accidental. No obstante, CIMDOURO no puede garantizar la seguridad absoluta de la informaci\u00f3n personal facilitada por los usuarios de la Plataforma.<\/p><p>La Plataforma est\u00e1 destinada a ser utilizada \u00fanicamente por adultos, por lo que si una persona menor de 18 a\u00f1os introduce datos personales en la Plataforma, \u00e9stos s\u00f3lo se utilizar\u00e1n para contactar directamente con esa persona e informarle de que no puede utilizar la Plataforma por ser menor de edad.<\/p><p>Los menores de 16 a\u00f1os deben obtener la autorizaci\u00f3n de sus padres o tutores antes de acceder o facilitar datos personales en el portal.<\/p><p>Es responsabilidad de sus padres o tutores legales identificar los contenidos y p\u00e1ginas a las que acceden los menores de 16 a\u00f1os.<\/p><p>Para comprobar y modificar los datos personales facilitados al registrarse como usuario de la Plataforma, en particular para corregir datos incorrectos o actualizarlos, deber\u00e1 utilizar la configuraci\u00f3n de su cuenta personal en la Plataforma.<\/p><h4>Hiperv\u00ednculos a terceros<\/h4><p>Esta plataforma contiene diversos hiperv\u00ednculos a otros sitios web nacionales y extranjeros.<\/p><p>La inclusi\u00f3n de hiperenlaces (enlaces electr\u00f3nicos) a otros sitios no debe interpretarse como una oferta por parte de CIMDOURO de los contenidos o servicios del portal, ni como una garant\u00eda de su calidad o veracidad. Al acceder a estos sitios, el usuario reconoce que CIMDOURO no es responsable de la pol\u00edtica de seguridad, privacidad, forma, contenido o pr\u00e1cticas de estos sitios, y que el uso de los servicios y la informaci\u00f3n obtenida a trav\u00e9s de los hiperv\u00ednculos es responsabilidad exclusiva del usuario.<\/p><p>CIMDOURO procurar\u00e1 que la informaci\u00f3n y hechos contenidos en el Portal sean los mejores y m\u00e1s relevantes disponibles. Sin embargo, no da ninguna garant\u00eda, expl\u00edcita o impl\u00edcita, de que la informaci\u00f3n del Portal est\u00e9 siempre actualizada, y no asume ninguna responsabilidad por las consecuencias, directas y\/o indirectas, derivadas del uso de la informaci\u00f3n proporcionada.<\/p><p>Por ello, CIMDOURO recomienda a los usuarios del Portal que se pongan en contacto directamente con la instituci\u00f3n en cuesti\u00f3n. La informaci\u00f3n contenida en el Portal remite a veces a sitios externos sobre los que el CIMDOURO no tiene control alguno y respecto de los cuales no asume responsabilidad alguna.<\/p><p>CIMDOURO agradece al usuario que le informe siempre que encuentre datos desactualizados en el Portal, con el fin de proceder a su adecuaci\u00f3n.<\/p><p>CIMDOURO se reserva el derecho a modificar la presente Pol\u00edtica de Privacidad en cualquier momento, a su sola discreci\u00f3n, si lo considera necesario. Si los cambios en la Pol\u00edtica de Privacidad afectan gravemente a datos personales ya obtenidos de los usuarios de la Plataforma, CIMDOURO tomar\u00e1 las medidas que considere razonables y adecuadas para avisar a dichos usuarios de los cambios introducidos en la Pol\u00edtica de Privacidad y de la opci\u00f3n de modificar o cancelar su registro en la Plataforma.<\/p><p>Esta Pol\u00edtica de Privacidad tambi\u00e9n se aplica al sitio web, a la versi\u00f3n m\u00f3vil del sitio web y a la aplicaci\u00f3n m\u00f3vil que componen la plataforma digital Descubra el Duero.<\/p>\t\t\t\t\t\t\t\t<\/div>\n\t\t\t\t<\/div>\n\t\t\t\t\t<\/div>\n\t\t\t\t<\/div>\n\t\t\t\t<\/div>\n\t\t","protected":false},"excerpt":{"rendered":"<p>Pol\u00edtica de privacidad La Plataforma Digital Discover Douro est\u00e1 compuesta por el sitio web, la versi\u00f3n m\u00f3vil del sitio web y la aplicaci\u00f3n m\u00f3vil (para Android e IOS). El sitio web, la versi\u00f3n m\u00f3vil del sitio web y la aplicaci\u00f3n m\u00f3vil Discover Douro se denominan en lo sucesivo, de forma conjunta e indiferente, la &#8220;Plataforma&#8221;. [&hellip;]<\/p>\n","protected":false},"author":41,"featured_media":0,"parent":0,"menu_order":0,"comment_status":"closed","ping_status":"closed","template":"","meta":{"footnotes":""},"class_list":["post-45220","page","type-page","status-publish","hentry"],"acf":[],"yoast_head":"<!-- This site is optimized with the Yoast SEO plugin v26.2 - https:\/\/yoast.com\/wordpress\/plugins\/seo\/ -->\n<title>Pol\u00edtica de privacidad - Discover Douro<\/title>\n<meta name=\"robots\" content=\"index, follow, max-snippet:-1, max-image-preview:large, max-video-preview:-1\" \/>\n<link rel=\"canonical\" href=\"https:\/\/discoverdouro.pt\/es\/politica-de-privacidad\" \/>\n<meta property=\"og:locale\" content=\"es_ES\" \/>\n<meta property=\"og:type\" content=\"article\" \/>\n<meta property=\"og:title\" content=\"Pol\u00edtica de privacidad - Discover Douro\" \/>\n<meta property=\"og:description\" content=\"Pol\u00edtica de privacidad La Plataforma Digital Discover Douro est\u00e1 compuesta por el sitio web, la versi\u00f3n m\u00f3vil del sitio web y la aplicaci\u00f3n m\u00f3vil (para Android e IOS). El sitio web, la versi\u00f3n m\u00f3vil del sitio web y la aplicaci\u00f3n m\u00f3vil Discover Douro se denominan en lo sucesivo, de forma conjunta e indiferente, la &#8220;Plataforma&#8221;. [&hellip;]\" \/>\n<meta property=\"og:url\" content=\"https:\/\/discoverdouro.pt\/es\/politica-de-privacidad\" \/>\n<meta property=\"og:site_name\" content=\"Discover Douro\" \/>\n<meta property=\"article:publisher\" content=\"https:\/\/www.facebook.com\/profile.php?id=61555234744391\" \/>\n<meta property=\"article:modified_time\" content=\"2024-01-19T13:04:13+00:00\" \/>\n<meta property=\"og:image\" content=\"https:\/\/discoverdouro.pt\/wp-content\/uploads\/2024\/01\/Moncorvo_Praia-Fluvial-Foz-do-Sabor12-scaled.jpg\" \/>\n\t<meta property=\"og:image:width\" content=\"2560\" \/>\n\t<meta property=\"og:image:height\" content=\"1920\" \/>\n\t<meta property=\"og:image:type\" content=\"image\/jpeg\" \/>\n<meta name=\"twitter:card\" content=\"summary_large_image\" \/>\n<meta name=\"twitter:site\" content=\"@DiscoverDouro\" \/>\n<meta name=\"twitter:label1\" content=\"Est. reading time\" \/>\n\t<meta name=\"twitter:data1\" content=\"8 minutes\" \/>\n<script type=\"application\/ld+json\" class=\"yoast-schema-graph\">{\"@context\":\"https:\/\/schema.org\",\"@graph\":[{\"@type\":\"WebPage\",\"@id\":\"https:\/\/discoverdouro.pt\/es\/politica-de-privacidad\",\"url\":\"https:\/\/discoverdouro.pt\/es\/politica-de-privacidad\",\"name\":\"Pol\u00edtica de privacidad - Discover Douro\",\"isPartOf\":{\"@id\":\"https:\/\/discoverdouro.pt\/es#website\"},\"datePublished\":\"2024-01-05T16:40:54+00:00\",\"dateModified\":\"2024-01-19T13:04:13+00:00\",\"breadcrumb\":{\"@id\":\"https:\/\/discoverdouro.pt\/es\/politica-de-privacidad#breadcrumb\"},\"inLanguage\":\"es\",\"potentialAction\":[{\"@type\":\"ReadAction\",\"target\":[\"https:\/\/discoverdouro.pt\/es\/politica-de-privacidad\"]}]},{\"@type\":\"BreadcrumbList\",\"@id\":\"https:\/\/discoverdouro.pt\/es\/politica-de-privacidad#breadcrumb\",\"itemListElement\":[{\"@type\":\"ListItem\",\"position\":1,\"name\":\"Home\",\"item\":\"https:\/\/discoverdouro.pt\/es\"},{\"@type\":\"ListItem\",\"position\":2,\"name\":\"Pol\u00edtica de privacidad\"}]},{\"@type\":\"WebSite\",\"@id\":\"https:\/\/discoverdouro.pt\/es#website\",\"url\":\"https:\/\/discoverdouro.pt\/es\",\"name\":\"Discover Douro\",\"description\":\"O Para\u00edso de Portugal\",\"publisher\":{\"@id\":\"https:\/\/discoverdouro.pt\/es#organization\"},\"potentialAction\":[{\"@type\":\"SearchAction\",\"target\":{\"@type\":\"EntryPoint\",\"urlTemplate\":\"https:\/\/discoverdouro.pt\/es?s={search_term_string}\"},\"query-input\":{\"@type\":\"PropertyValueSpecification\",\"valueRequired\":true,\"valueName\":\"search_term_string\"}}],\"inLanguage\":\"es\"},{\"@type\":\"Organization\",\"@id\":\"https:\/\/discoverdouro.pt\/es#organization\",\"name\":\"Discover Douro\",\"url\":\"https:\/\/discoverdouro.pt\/es\",\"logo\":{\"@type\":\"ImageObject\",\"inLanguage\":\"es\",\"@id\":\"https:\/\/discoverdouro.pt\/es#\/schema\/logo\/image\/\",\"url\":\"https:\/\/www.discoverdouro.pt\/wp-content\/uploads\/2024\/01\/cropped-Icon_Discover.png\",\"contentUrl\":\"https:\/\/www.discoverdouro.pt\/wp-content\/uploads\/2024\/01\/cropped-Icon_Discover.png\",\"width\":512,\"height\":512,\"caption\":\"Discover Douro\"},\"image\":{\"@id\":\"https:\/\/discoverdouro.pt\/es#\/schema\/logo\/image\/\"},\"sameAs\":[\"https:\/\/www.facebook.com\/profile.php?id=61555234744391\",\"https:\/\/x.com\/DiscoverDouro\",\"https:\/\/www.instagram.com\/discover.douro\",\"https:\/\/www.tiktok.com\/@discoverdouro\",\"https:\/\/www.linkedin.com\/company\/discover-douro\/\"]}]}<\/script>\n<!-- \/ Yoast SEO plugin. -->","yoast_head_json":{"title":"Pol\u00edtica de privacidad - Discover Douro","robots":{"index":"index","follow":"follow","max-snippet":"max-snippet:-1","max-image-preview":"max-image-preview:large","max-video-preview":"max-video-preview:-1"},"canonical":"https:\/\/discoverdouro.pt\/es\/politica-de-privacidad","og_locale":"es_ES","og_type":"article","og_title":"Pol\u00edtica de privacidad - Discover Douro","og_description":"Pol\u00edtica de privacidad La Plataforma Digital Discover Douro est\u00e1 compuesta por el sitio web, la versi\u00f3n m\u00f3vil del sitio web y la aplicaci\u00f3n m\u00f3vil (para Android e IOS). El sitio web, la versi\u00f3n m\u00f3vil del sitio web y la aplicaci\u00f3n m\u00f3vil Discover Douro se denominan en lo sucesivo, de forma conjunta e indiferente, la &#8220;Plataforma&#8221;. [&hellip;]","og_url":"https:\/\/discoverdouro.pt\/es\/politica-de-privacidad","og_site_name":"Discover Douro","article_publisher":"https:\/\/www.facebook.com\/profile.php?id=61555234744391","article_modified_time":"2024-01-19T13:04:13+00:00","og_image":[{"width":2560,"height":1920,"url":"https:\/\/discoverdouro.pt\/wp-content\/uploads\/2024\/01\/Moncorvo_Praia-Fluvial-Foz-do-Sabor12-scaled.jpg","type":"image\/jpeg"}],"twitter_card":"summary_large_image","twitter_site":"@DiscoverDouro","twitter_misc":{"Est. reading time":"8 minutes"},"schema":{"@context":"https:\/\/schema.org","@graph":[{"@type":"WebPage","@id":"https:\/\/discoverdouro.pt\/es\/politica-de-privacidad","url":"https:\/\/discoverdouro.pt\/es\/politica-de-privacidad","name":"Pol\u00edtica de privacidad - Discover Douro","isPartOf":{"@id":"https:\/\/discoverdouro.pt\/es#website"},"datePublished":"2024-01-05T16:40:54+00:00","dateModified":"2024-01-19T13:04:13+00:00","breadcrumb":{"@id":"https:\/\/discoverdouro.pt\/es\/politica-de-privacidad#breadcrumb"},"inLanguage":"es","potentialAction":[{"@type":"ReadAction","target":["https:\/\/discoverdouro.pt\/es\/politica-de-privacidad"]}]},{"@type":"BreadcrumbList","@id":"https:\/\/discoverdouro.pt\/es\/politica-de-privacidad#breadcrumb","itemListElement":[{"@type":"ListItem","position":1,"name":"Home","item":"https:\/\/discoverdouro.pt\/es"},{"@type":"ListItem","position":2,"name":"Pol\u00edtica de privacidad"}]},{"@type":"WebSite","@id":"https:\/\/discoverdouro.pt\/es#website","url":"https:\/\/discoverdouro.pt\/es","name":"Discover Douro","description":"O Para\u00edso de Portugal","publisher":{"@id":"https:\/\/discoverdouro.pt\/es#organization"},"potentialAction":[{"@type":"SearchAction","target":{"@type":"EntryPoint","urlTemplate":"https:\/\/discoverdouro.pt\/es?s={search_term_string}"},"query-input":{"@type":"PropertyValueSpecification","valueRequired":true,"valueName":"search_term_string"}}],"inLanguage":"es"},{"@type":"Organization","@id":"https:\/\/discoverdouro.pt\/es#organization","name":"Discover Douro","url":"https:\/\/discoverdouro.pt\/es","logo":{"@type":"ImageObject","inLanguage":"es","@id":"https:\/\/discoverdouro.pt\/es#\/schema\/logo\/image\/","url":"https:\/\/www.discoverdouro.pt\/wp-content\/uploads\/2024\/01\/cropped-Icon_Discover.png","contentUrl":"https:\/\/www.discoverdouro.pt\/wp-content\/uploads\/2024\/01\/cropped-Icon_Discover.png","width":512,"height":512,"caption":"Discover Douro"},"image":{"@id":"https:\/\/discoverdouro.pt\/es#\/schema\/logo\/image\/"},"sameAs":["https:\/\/www.facebook.com\/profile.php?id=61555234744391","https:\/\/x.com\/DiscoverDouro","https:\/\/www.instagram.com\/discover.douro","https:\/\/www.tiktok.com\/@discoverdouro","https:\/\/www.linkedin.com\/company\/discover-douro\/"]}]}},"_links":{"self":[{"href":"https:\/\/discoverdouro.pt\/es\/wp-json\/wp\/v2\/pages\/45220","targetHints":{"allow":["GET"]}}],"collection":[{"href":"https:\/\/discoverdouro.pt\/es\/wp-json\/wp\/v2\/pages"}],"about":[{"href":"https:\/\/discoverdouro.pt\/es\/wp-json\/wp\/v2\/types\/page"}],"author":[{"embeddable":true,"href":"https:\/\/discoverdouro.pt\/es\/wp-json\/wp\/v2\/users\/41"}],"replies":[{"embeddable":true,"href":"https:\/\/discoverdouro.pt\/es\/wp-json\/wp\/v2\/comments?post=45220"}],"version-history":[{"count":5,"href":"https:\/\/discoverdouro.pt\/es\/wp-json\/wp\/v2\/pages\/45220\/revisions"}],"predecessor-version":[{"id":45230,"href":"https:\/\/discoverdouro.pt\/es\/wp-json\/wp\/v2\/pages\/45220\/revisions\/45230"}],"wp:attachment":[{"href":"https:\/\/discoverdouro.pt\/es\/wp-json\/wp\/v2\/media?parent=45220"}],"curies":[{"name":"wp","href":"https:\/\/api.w.org\/{rel}","templated":true}]}}