{"id":39086,"date":"2023-11-09T19:10:24","date_gmt":"2023-11-09T19:10:24","guid":{"rendered":"https:\/\/discoverdouro.pt\/services-dappui"},"modified":"2023-11-11T14:46:01","modified_gmt":"2023-11-11T14:46:01","slug":"services-dappui","status":"publish","type":"page","link":"https:\/\/discoverdouro.pt\/fr\/services-dappui","title":{"rendered":"Services d&#8217;appui"},"content":{"rendered":"\t\t<div data-elementor-type=\"wp-page\" data-elementor-id=\"39086\" class=\"elementor elementor-39086 elementor-38641\" data-elementor-post-type=\"page\">\n\t\t\t\t<div class=\"elementor-element elementor-element-96fab90 e-con-full e-flex e-con e-parent\" data-id=\"96fab90\" data-element_type=\"container\">\n\t\t<div class=\"elementor-element elementor-element-768ce09 e-con-full e-flex e-con e-child\" data-id=\"768ce09\" data-element_type=\"container\" data-settings=\"{&quot;background_background&quot;:&quot;classic&quot;}\">\n\t\t\t\t<\/div>\n\t\t\t\t<\/div>\n\t\t\t\t<section class=\"elementor-section elementor-top-section elementor-element elementor-element-e3504b7 elementor-section-boxed elementor-section-height-default elementor-section-height-default\" data-id=\"e3504b7\" data-element_type=\"section\" data-settings=\"{&quot;background_background&quot;:&quot;classic&quot;}\">\n\t\t\t\t\t\t<div class=\"elementor-container elementor-column-gap-default\">\n\t\t\t\t\t<div class=\"elementor-column elementor-col-100 elementor-top-column elementor-element elementor-element-6d5e28b\" data-id=\"6d5e28b\" data-element_type=\"column\">\n\t\t\t<div class=\"elementor-widget-wrap elementor-element-populated\">\n\t\t\t\t\t\t<section class=\"elementor-section elementor-inner-section elementor-element elementor-element-972e493 elementor-section-boxed elementor-section-height-default elementor-section-height-default\" data-id=\"972e493\" data-element_type=\"section\" data-settings=\"{&quot;background_background&quot;:&quot;classic&quot;}\">\n\t\t\t\t\t\t<div class=\"elementor-container elementor-column-gap-default\">\n\t\t\t\t\t<div class=\"elementor-column elementor-col-100 elementor-inner-column elementor-element elementor-element-fb23850\" data-id=\"fb23850\" data-element_type=\"column\">\n\t\t\t<div class=\"elementor-widget-wrap elementor-element-populated\">\n\t\t\t\t\t\t<div class=\"elementor-element elementor-element-0d553cc elementor-widget elementor-widget-heading\" data-id=\"0d553cc\" data-element_type=\"widget\" data-widget_type=\"heading.default\">\n\t\t\t\t<div class=\"elementor-widget-container\">\n\t\t\t\t\t<h3 class=\"elementor-heading-title elementor-size-default\">Recherche<\/h3>\t\t\t\t<\/div>\n\t\t\t\t<\/div>\n\t\t\t\t\t<\/div>\n\t\t<\/div>\n\t\t\t\t\t<\/div>\n\t\t<\/section>\n\t\t\t\t<section class=\"elementor-section elementor-inner-section elementor-element elementor-element-9ebb76d elementor-section-content-middle elementor-section-boxed elementor-section-height-default elementor-section-height-default\" data-id=\"9ebb76d\" data-element_type=\"section\" data-settings=\"{&quot;background_background&quot;:&quot;classic&quot;}\">\n\t\t\t\t\t\t<div class=\"elementor-container elementor-column-gap-extended\">\n\t\t\t\t\t<div class=\"elementor-column elementor-col-50 elementor-inner-column elementor-element elementor-element-c6f0c5d\" data-id=\"c6f0c5d\" data-element_type=\"column\">\n\t\t\t<div class=\"elementor-widget-wrap\">\n\t\t\t\t\t\t\t<\/div>\n\t\t<\/div>\n\t\t\t\t<div class=\"elementor-column elementor-col-50 elementor-inner-column elementor-element elementor-element-aa57d8b\" data-id=\"aa57d8b\" data-element_type=\"column\">\n\t\t\t<div class=\"elementor-widget-wrap\">\n\t\t\t\t\t\t\t<\/div>\n\t\t<\/div>\n\t\t\t\t\t<\/div>\n\t\t<\/section>\n\t\t\t\t<section class=\"elementor-section elementor-inner-section elementor-element elementor-element-ee5ab2c elementor-section-boxed elementor-section-height-default elementor-section-height-default\" data-id=\"ee5ab2c\" data-element_type=\"section\">\n\t\t\t\t\t\t<div class=\"elementor-container elementor-column-gap-default\">\n\t\t\t\t\t<div class=\"elementor-column elementor-col-50 elementor-inner-column elementor-element elementor-element-bc586d6\" data-id=\"bc586d6\" data-element_type=\"column\">\n\t\t\t<div class=\"elementor-widget-wrap\">\n\t\t\t\t\t\t\t<\/div>\n\t\t<\/div>\n\t\t\t\t<div class=\"elementor-column elementor-col-50 elementor-inner-column elementor-element elementor-element-5a27310\" data-id=\"5a27310\" data-element_type=\"column\">\n\t\t\t<div class=\"elementor-widget-wrap\">\n\t\t\t\t\t\t\t<\/div>\n\t\t<\/div>\n\t\t\t\t\t<\/div>\n\t\t<\/section>\n\t\t\t\t<div class=\"elementor-element elementor-element-eba45d8 elementor-widget elementor-widget-jet-listing-grid\" data-id=\"eba45d8\" data-element_type=\"widget\" data-settings=\"{&quot;columns&quot;:&quot;3&quot;,&quot;columns_tablet&quot;:&quot;2&quot;,&quot;columns_mobile&quot;:&quot;1&quot;}\" data-widget_type=\"jet-listing-grid.default\">\n\t\t\t\t<div class=\"elementor-widget-container\">\n\t\t\t\t\t<div class=\"jet-listing-notice\">Please select listing to show.<\/div>\t\t\t\t<\/div>\n\t\t\t\t<\/div>\n\t\t\t\t\t<\/div>\n\t\t<\/div>\n\t\t\t\t\t<\/div>\n\t\t<\/section>\n\t\t\t\t<\/div>\n\t\t","protected":false},"excerpt":{"rendered":"<p>Recherche Munic\u00edpioAlij\u00f3ArmamarCarrazeda de Ansi\u00e3esFreixo De Espada \u00c0 CintaLamegoMes\u00e3o FrioMoimenta Da BeiraMur\u00e7aPenedonoPeso Da R\u00e9guaS. J. PesqueiraSabrosaSernancelheSta Marta Penagui\u00e3oT. MoncorvoTabua\u00e7oTaroucaV. N. Foz C\u00f4aVila Real Loja Interativa de Turismo de Sernancelhe Am\u00eandoa Coberta<\/p>\n","protected":false},"author":34,"featured_media":0,"parent":0,"menu_order":0,"comment_status":"closed","ping_status":"closed","template":"","meta":{"footnotes":""},"class_list":["post-39086","page","type-page","status-publish","hentry"],"acf":[],"yoast_head":"<!-- This site is optimized with the Yoast SEO plugin v26.2 - https:\/\/yoast.com\/wordpress\/plugins\/seo\/ -->\n<title>Services d&#039;appui - Discover Douro<\/title>\n<meta name=\"robots\" content=\"index, follow, max-snippet:-1, max-image-preview:large, max-video-preview:-1\" \/>\n<link rel=\"canonical\" href=\"https:\/\/discoverdouro.pt\/fr\/services-dappui\" \/>\n<meta property=\"og:locale\" content=\"fr_FR\" \/>\n<meta property=\"og:type\" content=\"article\" \/>\n<meta property=\"og:title\" content=\"Services d&#039;appui - Discover Douro\" \/>\n<meta property=\"og:description\" content=\"Recherche Munic\u00edpioAlij\u00f3ArmamarCarrazeda de Ansi\u00e3esFreixo De Espada \u00c0 CintaLamegoMes\u00e3o FrioMoimenta Da BeiraMur\u00e7aPenedonoPeso Da R\u00e9guaS. J. PesqueiraSabrosaSernancelheSta Marta Penagui\u00e3oT. MoncorvoTabua\u00e7oTaroucaV. N. Foz C\u00f4aVila Real Loja Interativa de Turismo de Sernancelhe Am\u00eandoa Coberta\" \/>\n<meta property=\"og:url\" content=\"https:\/\/discoverdouro.pt\/fr\/services-dappui\" \/>\n<meta property=\"og:site_name\" content=\"Discover Douro\" \/>\n<meta property=\"article:publisher\" content=\"https:\/\/www.facebook.com\/profile.php?id=61555234744391\" \/>\n<meta property=\"article:modified_time\" content=\"2023-11-11T14:46:01+00:00\" \/>\n<meta property=\"og:image\" content=\"https:\/\/discoverdouro.pt\/wp-content\/uploads\/elementor\/thumbs\/6537cf872df73a2c888303d4-scaled-qevw6j0iv998n9is7up1mv0n0gwte651xdr56jh24g.jpeg\" \/>\n<meta name=\"twitter:card\" content=\"summary_large_image\" \/>\n<meta name=\"twitter:site\" content=\"@DiscoverDouro\" \/>\n<script type=\"application\/ld+json\" class=\"yoast-schema-graph\">{\"@context\":\"https:\/\/schema.org\",\"@graph\":[{\"@type\":\"WebPage\",\"@id\":\"https:\/\/discoverdouro.pt\/fr\/services-dappui\",\"url\":\"https:\/\/discoverdouro.pt\/fr\/services-dappui\",\"name\":\"Services d'appui - Discover Douro\",\"isPartOf\":{\"@id\":\"https:\/\/discoverdouro.pt\/fr#website\"},\"primaryImageOfPage\":{\"@id\":\"https:\/\/discoverdouro.pt\/fr\/services-dappui#primaryimage\"},\"image\":{\"@id\":\"https:\/\/discoverdouro.pt\/fr\/services-dappui#primaryimage\"},\"thumbnailUrl\":\"https:\/\/discoverdouro.pt\/wp-content\/uploads\/elementor\/thumbs\/6537cf872df73a2c888303d4-scaled-qevw6j0iv998n9is7up1mv0n0gwte651xdr56jh24g.jpeg\",\"datePublished\":\"2023-11-09T19:10:24+00:00\",\"dateModified\":\"2023-11-11T14:46:01+00:00\",\"breadcrumb\":{\"@id\":\"https:\/\/discoverdouro.pt\/fr\/services-dappui#breadcrumb\"},\"inLanguage\":\"fr\",\"potentialAction\":[{\"@type\":\"ReadAction\",\"target\":[\"https:\/\/discoverdouro.pt\/fr\/services-dappui\"]}]},{\"@type\":\"ImageObject\",\"inLanguage\":\"fr\",\"@id\":\"https:\/\/discoverdouro.pt\/fr\/services-dappui#primaryimage\",\"url\":\"https:\/\/discoverdouro.pt\/wp-content\/uploads\/elementor\/thumbs\/6537cf872df73a2c888303d4-scaled-qevw6j0iv998n9is7up1mv0n0gwte651xdr56jh24g.jpeg\",\"contentUrl\":\"https:\/\/discoverdouro.pt\/wp-content\/uploads\/elementor\/thumbs\/6537cf872df73a2c888303d4-scaled-qevw6j0iv998n9is7up1mv0n0gwte651xdr56jh24g.jpeg\"},{\"@type\":\"BreadcrumbList\",\"@id\":\"https:\/\/discoverdouro.pt\/fr\/services-dappui#breadcrumb\",\"itemListElement\":[{\"@type\":\"ListItem\",\"position\":1,\"name\":\"Home\",\"item\":\"https:\/\/discoverdouro.pt\/fr\"},{\"@type\":\"ListItem\",\"position\":2,\"name\":\"Services d&#8217;appui\"}]},{\"@type\":\"WebSite\",\"@id\":\"https:\/\/discoverdouro.pt\/fr#website\",\"url\":\"https:\/\/discoverdouro.pt\/fr\",\"name\":\"Discover Douro\",\"description\":\"O Para\u00edso de Portugal\",\"publisher\":{\"@id\":\"https:\/\/discoverdouro.pt\/fr#organization\"},\"potentialAction\":[{\"@type\":\"SearchAction\",\"target\":{\"@type\":\"EntryPoint\",\"urlTemplate\":\"https:\/\/discoverdouro.pt\/fr?s={search_term_string}\"},\"query-input\":{\"@type\":\"PropertyValueSpecification\",\"valueRequired\":true,\"valueName\":\"search_term_string\"}}],\"inLanguage\":\"fr\"},{\"@type\":\"Organization\",\"@id\":\"https:\/\/discoverdouro.pt\/fr#organization\",\"name\":\"Discover Douro\",\"url\":\"https:\/\/discoverdouro.pt\/fr\",\"logo\":{\"@type\":\"ImageObject\",\"inLanguage\":\"fr\",\"@id\":\"https:\/\/discoverdouro.pt\/fr#\/schema\/logo\/image\/\",\"url\":\"https:\/\/www.discoverdouro.pt\/wp-content\/uploads\/2024\/01\/cropped-Icon_Discover.png\",\"contentUrl\":\"https:\/\/www.discoverdouro.pt\/wp-content\/uploads\/2024\/01\/cropped-Icon_Discover.png\",\"width\":512,\"height\":512,\"caption\":\"Discover Douro\"},\"image\":{\"@id\":\"https:\/\/discoverdouro.pt\/fr#\/schema\/logo\/image\/\"},\"sameAs\":[\"https:\/\/www.facebook.com\/profile.php?id=61555234744391\",\"https:\/\/x.com\/DiscoverDouro\",\"https:\/\/www.instagram.com\/discover.douro\",\"https:\/\/www.tiktok.com\/@discoverdouro\",\"https:\/\/www.linkedin.com\/company\/discover-douro\/\"]}]}<\/script>\n<!-- \/ Yoast SEO plugin. -->","yoast_head_json":{"title":"Services d'appui - Discover Douro","robots":{"index":"index","follow":"follow","max-snippet":"max-snippet:-1","max-image-preview":"max-image-preview:large","max-video-preview":"max-video-preview:-1"},"canonical":"https:\/\/discoverdouro.pt\/fr\/services-dappui","og_locale":"fr_FR","og_type":"article","og_title":"Services d'appui - Discover Douro","og_description":"Recherche Munic\u00edpioAlij\u00f3ArmamarCarrazeda de Ansi\u00e3esFreixo De Espada \u00c0 CintaLamegoMes\u00e3o FrioMoimenta Da BeiraMur\u00e7aPenedonoPeso Da R\u00e9guaS. J. PesqueiraSabrosaSernancelheSta Marta Penagui\u00e3oT. MoncorvoTabua\u00e7oTaroucaV. N. Foz C\u00f4aVila Real Loja Interativa de Turismo de Sernancelhe Am\u00eandoa Coberta","og_url":"https:\/\/discoverdouro.pt\/fr\/services-dappui","og_site_name":"Discover Douro","article_publisher":"https:\/\/www.facebook.com\/profile.php?id=61555234744391","article_modified_time":"2023-11-11T14:46:01+00:00","og_image":[{"url":"https:\/\/discoverdouro.pt\/wp-content\/uploads\/elementor\/thumbs\/6537cf872df73a2c888303d4-scaled-qevw6j0iv998n9is7up1mv0n0gwte651xdr56jh24g.jpeg","type":"","width":"","height":""}],"twitter_card":"summary_large_image","twitter_site":"@DiscoverDouro","schema":{"@context":"https:\/\/schema.org","@graph":[{"@type":"WebPage","@id":"https:\/\/discoverdouro.pt\/fr\/services-dappui","url":"https:\/\/discoverdouro.pt\/fr\/services-dappui","name":"Services d'appui - Discover Douro","isPartOf":{"@id":"https:\/\/discoverdouro.pt\/fr#website"},"primaryImageOfPage":{"@id":"https:\/\/discoverdouro.pt\/fr\/services-dappui#primaryimage"},"image":{"@id":"https:\/\/discoverdouro.pt\/fr\/services-dappui#primaryimage"},"thumbnailUrl":"https:\/\/discoverdouro.pt\/wp-content\/uploads\/elementor\/thumbs\/6537cf872df73a2c888303d4-scaled-qevw6j0iv998n9is7up1mv0n0gwte651xdr56jh24g.jpeg","datePublished":"2023-11-09T19:10:24+00:00","dateModified":"2023-11-11T14:46:01+00:00","breadcrumb":{"@id":"https:\/\/discoverdouro.pt\/fr\/services-dappui#breadcrumb"},"inLanguage":"fr","potentialAction":[{"@type":"ReadAction","target":["https:\/\/discoverdouro.pt\/fr\/services-dappui"]}]},{"@type":"ImageObject","inLanguage":"fr","@id":"https:\/\/discoverdouro.pt\/fr\/services-dappui#primaryimage","url":"https:\/\/discoverdouro.pt\/wp-content\/uploads\/elementor\/thumbs\/6537cf872df73a2c888303d4-scaled-qevw6j0iv998n9is7up1mv0n0gwte651xdr56jh24g.jpeg","contentUrl":"https:\/\/discoverdouro.pt\/wp-content\/uploads\/elementor\/thumbs\/6537cf872df73a2c888303d4-scaled-qevw6j0iv998n9is7up1mv0n0gwte651xdr56jh24g.jpeg"},{"@type":"BreadcrumbList","@id":"https:\/\/discoverdouro.pt\/fr\/services-dappui#breadcrumb","itemListElement":[{"@type":"ListItem","position":1,"name":"Home","item":"https:\/\/discoverdouro.pt\/fr"},{"@type":"ListItem","position":2,"name":"Services d&#8217;appui"}]},{"@type":"WebSite","@id":"https:\/\/discoverdouro.pt\/fr#website","url":"https:\/\/discoverdouro.pt\/fr","name":"Discover Douro","description":"O Para\u00edso de Portugal","publisher":{"@id":"https:\/\/discoverdouro.pt\/fr#organization"},"potentialAction":[{"@type":"SearchAction","target":{"@type":"EntryPoint","urlTemplate":"https:\/\/discoverdouro.pt\/fr?s={search_term_string}"},"query-input":{"@type":"PropertyValueSpecification","valueRequired":true,"valueName":"search_term_string"}}],"inLanguage":"fr"},{"@type":"Organization","@id":"https:\/\/discoverdouro.pt\/fr#organization","name":"Discover Douro","url":"https:\/\/discoverdouro.pt\/fr","logo":{"@type":"ImageObject","inLanguage":"fr","@id":"https:\/\/discoverdouro.pt\/fr#\/schema\/logo\/image\/","url":"https:\/\/www.discoverdouro.pt\/wp-content\/uploads\/2024\/01\/cropped-Icon_Discover.png","contentUrl":"https:\/\/www.discoverdouro.pt\/wp-content\/uploads\/2024\/01\/cropped-Icon_Discover.png","width":512,"height":512,"caption":"Discover Douro"},"image":{"@id":"https:\/\/discoverdouro.pt\/fr#\/schema\/logo\/image\/"},"sameAs":["https:\/\/www.facebook.com\/profile.php?id=61555234744391","https:\/\/x.com\/DiscoverDouro","https:\/\/www.instagram.com\/discover.douro","https:\/\/www.tiktok.com\/@discoverdouro","https:\/\/www.linkedin.com\/company\/discover-douro\/"]}]}},"_links":{"self":[{"href":"https:\/\/discoverdouro.pt\/fr\/wp-json\/wp\/v2\/pages\/39086","targetHints":{"allow":["GET"]}}],"collection":[{"href":"https:\/\/discoverdouro.pt\/fr\/wp-json\/wp\/v2\/pages"}],"about":[{"href":"https:\/\/discoverdouro.pt\/fr\/wp-json\/wp\/v2\/types\/page"}],"author":[{"embeddable":true,"href":"https:\/\/discoverdouro.pt\/fr\/wp-json\/wp\/v2\/users\/34"}],"replies":[{"embeddable":true,"href":"https:\/\/discoverdouro.pt\/fr\/wp-json\/wp\/v2\/comments?post=39086"}],"version-history":[{"count":0,"href":"https:\/\/discoverdouro.pt\/fr\/wp-json\/wp\/v2\/pages\/39086\/revisions"}],"wp:attachment":[{"href":"https:\/\/discoverdouro.pt\/fr\/wp-json\/wp\/v2\/media?parent=39086"}],"curies":[{"name":"wp","href":"https:\/\/api.w.org\/{rel}","templated":true}]}}