{"id":44744,"date":"2024-01-08T18:43:16","date_gmt":"2024-01-08T18:43:16","guid":{"rendered":"https:\/\/discoverdouro.digiupdev.com\/?page_id=44744"},"modified":"2024-01-22T14:02:01","modified_gmt":"2024-01-22T14:02:01","slug":"saveurs-et-savoir-faire-vila-nova-de-foz-coa","status":"publish","type":"page","link":"https:\/\/discoverdouro.pt\/fr\/saveurs-et-savoir-faire-vila-nova-de-foz-coa","title":{"rendered":"Saveurs et Savoir-faire Vila Nova de Foz C\u00f4a"},"content":{"rendered":"\t\t<div data-elementor-type=\"wp-page\" data-elementor-id=\"44744\" class=\"elementor elementor-44744 elementor-44693\" data-elementor-post-type=\"page\">\n\t\t\t\t\t\t<section class=\"elementor-section elementor-top-section elementor-element elementor-element-db1043a elementor-section-stretched elementor-section-boxed elementor-section-height-default elementor-section-height-default\" data-id=\"db1043a\" data-element_type=\"section\" data-settings=\"{&quot;stretch_section&quot;:&quot;section-stretched&quot;,&quot;background_background&quot;:&quot;classic&quot;}\">\n\t\t\t\t\t\t\t<div class=\"elementor-background-overlay\"><\/div>\n\t\t\t\t\t\t\t<div class=\"elementor-container elementor-column-gap-default\">\n\t\t\t\t\t<div class=\"elementor-column elementor-col-100 elementor-top-column elementor-element elementor-element-11b3887\" data-id=\"11b3887\" data-element_type=\"column\">\n\t\t\t<div class=\"elementor-widget-wrap elementor-element-populated\">\n\t\t\t\t\t\t<div class=\"elementor-element elementor-element-227123d elementor-widget elementor-widget-heading\" data-id=\"227123d\" data-element_type=\"widget\" data-widget_type=\"heading.default\">\n\t\t\t\t<div class=\"elementor-widget-container\">\n\t\t\t\t\t<h1 class=\"elementor-heading-title elementor-size-default\">Saveurs et Savoir-faire<\/h1>\t\t\t\t<\/div>\n\t\t\t\t<\/div>\n\t\t\t\t<div class=\"elementor-element elementor-element-637bfaa elementor-widget elementor-widget-heading\" data-id=\"637bfaa\" data-element_type=\"widget\" data-widget_type=\"heading.default\">\n\t\t\t\t<div class=\"elementor-widget-container\">\n\t\t\t\t\t<h1 class=\"elementor-heading-title elementor-size-default\">Vila Nova de Foz C\u00f4a<\/h1>\t\t\t\t<\/div>\n\t\t\t\t<\/div>\n\t\t\t\t\t<\/div>\n\t\t<\/div>\n\t\t\t\t\t<\/div>\n\t\t<\/section>\n\t\t<div class=\"elementor-element elementor-element-4c9e288 e-flex e-con-boxed e-con e-parent\" data-id=\"4c9e288\" data-element_type=\"container\">\n\t\t\t\t\t<div class=\"e-con-inner\">\n\t\t\t\t<div class=\"elementor-element elementor-element-32ee67a elementor-widget elementor-widget-text-editor\" data-id=\"32ee67a\" data-element_type=\"widget\" data-widget_type=\"text-editor.default\">\n\t\t\t\t<div class=\"elementor-widget-container\">\n\t\t\t\t\t\t\t\t\t<p>Vila Nova do Foz C\u00f4a est connue pour ses vins, ses huiles d&#8217;olive et ses amandes, mais aussi pour d&#8217;autres produits de la r\u00e9gion.<br \/>produits comme le pain, base de nombreux plats locaux tels que les migas \u00e0 la tomate, les migas au poisson et les pilongas,<br \/>bolas livradas, picadas et toscas, olives, c\u00e2pres, saucisses et fromages de brebis et de ch\u00e8vre. La gastronomie<br \/>gastronomie comprend \u00e9galement des poissons de rivi\u00e8re, des plats de gibier et une large gamme de produits endog\u00e8nes distinctifs.<br \/>Des produits endog\u00e8nes diff\u00e9renciateurs, donn\u00e9s par la nature \u00e0 diff\u00e9rentes p\u00e9riodes de l&#8217;ann\u00e9e, porteurs d&#8217;histoire et de culture, et qui refl\u00e8tent l&#8217;histoire et la culture de la r\u00e9gion.<br \/>Ces produits sont porteurs d&#8217;histoire et de culture, et refl\u00e8tent les difficult\u00e9s rencontr\u00e9es par les hommes dans le pass\u00e9, mais ils font aujourd&#8217;hui le bonheur de ceux qui les savourent.<br \/>les d\u00e9lices de ceux qui les savourent.<\/p>\t\t\t\t\t\t\t\t<\/div>\n\t\t\t\t<\/div>\n\t\t\t\t\t<\/div>\n\t\t\t\t<\/div>\n\t\t<div class=\"elementor-element elementor-element-e0f8a04 e-con-full e-flex e-con e-parent\" data-id=\"e0f8a04\" data-element_type=\"container\">\n\t\t\t\t<div class=\"elementor-element elementor-element-db7473c elementor-widget elementor-widget-image-carousel\" data-id=\"db7473c\" data-element_type=\"widget\" data-settings=\"{&quot;slides_to_show&quot;:&quot;4&quot;,&quot;slides_to_scroll&quot;:&quot;4&quot;,&quot;navigation&quot;:&quot;none&quot;,&quot;autoplay&quot;:&quot;yes&quot;,&quot;pause_on_hover&quot;:&quot;yes&quot;,&quot;pause_on_interaction&quot;:&quot;yes&quot;,&quot;autoplay_speed&quot;:5000,&quot;infinite&quot;:&quot;yes&quot;,&quot;speed&quot;:500}\" data-widget_type=\"image-carousel.default\">\n\t\t\t\t<div class=\"elementor-widget-container\">\n\t\t\t\t\t\t\t<div class=\"elementor-image-carousel-wrapper swiper\" role=\"region\" aria-roledescription=\"carousel\" aria-label=\"Image Carousel\" dir=\"ltr\">\n\t\t\t<div class=\"elementor-image-carousel swiper-wrapper\" aria-live=\"off\">\n\t\t\t\t\t\t\t\t<div class=\"swiper-slide\" role=\"group\" aria-roledescription=\"slide\" aria-label=\"1 of 5\"><a data-elementor-open-lightbox=\"yes\" data-elementor-lightbox-slideshow=\"db7473c\" data-elementor-lightbox-title=\"BolosM\u00f3s-min\" data-e-action-hash=\"#elementor-action%3Aaction%3Dlightbox%26settings%3DeyJpZCI6NDQ3MTMsInVybCI6Imh0dHBzOlwvXC9kaXNjb3ZlcmRvdXJvLnB0XC93cC1jb250ZW50XC91cGxvYWRzXC8yMDI0XC8wMVwvQm9sb3NNb3MtbWluLmpwZyIsInNsaWRlc2hvdyI6ImRiNzQ3M2MifQ%3D%3D\" href=\"https:\/\/discoverdouro.pt\/wp-content\/uploads\/2024\/01\/BolosMos-min.jpg\"><figure class=\"swiper-slide-inner\"><img decoding=\"async\" class=\"swiper-slide-image\" src=\"https:\/\/discoverdouro.pt\/wp-content\/uploads\/elementor\/thumbs\/BolosMos-min-qi0ryqbutouv9w2u4ozp7mkyxlhu30tu4k8r7hhuw0.jpg\" alt=\"BolosM\u00f3s-min\" \/><\/figure><\/a><\/div><div class=\"swiper-slide\" role=\"group\" aria-roledescription=\"slide\" aria-label=\"2 of 5\"><a data-elementor-open-lightbox=\"yes\" data-elementor-lightbox-slideshow=\"db7473c\" data-elementor-lightbox-title=\"vindima-min\" data-e-action-hash=\"#elementor-action%3Aaction%3Dlightbox%26settings%3DeyJpZCI6NDQ3MDksInVybCI6Imh0dHBzOlwvXC9kaXNjb3ZlcmRvdXJvLnB0XC93cC1jb250ZW50XC91cGxvYWRzXC8yMDI0XC8wMVwvdmluZGltYS1taW4tc2NhbGVkLmpwZyIsInNsaWRlc2hvdyI6ImRiNzQ3M2MifQ%3D%3D\" href=\"https:\/\/discoverdouro.pt\/wp-content\/uploads\/2024\/01\/vindima-min-scaled.jpg\"><figure class=\"swiper-slide-inner\"><img decoding=\"async\" class=\"swiper-slide-image\" src=\"https:\/\/discoverdouro.pt\/wp-content\/uploads\/elementor\/thumbs\/vindima-min-scaled-qip571z8wpxtv1wa7ynu0xxnfg3lpdivonghqj19y8.jpg\" alt=\"vindima-min\" \/><\/figure><\/a><\/div><div class=\"swiper-slide\" role=\"group\" aria-roledescription=\"slide\" aria-label=\"3 of 5\"><a data-elementor-open-lightbox=\"yes\" data-elementor-lightbox-slideshow=\"db7473c\" data-elementor-lightbox-title=\"Partida da am\u00eandoa (Grande)-min\" data-e-action-hash=\"#elementor-action%3Aaction%3Dlightbox%26settings%3DeyJpZCI6NDQ3MDUsInVybCI6Imh0dHBzOlwvXC9kaXNjb3ZlcmRvdXJvLnB0XC93cC1jb250ZW50XC91cGxvYWRzXC8yMDI0XC8wMVwvUGFydGlkYS1kYS1hbWVuZG9hLUdyYW5kZS1taW4uanBnIiwic2xpZGVzaG93IjoiZGI3NDczYyJ9\" href=\"https:\/\/discoverdouro.pt\/wp-content\/uploads\/2024\/01\/Partida-da-amendoa-Grande-min.jpg\"><figure class=\"swiper-slide-inner\"><img decoding=\"async\" class=\"swiper-slide-image\" src=\"https:\/\/discoverdouro.pt\/wp-content\/uploads\/elementor\/thumbs\/Partida-da-amendoa-Grande-min-qi0rygxgxci01sghnkxfioyczqs5y1sir9pwepvsm8.jpg\" alt=\"Partida da am\u00eandoa (Grande)-min\" \/><\/figure><\/a><\/div><div class=\"swiper-slide\" role=\"group\" aria-roledescription=\"slide\" aria-label=\"4 of 5\"><a data-elementor-open-lightbox=\"yes\" data-elementor-lightbox-slideshow=\"db7473c\" data-elementor-lightbox-title=\"omelete de espargos (Grande)-min\" data-e-action-hash=\"#elementor-action%3Aaction%3Dlightbox%26settings%3DeyJpZCI6NDQ3MDEsInVybCI6Imh0dHBzOlwvXC9kaXNjb3ZlcmRvdXJvLnB0XC93cC1jb250ZW50XC91cGxvYWRzXC8yMDI0XC8wMVwvb21lbGV0ZS1kZS1lc3Bhcmdvcy1HcmFuZGUtbWluLmpwZyIsInNsaWRlc2hvdyI6ImRiNzQ3M2MifQ%3D%3D\" href=\"https:\/\/discoverdouro.pt\/wp-content\/uploads\/2024\/01\/omelete-de-espargos-Grande-min.jpg\"><figure class=\"swiper-slide-inner\"><img decoding=\"async\" class=\"swiper-slide-image\" src=\"https:\/\/discoverdouro.pt\/wp-content\/uploads\/elementor\/thumbs\/omelete-de-espargos-Grande-min-qi0ryf1sjoffekj7yk46dpffsz1finl230exg5ykyo.jpg\" alt=\"omelete de espargos (Grande)-min\" \/><\/figure><\/a><\/div><div class=\"swiper-slide\" role=\"group\" aria-roledescription=\"slide\" aria-label=\"5 of 5\"><a data-elementor-open-lightbox=\"yes\" data-elementor-lightbox-slideshow=\"db7473c\" data-elementor-lightbox-title=\"Olival (1)-min\" data-e-action-hash=\"#elementor-action%3Aaction%3Dlightbox%26settings%3DeyJpZCI6NDQ2OTcsInVybCI6Imh0dHBzOlwvXC9kaXNjb3ZlcmRvdXJvLnB0XC93cC1jb250ZW50XC91cGxvYWRzXC8yMDI0XC8wMVwvT2xpdmFsLTEtbWluLXNjYWxlZC5qcGciLCJzbGlkZXNob3ciOiJkYjc0NzNjIn0%3D\" href=\"https:\/\/discoverdouro.pt\/wp-content\/uploads\/2024\/01\/Olival-1-min-scaled.jpg\"><figure class=\"swiper-slide-inner\"><img decoding=\"async\" class=\"swiper-slide-image\" src=\"https:\/\/discoverdouro.pt\/wp-content\/uploads\/elementor\/thumbs\/Olival-1-min-scaled-qip56z5qc7tyw80doffybgn9nahi2a7oo9i1ap5ggw.jpg\" alt=\"Olival (1)-min\" \/><\/figure><\/a><\/div>\t\t\t<\/div>\n\t\t\t\t\t\t\t\n\t\t\t\t\t\t\t\t\t<\/div>\n\t\t\t\t\t\t<\/div>\n\t\t\t\t<\/div>\n\t\t\t\t<\/div>\n\t\t<div class=\"elementor-element elementor-element-a830331 e-flex e-con-boxed e-con e-parent\" data-id=\"a830331\" data-element_type=\"container\">\n\t\t\t\t\t<div class=\"e-con-inner\">\n\t\t<div class=\"elementor-element elementor-element-cbe5e61 e-con-full e-flex e-con e-child\" data-id=\"cbe5e61\" data-element_type=\"container\" data-settings=\"{&quot;background_background&quot;:&quot;classic&quot;}\">\n\t\t\t\t<\/div>\n\t\t<div class=\"elementor-element elementor-element-ec68d91 e-con-full e-flex e-con e-child\" data-id=\"ec68d91\" data-element_type=\"container\">\n\t\t\t\t<div class=\"elementor-element elementor-element-f439d0f elementor-widget elementor-widget-heading\" data-id=\"f439d0f\" data-element_type=\"widget\" data-widget_type=\"heading.default\">\n\t\t\t\t<div class=\"elementor-widget-container\">\n\t\t\t\t\t<h3 class=\"elementor-heading-title elementor-size-default\">Plat : Omelette aux asperges et\/ou aux blettes<\/h3>\t\t\t\t<\/div>\n\t\t\t\t<\/div>\n\t\t\t\t<div class=\"elementor-element elementor-element-807c7fd elementor-widget elementor-widget-text-editor\" data-id=\"807c7fd\" data-element_type=\"widget\" data-widget_type=\"text-editor.default\">\n\t\t\t\t<div class=\"elementor-widget-container\">\n\t\t\t\t\t\t\t\t\t<p>Les asperges sauvages et les blettes abondent dans la r\u00e9gion de mars \u00e0 mai et se retrouvent sur presque toutes les tables des restaurants locaux en entr\u00e9e, que ce soit dans des omelettes, des \u0153ufs brouill\u00e9s ou des migas.<\/p>\t\t\t\t\t\t\t\t<\/div>\n\t\t\t\t<\/div>\n\t\t\t\t<\/div>\n\t\t\t\t\t<\/div>\n\t\t\t\t<\/div>\n\t\t\t\t<\/div>\n\t\t","protected":false},"excerpt":{"rendered":"<p>Saveurs et Savoir-faire Vila Nova de Foz C\u00f4a Vila Nova do Foz C\u00f4a est connue pour ses vins, ses huiles d&#8217;olive et ses amandes, mais aussi pour d&#8217;autres produits de la r\u00e9gion.produits comme le pain, base de nombreux plats locaux tels que les migas \u00e0 la tomate, les migas au poisson et les pilongas,bolas livradas, [&hellip;]<\/p>\n","protected":false},"author":41,"featured_media":0,"parent":0,"menu_order":0,"comment_status":"closed","ping_status":"closed","template":"","meta":{"footnotes":""},"class_list":["post-44744","page","type-page","status-publish","hentry"],"acf":[],"yoast_head":"<!-- This site is optimized with the Yoast SEO plugin v26.2 - https:\/\/yoast.com\/wordpress\/plugins\/seo\/ -->\n<title>Saveurs et Savoir-faire Vila Nova de Foz C\u00f4a - Discover Douro<\/title>\n<meta name=\"robots\" content=\"index, follow, max-snippet:-1, max-image-preview:large, max-video-preview:-1\" \/>\n<link rel=\"canonical\" href=\"https:\/\/discoverdouro.pt\/fr\/saveurs-et-savoir-faire-vila-nova-de-foz-coa\" \/>\n<meta property=\"og:locale\" content=\"fr_FR\" \/>\n<meta property=\"og:type\" content=\"article\" \/>\n<meta property=\"og:title\" content=\"Saveurs et Savoir-faire Vila Nova de Foz C\u00f4a - Discover Douro\" \/>\n<meta property=\"og:description\" content=\"Saveurs et Savoir-faire Vila Nova de Foz C\u00f4a Vila Nova do Foz C\u00f4a est connue pour ses vins, ses huiles d&#8217;olive et ses amandes, mais aussi pour d&#8217;autres produits de la r\u00e9gion.produits comme le pain, base de nombreux plats locaux tels que les migas \u00e0 la tomate, les migas au poisson et les pilongas,bolas livradas, [&hellip;]\" \/>\n<meta property=\"og:url\" content=\"https:\/\/discoverdouro.pt\/fr\/saveurs-et-savoir-faire-vila-nova-de-foz-coa\" \/>\n<meta property=\"og:site_name\" content=\"Discover Douro\" \/>\n<meta property=\"article:publisher\" content=\"https:\/\/www.facebook.com\/profile.php?id=61555234744391\" \/>\n<meta property=\"article:modified_time\" content=\"2024-01-22T14:02:01+00:00\" \/>\n<meta property=\"og:image\" content=\"https:\/\/www.discoverdouro.pt\/wp-content\/uploads\/elementor\/thumbs\/BolosMos-min-qi0ryqbutouv9w2u4ozp7mkyxlhu30tu4k8r7hhuw0.jpg\" \/>\n<meta name=\"twitter:card\" content=\"summary_large_image\" \/>\n<meta name=\"twitter:site\" content=\"@DiscoverDouro\" \/>\n<meta name=\"twitter:label1\" content=\"Est. reading time\" \/>\n\t<meta name=\"twitter:data1\" content=\"4 minutes\" \/>\n<script type=\"application\/ld+json\" class=\"yoast-schema-graph\">{\"@context\":\"https:\/\/schema.org\",\"@graph\":[{\"@type\":\"WebPage\",\"@id\":\"https:\/\/discoverdouro.pt\/fr\/saveurs-et-savoir-faire-vila-nova-de-foz-coa\",\"url\":\"https:\/\/discoverdouro.pt\/fr\/saveurs-et-savoir-faire-vila-nova-de-foz-coa\",\"name\":\"Saveurs et Savoir-faire Vila Nova de Foz C\u00f4a - Discover Douro\",\"isPartOf\":{\"@id\":\"https:\/\/discoverdouro.pt\/fr#website\"},\"primaryImageOfPage\":{\"@id\":\"https:\/\/discoverdouro.pt\/fr\/saveurs-et-savoir-faire-vila-nova-de-foz-coa#primaryimage\"},\"image\":{\"@id\":\"https:\/\/discoverdouro.pt\/fr\/saveurs-et-savoir-faire-vila-nova-de-foz-coa#primaryimage\"},\"thumbnailUrl\":\"https:\/\/www.discoverdouro.pt\/wp-content\/uploads\/elementor\/thumbs\/BolosMos-min-qi0ryqbutouv9w2u4ozp7mkyxlhu30tu4k8r7hhuw0.jpg\",\"datePublished\":\"2024-01-08T18:43:16+00:00\",\"dateModified\":\"2024-01-22T14:02:01+00:00\",\"breadcrumb\":{\"@id\":\"https:\/\/discoverdouro.pt\/fr\/saveurs-et-savoir-faire-vila-nova-de-foz-coa#breadcrumb\"},\"inLanguage\":\"fr\",\"potentialAction\":[{\"@type\":\"ReadAction\",\"target\":[\"https:\/\/discoverdouro.pt\/fr\/saveurs-et-savoir-faire-vila-nova-de-foz-coa\"]}]},{\"@type\":\"ImageObject\",\"inLanguage\":\"fr\",\"@id\":\"https:\/\/discoverdouro.pt\/fr\/saveurs-et-savoir-faire-vila-nova-de-foz-coa#primaryimage\",\"url\":\"https:\/\/www.discoverdouro.pt\/wp-content\/uploads\/elementor\/thumbs\/BolosMos-min-qi0ryqbutouv9w2u4ozp7mkyxlhu30tu4k8r7hhuw0.jpg\",\"contentUrl\":\"https:\/\/www.discoverdouro.pt\/wp-content\/uploads\/elementor\/thumbs\/BolosMos-min-qi0ryqbutouv9w2u4ozp7mkyxlhu30tu4k8r7hhuw0.jpg\"},{\"@type\":\"BreadcrumbList\",\"@id\":\"https:\/\/discoverdouro.pt\/fr\/saveurs-et-savoir-faire-vila-nova-de-foz-coa#breadcrumb\",\"itemListElement\":[{\"@type\":\"ListItem\",\"position\":1,\"name\":\"Home\",\"item\":\"https:\/\/discoverdouro.pt\/fr\"},{\"@type\":\"ListItem\",\"position\":2,\"name\":\"Saveurs et Savoir-faire Vila Nova de Foz C\u00f4a\"}]},{\"@type\":\"WebSite\",\"@id\":\"https:\/\/discoverdouro.pt\/fr#website\",\"url\":\"https:\/\/discoverdouro.pt\/fr\",\"name\":\"Discover Douro\",\"description\":\"O Para\u00edso de Portugal\",\"publisher\":{\"@id\":\"https:\/\/discoverdouro.pt\/fr#organization\"},\"potentialAction\":[{\"@type\":\"SearchAction\",\"target\":{\"@type\":\"EntryPoint\",\"urlTemplate\":\"https:\/\/discoverdouro.pt\/fr?s={search_term_string}\"},\"query-input\":{\"@type\":\"PropertyValueSpecification\",\"valueRequired\":true,\"valueName\":\"search_term_string\"}}],\"inLanguage\":\"fr\"},{\"@type\":\"Organization\",\"@id\":\"https:\/\/discoverdouro.pt\/fr#organization\",\"name\":\"Discover Douro\",\"url\":\"https:\/\/discoverdouro.pt\/fr\",\"logo\":{\"@type\":\"ImageObject\",\"inLanguage\":\"fr\",\"@id\":\"https:\/\/discoverdouro.pt\/fr#\/schema\/logo\/image\/\",\"url\":\"https:\/\/www.discoverdouro.pt\/wp-content\/uploads\/2024\/01\/cropped-Icon_Discover.png\",\"contentUrl\":\"https:\/\/www.discoverdouro.pt\/wp-content\/uploads\/2024\/01\/cropped-Icon_Discover.png\",\"width\":512,\"height\":512,\"caption\":\"Discover Douro\"},\"image\":{\"@id\":\"https:\/\/discoverdouro.pt\/fr#\/schema\/logo\/image\/\"},\"sameAs\":[\"https:\/\/www.facebook.com\/profile.php?id=61555234744391\",\"https:\/\/x.com\/DiscoverDouro\",\"https:\/\/www.instagram.com\/discover.douro\",\"https:\/\/www.tiktok.com\/@discoverdouro\",\"https:\/\/www.linkedin.com\/company\/discover-douro\/\"]}]}<\/script>\n<!-- \/ Yoast SEO plugin. -->","yoast_head_json":{"title":"Saveurs et Savoir-faire Vila Nova de Foz C\u00f4a - Discover Douro","robots":{"index":"index","follow":"follow","max-snippet":"max-snippet:-1","max-image-preview":"max-image-preview:large","max-video-preview":"max-video-preview:-1"},"canonical":"https:\/\/discoverdouro.pt\/fr\/saveurs-et-savoir-faire-vila-nova-de-foz-coa","og_locale":"fr_FR","og_type":"article","og_title":"Saveurs et Savoir-faire Vila Nova de Foz C\u00f4a - Discover Douro","og_description":"Saveurs et Savoir-faire Vila Nova de Foz C\u00f4a Vila Nova do Foz C\u00f4a est connue pour ses vins, ses huiles d&#8217;olive et ses amandes, mais aussi pour d&#8217;autres produits de la r\u00e9gion.produits comme le pain, base de nombreux plats locaux tels que les migas \u00e0 la tomate, les migas au poisson et les pilongas,bolas livradas, [&hellip;]","og_url":"https:\/\/discoverdouro.pt\/fr\/saveurs-et-savoir-faire-vila-nova-de-foz-coa","og_site_name":"Discover Douro","article_publisher":"https:\/\/www.facebook.com\/profile.php?id=61555234744391","article_modified_time":"2024-01-22T14:02:01+00:00","og_image":[{"url":"https:\/\/www.discoverdouro.pt\/wp-content\/uploads\/elementor\/thumbs\/BolosMos-min-qi0ryqbutouv9w2u4ozp7mkyxlhu30tu4k8r7hhuw0.jpg","type":"","width":"","height":""}],"twitter_card":"summary_large_image","twitter_site":"@DiscoverDouro","twitter_misc":{"Est. reading time":"4 minutes"},"schema":{"@context":"https:\/\/schema.org","@graph":[{"@type":"WebPage","@id":"https:\/\/discoverdouro.pt\/fr\/saveurs-et-savoir-faire-vila-nova-de-foz-coa","url":"https:\/\/discoverdouro.pt\/fr\/saveurs-et-savoir-faire-vila-nova-de-foz-coa","name":"Saveurs et Savoir-faire Vila Nova de Foz C\u00f4a - Discover Douro","isPartOf":{"@id":"https:\/\/discoverdouro.pt\/fr#website"},"primaryImageOfPage":{"@id":"https:\/\/discoverdouro.pt\/fr\/saveurs-et-savoir-faire-vila-nova-de-foz-coa#primaryimage"},"image":{"@id":"https:\/\/discoverdouro.pt\/fr\/saveurs-et-savoir-faire-vila-nova-de-foz-coa#primaryimage"},"thumbnailUrl":"https:\/\/www.discoverdouro.pt\/wp-content\/uploads\/elementor\/thumbs\/BolosMos-min-qi0ryqbutouv9w2u4ozp7mkyxlhu30tu4k8r7hhuw0.jpg","datePublished":"2024-01-08T18:43:16+00:00","dateModified":"2024-01-22T14:02:01+00:00","breadcrumb":{"@id":"https:\/\/discoverdouro.pt\/fr\/saveurs-et-savoir-faire-vila-nova-de-foz-coa#breadcrumb"},"inLanguage":"fr","potentialAction":[{"@type":"ReadAction","target":["https:\/\/discoverdouro.pt\/fr\/saveurs-et-savoir-faire-vila-nova-de-foz-coa"]}]},{"@type":"ImageObject","inLanguage":"fr","@id":"https:\/\/discoverdouro.pt\/fr\/saveurs-et-savoir-faire-vila-nova-de-foz-coa#primaryimage","url":"https:\/\/www.discoverdouro.pt\/wp-content\/uploads\/elementor\/thumbs\/BolosMos-min-qi0ryqbutouv9w2u4ozp7mkyxlhu30tu4k8r7hhuw0.jpg","contentUrl":"https:\/\/www.discoverdouro.pt\/wp-content\/uploads\/elementor\/thumbs\/BolosMos-min-qi0ryqbutouv9w2u4ozp7mkyxlhu30tu4k8r7hhuw0.jpg"},{"@type":"BreadcrumbList","@id":"https:\/\/discoverdouro.pt\/fr\/saveurs-et-savoir-faire-vila-nova-de-foz-coa#breadcrumb","itemListElement":[{"@type":"ListItem","position":1,"name":"Home","item":"https:\/\/discoverdouro.pt\/fr"},{"@type":"ListItem","position":2,"name":"Saveurs et Savoir-faire Vila Nova de Foz C\u00f4a"}]},{"@type":"WebSite","@id":"https:\/\/discoverdouro.pt\/fr#website","url":"https:\/\/discoverdouro.pt\/fr","name":"Discover Douro","description":"O Para\u00edso de Portugal","publisher":{"@id":"https:\/\/discoverdouro.pt\/fr#organization"},"potentialAction":[{"@type":"SearchAction","target":{"@type":"EntryPoint","urlTemplate":"https:\/\/discoverdouro.pt\/fr?s={search_term_string}"},"query-input":{"@type":"PropertyValueSpecification","valueRequired":true,"valueName":"search_term_string"}}],"inLanguage":"fr"},{"@type":"Organization","@id":"https:\/\/discoverdouro.pt\/fr#organization","name":"Discover Douro","url":"https:\/\/discoverdouro.pt\/fr","logo":{"@type":"ImageObject","inLanguage":"fr","@id":"https:\/\/discoverdouro.pt\/fr#\/schema\/logo\/image\/","url":"https:\/\/www.discoverdouro.pt\/wp-content\/uploads\/2024\/01\/cropped-Icon_Discover.png","contentUrl":"https:\/\/www.discoverdouro.pt\/wp-content\/uploads\/2024\/01\/cropped-Icon_Discover.png","width":512,"height":512,"caption":"Discover Douro"},"image":{"@id":"https:\/\/discoverdouro.pt\/fr#\/schema\/logo\/image\/"},"sameAs":["https:\/\/www.facebook.com\/profile.php?id=61555234744391","https:\/\/x.com\/DiscoverDouro","https:\/\/www.instagram.com\/discover.douro","https:\/\/www.tiktok.com\/@discoverdouro","https:\/\/www.linkedin.com\/company\/discover-douro\/"]}]}},"_links":{"self":[{"href":"https:\/\/discoverdouro.pt\/fr\/wp-json\/wp\/v2\/pages\/44744","targetHints":{"allow":["GET"]}}],"collection":[{"href":"https:\/\/discoverdouro.pt\/fr\/wp-json\/wp\/v2\/pages"}],"about":[{"href":"https:\/\/discoverdouro.pt\/fr\/wp-json\/wp\/v2\/types\/page"}],"author":[{"embeddable":true,"href":"https:\/\/discoverdouro.pt\/fr\/wp-json\/wp\/v2\/users\/41"}],"replies":[{"embeddable":true,"href":"https:\/\/discoverdouro.pt\/fr\/wp-json\/wp\/v2\/comments?post=44744"}],"version-history":[{"count":15,"href":"https:\/\/discoverdouro.pt\/fr\/wp-json\/wp\/v2\/pages\/44744\/revisions"}],"predecessor-version":[{"id":46726,"href":"https:\/\/discoverdouro.pt\/fr\/wp-json\/wp\/v2\/pages\/44744\/revisions\/46726"}],"wp:attachment":[{"href":"https:\/\/discoverdouro.pt\/fr\/wp-json\/wp\/v2\/media?parent=44744"}],"curies":[{"name":"wp","href":"https:\/\/api.w.org\/{rel}","templated":true}]}}