{"id":44759,"date":"2024-01-05T12:15:01","date_gmt":"2024-01-05T12:15:01","guid":{"rendered":"https:\/\/discoverdouro.digiupdev.com\/?page_id=44759"},"modified":"2024-01-22T14:01:15","modified_gmt":"2024-01-22T14:01:15","slug":"saveurs-et-savoir-faire-freixo-de-espada-a-cinta","status":"publish","type":"page","link":"https:\/\/discoverdouro.pt\/fr\/saveurs-et-savoir-faire-freixo-de-espada-a-cinta","title":{"rendered":"Saveurs et Savoir-faire Freixo de Espada \u00e0 Cinta"},"content":{"rendered":"\t\t<div data-elementor-type=\"wp-page\" data-elementor-id=\"44759\" class=\"elementor elementor-44759 elementor-43717\" data-elementor-post-type=\"page\">\n\t\t\t\t\t\t<section class=\"elementor-section elementor-top-section elementor-element elementor-element-644cc55 elementor-section-stretched elementor-section-boxed elementor-section-height-default elementor-section-height-default\" data-id=\"644cc55\" data-element_type=\"section\" data-settings=\"{&quot;stretch_section&quot;:&quot;section-stretched&quot;,&quot;background_background&quot;:&quot;classic&quot;}\">\n\t\t\t\t\t\t\t<div class=\"elementor-background-overlay\"><\/div>\n\t\t\t\t\t\t\t<div class=\"elementor-container elementor-column-gap-default\">\n\t\t\t\t\t<div class=\"elementor-column elementor-col-100 elementor-top-column elementor-element elementor-element-03b986c\" data-id=\"03b986c\" data-element_type=\"column\">\n\t\t\t<div class=\"elementor-widget-wrap elementor-element-populated\">\n\t\t\t\t\t\t<div class=\"elementor-element elementor-element-1238e4e elementor-widget elementor-widget-heading\" data-id=\"1238e4e\" data-element_type=\"widget\" data-widget_type=\"heading.default\">\n\t\t\t\t<div class=\"elementor-widget-container\">\n\t\t\t\t\t<h1 class=\"elementor-heading-title elementor-size-default\">Saveurs et Savoir-faire<\/h1>\t\t\t\t<\/div>\n\t\t\t\t<\/div>\n\t\t\t\t<div class=\"elementor-element elementor-element-5260008 elementor-widget elementor-widget-heading\" data-id=\"5260008\" data-element_type=\"widget\" data-widget_type=\"heading.default\">\n\t\t\t\t<div class=\"elementor-widget-container\">\n\t\t\t\t\t<h1 class=\"elementor-heading-title elementor-size-default\">Freixo de Espada \u00e0 Cinta<\/h1>\t\t\t\t<\/div>\n\t\t\t\t<\/div>\n\t\t\t\t\t<\/div>\n\t\t<\/div>\n\t\t\t\t\t<\/div>\n\t\t<\/section>\n\t\t<div class=\"elementor-element elementor-element-f49ed52 e-flex e-con-boxed e-con e-parent\" data-id=\"f49ed52\" data-element_type=\"container\">\n\t\t\t\t\t<div class=\"e-con-inner\">\n\t\t<div class=\"elementor-element elementor-element-d94c81a e-con-full e-flex e-con e-child\" data-id=\"d94c81a\" data-element_type=\"container\" data-settings=\"{&quot;background_background&quot;:&quot;slideshow&quot;,&quot;background_slideshow_gallery&quot;:[{&quot;id&quot;:44271,&quot;url&quot;:&quot;https:\\\/\\\/www.discoverdouro.pt\\\/wp-content\\\/uploads\\\/2024\\\/01\\\/Seda-FEC-3-min.jpg&quot;},{&quot;id&quot;:44267,&quot;url&quot;:&quot;https:\\\/\\\/www.discoverdouro.pt\\\/wp-content\\\/uploads\\\/2024\\\/01\\\/Seda-FEC-2-2-min.jpg&quot;},{&quot;id&quot;:44263,&quot;url&quot;:&quot;https:\\\/\\\/www.discoverdouro.pt\\\/wp-content\\\/uploads\\\/2024\\\/01\\\/Seda-FEC-2-1-min.jpg&quot;}],&quot;background_slideshow_loop&quot;:&quot;yes&quot;,&quot;background_slideshow_slide_duration&quot;:5000,&quot;background_slideshow_slide_transition&quot;:&quot;fade&quot;,&quot;background_slideshow_transition_duration&quot;:500}\">\n\t\t\t\t<\/div>\n\t\t<div class=\"elementor-element elementor-element-1af6746 e-con-full e-flex e-con e-child\" data-id=\"1af6746\" data-element_type=\"container\">\n\t\t\t\t<div class=\"elementor-element elementor-element-ef061dd elementor-widget elementor-widget-heading\" data-id=\"ef061dd\" data-element_type=\"widget\" data-widget_type=\"heading.default\">\n\t\t\t\t<div class=\"elementor-widget-container\">\n\t\t\t\t\t<h2 class=\"elementor-heading-title elementor-size-default\">Soie de Freixo de Espada \u00e0 Cinta<\/h2>\t\t\t\t<\/div>\n\t\t\t\t<\/div>\n\t\t\t\t<div class=\"elementor-element elementor-element-46f0ab6 elementor-widget elementor-widget-text-editor\" data-id=\"46f0ab6\" data-element_type=\"widget\" data-widget_type=\"text-editor.default\">\n\t\t\t\t<div class=\"elementor-widget-container\">\n\t\t\t\t\t\t\t\t\t<p>L&#8217;\u00e9levage du ver \u00e0 soie et l&#8217;artisanat de la soie sont l&#8217;une des traditions qui caract\u00e9risent le plus la ville manu\u00e9line de Freixo de Espada \u00e0 Cinta, qui est actuellement la seule ville du Portugal o\u00f9 l&#8217;on travaille encore ce produit. Le mus\u00e9e de la soie et du territoire, situ\u00e9 \u00e0 Largo do Outeiro, au c\u0153ur du centre historique, dans la paroisse de Freixo de Espada \u00e0 Cinta, a \u00e9t\u00e9 inaugur\u00e9 en ao\u00fbt 2015 et abrite toutes les collections ethnographiques, arch\u00e9ologiques et g\u00e9ologiques de la municipalit\u00e9. Cette collection comprend tous les \u00e9quipements, techniques, mat\u00e9riaux et connaissances associ\u00e9s \u00e0 la soie, image embl\u00e9matique de la municipalit\u00e9 de Freixo de Espada \u00e0 Cinta.<\/p><p>\u00c0 Freixo de Espada \u00e0 Cinta, la soie est travaill\u00e9e \u00e0 100 % \u00e0 la main, \u00e0 l&#8217;aide d&#8217;instruments traditionnels en bois vieux de plusieurs si\u00e8cles. La culture de la soie dans la municipalit\u00e9 a atteint son apog\u00e9e \u00e0 la fin du XVIIIe si\u00e8cle et est ensuite tomb\u00e9e dans l&#8217;oubli. Actuellement, la revitalisation de cet art est en cours et, en 2023, son processus de certification a \u00e9t\u00e9 achev\u00e9, la soie de Freixo de Espada \u00e0 Cinta \u00e9tant d\u00e9sormais reconnue comme une indication g\u00e9ographique et le fil de soie comme une AOP &#8211; Appellation d&#8217;origine prot\u00e9g\u00e9e. En 2022 et 2023, Seda de Freixo de Espada \u00e0 Cinta a \u00e9t\u00e9 honor\u00e9e cons\u00e9cutivement lors de la remise des prix des municipalit\u00e9s de l&#8217;ann\u00e9e, et a \u00e9galement \u00e9t\u00e9 pr\u00e9sente lors de divers \u00e9v\u00e9nements nationaux et internationaux, tels que FITUR \u00e0 Madrid, EXPODUBAI et Portugal Fashion. Parall\u00e8lement, plusieurs accords de partenariat ont \u00e9t\u00e9 sign\u00e9s entre Seda de Freixo de Espada \u00e0 Cinta et diverses organisations, dont le Castelo de S\u00e3o Jorge \u00e0 Lisbonne.<\/p><p><span data-ccp-props=\"{&quot;201341983&quot;:0,&quot;335551550&quot;:6,&quot;335551620&quot;:6,&quot;335559739&quot;:160,&quot;335559740&quot;:360}\">Outre les expositions et les ressources multim\u00e9dias qui expliquent en d\u00e9tail le processus de fabrication de la soie (de la plantation des m\u00fbriers au produit final), les artisans locaux qui travaillent ici exposent et vendent en direct les pi\u00e8ces qu&#8217;ils fabriquent, partageant ainsi avec tous ceux qui visitent cet espace un savoir s\u00e9culaire, transmis de g\u00e9n\u00e9ration en g\u00e9n\u00e9ration. <\/span><\/p>\t\t\t\t\t\t\t\t<\/div>\n\t\t\t\t<\/div>\n\t\t\t\t<\/div>\n\t\t\t\t\t<\/div>\n\t\t\t\t<\/div>\n\t\t<div class=\"elementor-element elementor-element-71892da e-flex e-con-boxed e-con e-parent\" data-id=\"71892da\" data-element_type=\"container\">\n\t\t\t\t\t<div class=\"e-con-inner\">\n\t\t<div class=\"elementor-element elementor-element-47a2ba0 e-con-full e-flex e-con e-child\" data-id=\"47a2ba0\" data-element_type=\"container\">\n\t\t\t\t<div class=\"elementor-element elementor-element-e3fa212 elementor-widget elementor-widget-heading\" data-id=\"e3fa212\" data-element_type=\"widget\" data-widget_type=\"heading.default\">\n\t\t\t\t<div class=\"elementor-widget-container\">\n\t\t\t\t\t<h2 class=\"elementor-heading-title elementor-size-default\">Plats traditionnels : Soupes<\/h2>\t\t\t\t<\/div>\n\t\t\t\t<\/div>\n\t\t\t\t<div class=\"elementor-element elementor-element-e71f168 elementor-widget elementor-widget-text-editor\" data-id=\"e71f168\" data-element_type=\"widget\" data-widget_type=\"text-editor.default\">\n\t\t\t\t<div class=\"elementor-widget-container\">\n\t\t\t\t\t\t\t\t\t<p>Les soupes de tomates, d&#8217;ail, de pommes de terre, d&#8217;\u0153ufs et d&#8217;asperges sont typiques de la commune de Freixo de Espada \u00e0 Cinta et constituaient autrefois l&#8217;un des aliments qui assuraient la subsistance de la population. \u00c9labor\u00e9es pour le d\u00eener avec les produits endog\u00e8nes de la terre, ces soupes \u00e9taient d\u00e9gust\u00e9es le soir et emport\u00e9es le lendemain midi pendant les travaux agricoles, et \u00e9taient donc consid\u00e9r\u00e9es comme l&#8217;aliment de pr\u00e9dilection des agriculteurs. Avec peu d&#8217;ingr\u00e9dients et une pr\u00e9paration rapide, ces soupes sont toujours tr\u00e8s appr\u00e9ci\u00e9es par la population locale et les visiteurs. En hommage \u00e0 cet \u00e9l\u00e9ment caract\u00e9ristique de la commune de Freixo de Espada \u00e0 Cinta, l&#8217;\u00e9v\u00e9nement gastronomique &#8220;Saveurs et Traditions&#8221; a \u00e9t\u00e9 cr\u00e9\u00e9 et a permis de retrouver les saveurs des repas d&#8217;antan \u00e9labor\u00e9s avec les meilleurs produits endog\u00e8nes de la commune de Freixo de Espada \u00e0 Cinta.<\/p>\t\t\t\t\t\t\t\t<\/div>\n\t\t\t\t<\/div>\n\t\t\t\t<\/div>\n\t\t<div class=\"elementor-element elementor-element-33be6d8 e-con-full e-flex e-con e-child\" data-id=\"33be6d8\" data-element_type=\"container\" data-settings=\"{&quot;background_background&quot;:&quot;slideshow&quot;,&quot;background_slideshow_gallery&quot;:[{&quot;id&quot;:44248,&quot;url&quot;:&quot;https:\\\/\\\/www.discoverdouro.pt\\\/wp-content\\\/uploads\\\/2024\\\/01\\\/Docaria-FEC-1-min-scaled.jpg&quot;},{&quot;id&quot;:44253,&quot;url&quot;:&quot;https:\\\/\\\/www.discoverdouro.pt\\\/wp-content\\\/uploads\\\/2024\\\/01\\\/Fumeiro-FEC-1-min-scaled.jpg&quot;},{&quot;id&quot;:44258,&quot;url&quot;:&quot;https:\\\/\\\/www.discoverdouro.pt\\\/wp-content\\\/uploads\\\/2024\\\/01\\\/Fumeiro-FEC-2-min-scaled.jpg&quot;},{&quot;id&quot;:44275,&quot;url&quot;:&quot;https:\\\/\\\/www.discoverdouro.pt\\\/wp-content\\\/uploads\\\/2024\\\/01\\\/Sopas-FEC-1-min-scaled.jpg&quot;},{&quot;id&quot;:44279,&quot;url&quot;:&quot;https:\\\/\\\/www.discoverdouro.pt\\\/wp-content\\\/uploads\\\/2024\\\/01\\\/Tortas-FEC-1-min-scaled.jpg&quot;},{&quot;id&quot;:44283,&quot;url&quot;:&quot;https:\\\/\\\/www.discoverdouro.pt\\\/wp-content\\\/uploads\\\/2024\\\/01\\\/Vinhos-FEC-1-1-min.jpg&quot;},{&quot;id&quot;:44287,&quot;url&quot;:&quot;https:\\\/\\\/www.discoverdouro.pt\\\/wp-content\\\/uploads\\\/2024\\\/01\\\/Vinhos-FEC-1-2-min.jpg&quot;}],&quot;background_slideshow_loop&quot;:&quot;yes&quot;,&quot;background_slideshow_slide_duration&quot;:5000,&quot;background_slideshow_slide_transition&quot;:&quot;fade&quot;,&quot;background_slideshow_transition_duration&quot;:500}\">\n\t\t\t\t<\/div>\n\t\t\t\t\t<\/div>\n\t\t\t\t<\/div>\n\t\t\t\t<\/div>\n\t\t","protected":false},"excerpt":{"rendered":"<p>Saveurs et Savoir-faire Freixo de Espada \u00e0 Cinta Soie de Freixo de Espada \u00e0 Cinta L&#8217;\u00e9levage du ver \u00e0 soie et l&#8217;artisanat de la soie sont l&#8217;une des traditions qui caract\u00e9risent le plus la ville manu\u00e9line de Freixo de Espada \u00e0 Cinta, qui est actuellement la seule ville du Portugal o\u00f9 l&#8217;on travaille encore ce [&hellip;]<\/p>\n","protected":false},"author":41,"featured_media":0,"parent":0,"menu_order":0,"comment_status":"closed","ping_status":"closed","template":"","meta":{"footnotes":""},"class_list":["post-44759","page","type-page","status-publish","hentry"],"acf":[],"yoast_head":"<!-- This site is optimized with the Yoast SEO plugin v26.2 - https:\/\/yoast.com\/wordpress\/plugins\/seo\/ -->\n<title>Saveurs et Savoir-faire Freixo de Espada \u00e0 Cinta - Discover Douro<\/title>\n<meta name=\"robots\" content=\"index, follow, max-snippet:-1, max-image-preview:large, max-video-preview:-1\" \/>\n<link rel=\"canonical\" href=\"https:\/\/discoverdouro.pt\/fr\/saveurs-et-savoir-faire-freixo-de-espada-a-cinta\" \/>\n<meta property=\"og:locale\" content=\"fr_FR\" \/>\n<meta property=\"og:type\" content=\"article\" \/>\n<meta property=\"og:title\" content=\"Saveurs et Savoir-faire Freixo de Espada \u00e0 Cinta - Discover Douro\" \/>\n<meta property=\"og:description\" content=\"Saveurs et Savoir-faire Freixo de Espada \u00e0 Cinta Soie de Freixo de Espada \u00e0 Cinta L&#8217;\u00e9levage du ver \u00e0 soie et l&#8217;artisanat de la soie sont l&#8217;une des traditions qui caract\u00e9risent le plus la ville manu\u00e9line de Freixo de Espada \u00e0 Cinta, qui est actuellement la seule ville du Portugal o\u00f9 l&#8217;on travaille encore ce [&hellip;]\" \/>\n<meta property=\"og:url\" content=\"https:\/\/discoverdouro.pt\/fr\/saveurs-et-savoir-faire-freixo-de-espada-a-cinta\" \/>\n<meta property=\"og:site_name\" content=\"Discover Douro\" \/>\n<meta property=\"article:publisher\" content=\"https:\/\/www.facebook.com\/profile.php?id=61555234744391\" \/>\n<meta property=\"article:modified_time\" content=\"2024-01-22T14:01:15+00:00\" \/>\n<meta property=\"og:image\" content=\"https:\/\/discoverdouro.pt\/wp-content\/uploads\/2024\/01\/Moncorvo_Praia-Fluvial-Foz-do-Sabor12-scaled.jpg\" \/>\n\t<meta property=\"og:image:width\" content=\"2560\" \/>\n\t<meta property=\"og:image:height\" content=\"1920\" \/>\n\t<meta property=\"og:image:type\" content=\"image\/jpeg\" \/>\n<meta name=\"twitter:card\" content=\"summary_large_image\" \/>\n<meta name=\"twitter:site\" content=\"@DiscoverDouro\" \/>\n<meta name=\"twitter:label1\" content=\"Est. reading time\" \/>\n\t<meta name=\"twitter:data1\" content=\"3 minutes\" \/>\n<script type=\"application\/ld+json\" class=\"yoast-schema-graph\">{\"@context\":\"https:\/\/schema.org\",\"@graph\":[{\"@type\":\"WebPage\",\"@id\":\"https:\/\/discoverdouro.pt\/fr\/saveurs-et-savoir-faire-freixo-de-espada-a-cinta\",\"url\":\"https:\/\/discoverdouro.pt\/fr\/saveurs-et-savoir-faire-freixo-de-espada-a-cinta\",\"name\":\"Saveurs et Savoir-faire Freixo de Espada \u00e0 Cinta - Discover Douro\",\"isPartOf\":{\"@id\":\"https:\/\/discoverdouro.pt\/fr#website\"},\"datePublished\":\"2024-01-05T12:15:01+00:00\",\"dateModified\":\"2024-01-22T14:01:15+00:00\",\"breadcrumb\":{\"@id\":\"https:\/\/discoverdouro.pt\/fr\/saveurs-et-savoir-faire-freixo-de-espada-a-cinta#breadcrumb\"},\"inLanguage\":\"fr\",\"potentialAction\":[{\"@type\":\"ReadAction\",\"target\":[\"https:\/\/discoverdouro.pt\/fr\/saveurs-et-savoir-faire-freixo-de-espada-a-cinta\"]}]},{\"@type\":\"BreadcrumbList\",\"@id\":\"https:\/\/discoverdouro.pt\/fr\/saveurs-et-savoir-faire-freixo-de-espada-a-cinta#breadcrumb\",\"itemListElement\":[{\"@type\":\"ListItem\",\"position\":1,\"name\":\"Home\",\"item\":\"https:\/\/discoverdouro.pt\/fr\"},{\"@type\":\"ListItem\",\"position\":2,\"name\":\"Saveurs et Savoir-faire Freixo de Espada \u00e0 Cinta\"}]},{\"@type\":\"WebSite\",\"@id\":\"https:\/\/discoverdouro.pt\/fr#website\",\"url\":\"https:\/\/discoverdouro.pt\/fr\",\"name\":\"Discover Douro\",\"description\":\"O Para\u00edso de Portugal\",\"publisher\":{\"@id\":\"https:\/\/discoverdouro.pt\/fr#organization\"},\"potentialAction\":[{\"@type\":\"SearchAction\",\"target\":{\"@type\":\"EntryPoint\",\"urlTemplate\":\"https:\/\/discoverdouro.pt\/fr?s={search_term_string}\"},\"query-input\":{\"@type\":\"PropertyValueSpecification\",\"valueRequired\":true,\"valueName\":\"search_term_string\"}}],\"inLanguage\":\"fr\"},{\"@type\":\"Organization\",\"@id\":\"https:\/\/discoverdouro.pt\/fr#organization\",\"name\":\"Discover Douro\",\"url\":\"https:\/\/discoverdouro.pt\/fr\",\"logo\":{\"@type\":\"ImageObject\",\"inLanguage\":\"fr\",\"@id\":\"https:\/\/discoverdouro.pt\/fr#\/schema\/logo\/image\/\",\"url\":\"https:\/\/www.discoverdouro.pt\/wp-content\/uploads\/2024\/01\/cropped-Icon_Discover.png\",\"contentUrl\":\"https:\/\/www.discoverdouro.pt\/wp-content\/uploads\/2024\/01\/cropped-Icon_Discover.png\",\"width\":512,\"height\":512,\"caption\":\"Discover Douro\"},\"image\":{\"@id\":\"https:\/\/discoverdouro.pt\/fr#\/schema\/logo\/image\/\"},\"sameAs\":[\"https:\/\/www.facebook.com\/profile.php?id=61555234744391\",\"https:\/\/x.com\/DiscoverDouro\",\"https:\/\/www.instagram.com\/discover.douro\",\"https:\/\/www.tiktok.com\/@discoverdouro\",\"https:\/\/www.linkedin.com\/company\/discover-douro\/\"]}]}<\/script>\n<!-- \/ Yoast SEO plugin. -->","yoast_head_json":{"title":"Saveurs et Savoir-faire Freixo de Espada \u00e0 Cinta - Discover Douro","robots":{"index":"index","follow":"follow","max-snippet":"max-snippet:-1","max-image-preview":"max-image-preview:large","max-video-preview":"max-video-preview:-1"},"canonical":"https:\/\/discoverdouro.pt\/fr\/saveurs-et-savoir-faire-freixo-de-espada-a-cinta","og_locale":"fr_FR","og_type":"article","og_title":"Saveurs et Savoir-faire Freixo de Espada \u00e0 Cinta - Discover Douro","og_description":"Saveurs et Savoir-faire Freixo de Espada \u00e0 Cinta Soie de Freixo de Espada \u00e0 Cinta L&#8217;\u00e9levage du ver \u00e0 soie et l&#8217;artisanat de la soie sont l&#8217;une des traditions qui caract\u00e9risent le plus la ville manu\u00e9line de Freixo de Espada \u00e0 Cinta, qui est actuellement la seule ville du Portugal o\u00f9 l&#8217;on travaille encore ce [&hellip;]","og_url":"https:\/\/discoverdouro.pt\/fr\/saveurs-et-savoir-faire-freixo-de-espada-a-cinta","og_site_name":"Discover Douro","article_publisher":"https:\/\/www.facebook.com\/profile.php?id=61555234744391","article_modified_time":"2024-01-22T14:01:15+00:00","og_image":[{"width":2560,"height":1920,"url":"https:\/\/discoverdouro.pt\/wp-content\/uploads\/2024\/01\/Moncorvo_Praia-Fluvial-Foz-do-Sabor12-scaled.jpg","type":"image\/jpeg"}],"twitter_card":"summary_large_image","twitter_site":"@DiscoverDouro","twitter_misc":{"Est. reading time":"3 minutes"},"schema":{"@context":"https:\/\/schema.org","@graph":[{"@type":"WebPage","@id":"https:\/\/discoverdouro.pt\/fr\/saveurs-et-savoir-faire-freixo-de-espada-a-cinta","url":"https:\/\/discoverdouro.pt\/fr\/saveurs-et-savoir-faire-freixo-de-espada-a-cinta","name":"Saveurs et Savoir-faire Freixo de Espada \u00e0 Cinta - Discover Douro","isPartOf":{"@id":"https:\/\/discoverdouro.pt\/fr#website"},"datePublished":"2024-01-05T12:15:01+00:00","dateModified":"2024-01-22T14:01:15+00:00","breadcrumb":{"@id":"https:\/\/discoverdouro.pt\/fr\/saveurs-et-savoir-faire-freixo-de-espada-a-cinta#breadcrumb"},"inLanguage":"fr","potentialAction":[{"@type":"ReadAction","target":["https:\/\/discoverdouro.pt\/fr\/saveurs-et-savoir-faire-freixo-de-espada-a-cinta"]}]},{"@type":"BreadcrumbList","@id":"https:\/\/discoverdouro.pt\/fr\/saveurs-et-savoir-faire-freixo-de-espada-a-cinta#breadcrumb","itemListElement":[{"@type":"ListItem","position":1,"name":"Home","item":"https:\/\/discoverdouro.pt\/fr"},{"@type":"ListItem","position":2,"name":"Saveurs et Savoir-faire Freixo de Espada \u00e0 Cinta"}]},{"@type":"WebSite","@id":"https:\/\/discoverdouro.pt\/fr#website","url":"https:\/\/discoverdouro.pt\/fr","name":"Discover Douro","description":"O Para\u00edso de Portugal","publisher":{"@id":"https:\/\/discoverdouro.pt\/fr#organization"},"potentialAction":[{"@type":"SearchAction","target":{"@type":"EntryPoint","urlTemplate":"https:\/\/discoverdouro.pt\/fr?s={search_term_string}"},"query-input":{"@type":"PropertyValueSpecification","valueRequired":true,"valueName":"search_term_string"}}],"inLanguage":"fr"},{"@type":"Organization","@id":"https:\/\/discoverdouro.pt\/fr#organization","name":"Discover Douro","url":"https:\/\/discoverdouro.pt\/fr","logo":{"@type":"ImageObject","inLanguage":"fr","@id":"https:\/\/discoverdouro.pt\/fr#\/schema\/logo\/image\/","url":"https:\/\/www.discoverdouro.pt\/wp-content\/uploads\/2024\/01\/cropped-Icon_Discover.png","contentUrl":"https:\/\/www.discoverdouro.pt\/wp-content\/uploads\/2024\/01\/cropped-Icon_Discover.png","width":512,"height":512,"caption":"Discover Douro"},"image":{"@id":"https:\/\/discoverdouro.pt\/fr#\/schema\/logo\/image\/"},"sameAs":["https:\/\/www.facebook.com\/profile.php?id=61555234744391","https:\/\/x.com\/DiscoverDouro","https:\/\/www.instagram.com\/discover.douro","https:\/\/www.tiktok.com\/@discoverdouro","https:\/\/www.linkedin.com\/company\/discover-douro\/"]}]}},"_links":{"self":[{"href":"https:\/\/discoverdouro.pt\/fr\/wp-json\/wp\/v2\/pages\/44759","targetHints":{"allow":["GET"]}}],"collection":[{"href":"https:\/\/discoverdouro.pt\/fr\/wp-json\/wp\/v2\/pages"}],"about":[{"href":"https:\/\/discoverdouro.pt\/fr\/wp-json\/wp\/v2\/types\/page"}],"author":[{"embeddable":true,"href":"https:\/\/discoverdouro.pt\/fr\/wp-json\/wp\/v2\/users\/41"}],"replies":[{"embeddable":true,"href":"https:\/\/discoverdouro.pt\/fr\/wp-json\/wp\/v2\/comments?post=44759"}],"version-history":[{"count":15,"href":"https:\/\/discoverdouro.pt\/fr\/wp-json\/wp\/v2\/pages\/44759\/revisions"}],"predecessor-version":[{"id":46708,"href":"https:\/\/discoverdouro.pt\/fr\/wp-json\/wp\/v2\/pages\/44759\/revisions\/46708"}],"wp:attachment":[{"href":"https:\/\/discoverdouro.pt\/fr\/wp-json\/wp\/v2\/media?parent=44759"}],"curies":[{"name":"wp","href":"https:\/\/api.w.org\/{rel}","templated":true}]}}