{"id":44778,"date":"2024-01-05T13:20:37","date_gmt":"2024-01-05T13:20:37","guid":{"rendered":"https:\/\/discoverdouro.digiupdev.com\/?page_id=44778"},"modified":"2024-01-22T14:01:19","modified_gmt":"2024-01-22T14:01:19","slug":"saveurs-et-savoir-faire-lamego","status":"publish","type":"page","link":"https:\/\/discoverdouro.pt\/fr\/saveurs-et-savoir-faire-lamego","title":{"rendered":"Saveurs et Savoir-faire Lamego"},"content":{"rendered":"\t\t<div data-elementor-type=\"wp-page\" data-elementor-id=\"44778\" class=\"elementor elementor-44778 elementor-43720\" data-elementor-post-type=\"page\">\n\t\t\t\t\t\t<section class=\"elementor-section elementor-top-section elementor-element elementor-element-e807fff elementor-section-stretched elementor-section-boxed elementor-section-height-default elementor-section-height-default\" data-id=\"e807fff\" data-element_type=\"section\" data-settings=\"{&quot;stretch_section&quot;:&quot;section-stretched&quot;,&quot;background_background&quot;:&quot;classic&quot;}\">\n\t\t\t\t\t\t\t<div class=\"elementor-background-overlay\"><\/div>\n\t\t\t\t\t\t\t<div class=\"elementor-container elementor-column-gap-default\">\n\t\t\t\t\t<div class=\"elementor-column elementor-col-100 elementor-top-column elementor-element elementor-element-39c5684\" data-id=\"39c5684\" data-element_type=\"column\">\n\t\t\t<div class=\"elementor-widget-wrap elementor-element-populated\">\n\t\t\t\t\t\t<div class=\"elementor-element elementor-element-a14348e elementor-widget elementor-widget-heading\" data-id=\"a14348e\" data-element_type=\"widget\" data-widget_type=\"heading.default\">\n\t\t\t\t<div class=\"elementor-widget-container\">\n\t\t\t\t\t<h1 class=\"elementor-heading-title elementor-size-default\">Saveurs et Savoir-faire<\/h1>\t\t\t\t<\/div>\n\t\t\t\t<\/div>\n\t\t\t\t<div class=\"elementor-element elementor-element-ad5fee6 elementor-widget elementor-widget-heading\" data-id=\"ad5fee6\" data-element_type=\"widget\" data-widget_type=\"heading.default\">\n\t\t\t\t<div class=\"elementor-widget-container\">\n\t\t\t\t\t<h1 class=\"elementor-heading-title elementor-size-default\">Lamego<\/h1>\t\t\t\t<\/div>\n\t\t\t\t<\/div>\n\t\t\t\t\t<\/div>\n\t\t<\/div>\n\t\t\t\t\t<\/div>\n\t\t<\/section>\n\t\t<div class=\"elementor-element elementor-element-6789b00 e-flex e-con-boxed e-con e-parent\" data-id=\"6789b00\" data-element_type=\"container\">\n\t\t\t\t\t<div class=\"e-con-inner\">\n\t\t\t\t<div class=\"elementor-element elementor-element-6448712 elementor-widget elementor-widget-heading\" data-id=\"6448712\" data-element_type=\"widget\" data-widget_type=\"heading.default\">\n\t\t\t\t<div class=\"elementor-widget-container\">\n\t\t\t\t\t<h2 class=\"elementor-heading-title elementor-size-default\">Histoire de la B\u00f4la de Lamego<\/h2>\t\t\t\t<\/div>\n\t\t\t\t<\/div>\n\t\t\t\t<div class=\"elementor-element elementor-element-1acb5c3 elementor-widget elementor-widget-text-editor\" data-id=\"1acb5c3\" data-element_type=\"widget\" data-widget_type=\"text-editor.default\">\n\t\t\t\t<div class=\"elementor-widget-container\">\n\t\t\t\t\t\t\t\t\t<p>C&#8217;\u00e9tait en 1139&#8230;<br \/>&#8230; l&#8217;\u00e9glise Santa Maria Maior d&#8217;Almacave ouvre ses portes pour accueillir le roi Afonso Henriques \u00e0 l&#8217;occasion des l\u00e9gendaires &#8220;Tribunaux de Lamego&#8221;.<br \/>les l\u00e9gendaires tribunaux de Lamego, les premiers au Portugal, symboliquement identifi\u00e9s avec la fondation de la nationalit\u00e9, o\u00f9 les r\u00e8gles de succession au tr\u00f4ne ont \u00e9t\u00e9 \u00e9tablies et o\u00f9 Afonso Henriques a \u00e9t\u00e9 acclam\u00e9 premier roi du Portugal.<\/p><p><br \/>La l\u00e9gende veut que ce soit la premi\u00e8re fois que l&#8217;on produise la &#8220;B\u00f4la de Lamego&#8221;.<\/p><p><br \/>La ville n&#8217;\u00e9tait pas pr\u00e9par\u00e9e \u00e0 l&#8217;afflux d&#8217;un si grand nombre de personnes qui se d\u00e9pla\u00e7aient pour assister \u00e0 la r\u00e9union des &#8220;premi\u00e8res cours&#8221; et il fallut nourrir ces gens et, sur un coup de t\u00eate, la farine de bl\u00e9 produite dans la partie haute de la ville, qui re\u00e7ut le nom de Seara, apr\u00e8s avoir \u00e9t\u00e9 lev\u00e9e, fut rejointe par de la viande de porc sal\u00e9e, fum\u00e9e ou dans du vin d&#8217;ail, qui, apr\u00e8s avoir \u00e9t\u00e9 cuite dans un four \u00e0 bois, donna naissance \u00e0 l&#8217;un des principaux mets gastronomiques nationaux, dont l&#8217;excellence perdure encore aujourd&#8217;hui.<\/p><p>Qu&#8217;il s&#8217;agisse de jambon, de salpic\u00e3o, de sardines, de morue, de viande au vin d&#8217;ail, de jambon, d&#8217;\u00e9paule fum\u00e9e, ou d&#8217;autres variantes et recettes plus modernes, la B\u00f4la de Lamego peut \u00eatre servie en entr\u00e9e, en collation ou m\u00eame en repas l\u00e9ger, toujours accompagn\u00e9e d&#8217;un bon vin ou d&#8217;un vin mousseux de Lamego.<\/p><p>Apr\u00e8s l&#8217;acclamation du roi du Portugal, les peuples repr\u00e9sent\u00e9s \u00e0 la r\u00e9union des C\u00f4rtes auraient prononc\u00e9 le &#8220;cri d&#8217;Almacave&#8221; en latin &#8220;Nos liberi sumus, Rex noster liber est, manus nostrae nos liberverunt&#8221;, ce qui signifie en portugais &#8220;Nous sommes libres, notre roi est libre, et nos mains nous ont lib\u00e9r\u00e9s&#8221;.<\/p>\t\t\t\t\t\t\t\t<\/div>\n\t\t\t\t<\/div>\n\t\t\t\t\t<\/div>\n\t\t\t\t<\/div>\n\t\t<div class=\"elementor-element elementor-element-cf583cf e-con-full e-flex e-con e-parent\" data-id=\"cf583cf\" data-element_type=\"container\">\n\t\t\t\t<div class=\"elementor-element elementor-element-0da2290 elementor-widget elementor-widget-gallery\" data-id=\"0da2290\" data-element_type=\"widget\" data-settings=\"{&quot;lazyload&quot;:&quot;yes&quot;,&quot;gallery_layout&quot;:&quot;grid&quot;,&quot;columns&quot;:4,&quot;columns_tablet&quot;:2,&quot;columns_mobile&quot;:1,&quot;gap&quot;:{&quot;unit&quot;:&quot;px&quot;,&quot;size&quot;:10,&quot;sizes&quot;:[]},&quot;gap_laptop&quot;:{&quot;unit&quot;:&quot;px&quot;,&quot;size&quot;:10,&quot;sizes&quot;:[]},&quot;gap_tablet&quot;:{&quot;unit&quot;:&quot;px&quot;,&quot;size&quot;:10,&quot;sizes&quot;:[]},&quot;gap_mobile&quot;:{&quot;unit&quot;:&quot;px&quot;,&quot;size&quot;:10,&quot;sizes&quot;:[]},&quot;link_to&quot;:&quot;file&quot;,&quot;aspect_ratio&quot;:&quot;3:2&quot;,&quot;overlay_background&quot;:&quot;yes&quot;,&quot;content_hover_animation&quot;:&quot;fade-in&quot;}\" data-widget_type=\"gallery.default\">\n\t\t\t\t<div class=\"elementor-widget-container\">\n\t\t\t\t\t\t\t<div class=\"elementor-gallery__container\">\n\t\t\t\t\t\t\t<a class=\"e-gallery-item elementor-gallery-item elementor-animated-content\" href=\"https:\/\/discoverdouro.pt\/wp-content\/uploads\/2024\/01\/Bola1.jpg\" data-elementor-open-lightbox=\"yes\" data-elementor-lightbox-slideshow=\"0da2290\" data-elementor-lightbox-title=\"B\u00f4la1\" data-e-action-hash=\"#elementor-action%3Aaction%3Dlightbox%26settings%3DeyJpZCI6NDM3MjksInVybCI6Imh0dHBzOlwvXC9kaXNjb3ZlcmRvdXJvLnB0XC93cC1jb250ZW50XC91cGxvYWRzXC8yMDI0XC8wMVwvQm9sYTEuanBnIiwic2xpZGVzaG93IjoiMGRhMjI5MCJ9\">\n\t\t\t\t\t<div class=\"e-gallery-image elementor-gallery-item__image\" data-thumbnail=\"https:\/\/discoverdouro.pt\/wp-content\/uploads\/2024\/01\/Bola1.jpg\" data-width=\"2292\" data-height=\"1325\" aria-label=\"\" role=\"img\" ><\/div>\n\t\t\t\t\t\t\t\t\t\t\t<div class=\"elementor-gallery-item__overlay\"><\/div>\n\t\t\t\t\t\t\t\t\t\t\t\t\t\t<\/a>\n\t\t\t\t\t\t\t<a class=\"e-gallery-item elementor-gallery-item elementor-animated-content\" href=\"https:\/\/discoverdouro.pt\/wp-content\/uploads\/2024\/01\/Bola2.jpg\" data-elementor-open-lightbox=\"yes\" data-elementor-lightbox-slideshow=\"0da2290\" data-elementor-lightbox-title=\"B\u00f4la2\" data-e-action-hash=\"#elementor-action%3Aaction%3Dlightbox%26settings%3DeyJpZCI6NDM3MzMsInVybCI6Imh0dHBzOlwvXC9kaXNjb3ZlcmRvdXJvLnB0XC93cC1jb250ZW50XC91cGxvYWRzXC8yMDI0XC8wMVwvQm9sYTIuanBnIiwic2xpZGVzaG93IjoiMGRhMjI5MCJ9\">\n\t\t\t\t\t<div class=\"e-gallery-image elementor-gallery-item__image\" data-thumbnail=\"https:\/\/discoverdouro.pt\/wp-content\/uploads\/2024\/01\/Bola2.jpg\" data-width=\"1902\" data-height=\"1084\" aria-label=\"\" role=\"img\" ><\/div>\n\t\t\t\t\t\t\t\t\t\t\t<div class=\"elementor-gallery-item__overlay\"><\/div>\n\t\t\t\t\t\t\t\t\t\t\t\t\t\t<\/a>\n\t\t\t\t\t\t\t<a class=\"e-gallery-item elementor-gallery-item elementor-animated-content\" href=\"https:\/\/discoverdouro.pt\/wp-content\/uploads\/2024\/01\/Bola3.jpg\" data-elementor-open-lightbox=\"yes\" data-elementor-lightbox-slideshow=\"0da2290\" data-elementor-lightbox-title=\"B\u00f4la3\" data-e-action-hash=\"#elementor-action%3Aaction%3Dlightbox%26settings%3DeyJpZCI6NDM3MzcsInVybCI6Imh0dHBzOlwvXC9kaXNjb3ZlcmRvdXJvLnB0XC93cC1jb250ZW50XC91cGxvYWRzXC8yMDI0XC8wMVwvQm9sYTMuanBnIiwic2xpZGVzaG93IjoiMGRhMjI5MCJ9\">\n\t\t\t\t\t<div class=\"e-gallery-image elementor-gallery-item__image\" data-thumbnail=\"https:\/\/discoverdouro.pt\/wp-content\/uploads\/2024\/01\/Bola3.jpg\" data-width=\"1460\" data-height=\"782\" aria-label=\"\" role=\"img\" ><\/div>\n\t\t\t\t\t\t\t\t\t\t\t<div class=\"elementor-gallery-item__overlay\"><\/div>\n\t\t\t\t\t\t\t\t\t\t\t\t\t\t<\/a>\n\t\t\t\t\t\t\t<a class=\"e-gallery-item elementor-gallery-item elementor-animated-content\" href=\"https:\/\/discoverdouro.pt\/wp-content\/uploads\/2024\/01\/Bolo4.jpg\" data-elementor-open-lightbox=\"yes\" data-elementor-lightbox-slideshow=\"0da2290\" data-elementor-lightbox-title=\"B\u00f4lo4\" data-e-action-hash=\"#elementor-action%3Aaction%3Dlightbox%26settings%3DeyJpZCI6NDM3NDEsInVybCI6Imh0dHBzOlwvXC9kaXNjb3ZlcmRvdXJvLnB0XC93cC1jb250ZW50XC91cGxvYWRzXC8yMDI0XC8wMVwvQm9sbzQuanBnIiwic2xpZGVzaG93IjoiMGRhMjI5MCJ9\">\n\t\t\t\t\t<div class=\"e-gallery-image elementor-gallery-item__image\" data-thumbnail=\"https:\/\/discoverdouro.pt\/wp-content\/uploads\/2024\/01\/Bolo4.jpg\" data-width=\"2022\" data-height=\"1173\" aria-label=\"\" role=\"img\" ><\/div>\n\t\t\t\t\t\t\t\t\t\t\t<div class=\"elementor-gallery-item__overlay\"><\/div>\n\t\t\t\t\t\t\t\t\t\t\t\t\t\t<\/a>\n\t\t\t\t\t<\/div>\n\t\t\t\t\t<\/div>\n\t\t\t\t<\/div>\n\t\t\t\t<\/div>\n\t\t<div class=\"elementor-element elementor-element-95d55ad e-flex e-con-boxed e-con e-parent\" data-id=\"95d55ad\" data-element_type=\"container\">\n\t\t\t\t\t<div class=\"e-con-inner\">\n\t\t\t\t<div class=\"elementor-element elementor-element-d50d821 elementor-widget elementor-widget-heading\" data-id=\"d50d821\" data-element_type=\"widget\" data-widget_type=\"heading.default\">\n\t\t\t\t<div class=\"elementor-widget-container\">\n\t\t\t\t\t<h3 class=\"elementor-heading-title elementor-size-default\">Autres produits repr\u00e9sentatifs<\/h3>\t\t\t\t<\/div>\n\t\t\t\t<\/div>\n\t\t<div class=\"elementor-element elementor-element-4ab7a3c e-flex e-con-boxed e-con e-child\" data-id=\"4ab7a3c\" data-element_type=\"container\">\n\t\t\t\t\t<div class=\"e-con-inner\">\n\t\t\t\t<div class=\"elementor-element elementor-element-01b2a13 elementor-icon-list--layout-inline elementor-align-center elementor-list-item-link-full_width elementor-widget elementor-widget-icon-list\" data-id=\"01b2a13\" data-element_type=\"widget\" data-widget_type=\"icon-list.default\">\n\t\t\t\t<div class=\"elementor-widget-container\">\n\t\t\t\t\t\t\t<ul class=\"elementor-icon-list-items elementor-inline-items\">\n\t\t\t\t\t\t\t<li class=\"elementor-icon-list-item elementor-inline-item\">\n\t\t\t\t\t\t\t\t\t\t<span class=\"elementor-icon-list-text\">Vin de Porto<\/span>\n\t\t\t\t\t\t\t\t\t<\/li>\n\t\t\t\t\t\t\t\t<li class=\"elementor-icon-list-item elementor-inline-item\">\n\t\t\t\t\t\t\t\t\t\t<span class=\"elementor-icon-list-text\">Vin de table<\/span>\n\t\t\t\t\t\t\t\t\t<\/li>\n\t\t\t\t\t\t\t\t<li class=\"elementor-icon-list-item elementor-inline-item\">\n\t\t\t\t\t\t\t\t\t\t<span class=\"elementor-icon-list-text\">Vin mousseux<\/span>\n\t\t\t\t\t\t\t\t\t<\/li>\n\t\t\t\t\t\t\t\t<li class=\"elementor-icon-list-item elementor-inline-item\">\n\t\t\t\t\t\t\t\t\t\t<span class=\"elementor-icon-list-text\">Cerise<\/span>\n\t\t\t\t\t\t\t\t\t<\/li>\n\t\t\t\t\t\t\t\t<li class=\"elementor-icon-list-item elementor-inline-item\">\n\t\t\t\t\t\t\t\t\t\t<span class=\"elementor-icon-list-text\">Jambon<\/span>\n\t\t\t\t\t\t\t\t\t<\/li>\n\t\t\t\t\t\t\t\t<li class=\"elementor-icon-list-item elementor-inline-item\">\n\t\t\t\t\t\t\t\t\t\t<span class=\"elementor-icon-list-text\">Saucisses<\/span>\n\t\t\t\t\t\t\t\t\t<\/li>\n\t\t\t\t\t\t\t\t<li class=\"elementor-icon-list-item elementor-inline-item\">\n\t\t\t\t\t\t\t\t\t\t<span class=\"elementor-icon-list-text\">Masque de lazarim<\/span>\n\t\t\t\t\t\t\t\t\t<\/li>\n\t\t\t\t\t\t\t\t<li class=\"elementor-icon-list-item elementor-inline-item\">\n\t\t\t\t\t\t\t\t\t\t<span class=\"elementor-icon-list-text\">Biscoito da Teixeira<\/span>\n\t\t\t\t\t\t\t\t\t<\/li>\n\t\t\t\t\t\t\t\t<li class=\"elementor-icon-list-item elementor-inline-item\">\n\t\t\t\t\t\t\t\t\t\t<span class=\"elementor-icon-list-text\">Lamegos (sucreries)<\/span>\n\t\t\t\t\t\t\t\t\t<\/li>\n\t\t\t\t\t\t\t\t<li class=\"elementor-icon-list-item elementor-inline-item\">\n\t\t\t\t\t\t\t\t\t\t<span class=\"elementor-icon-list-text\">Tarte au Lamego<\/span>\n\t\t\t\t\t\t\t\t\t<\/li>\n\t\t\t\t\t\t<\/ul>\n\t\t\t\t\t\t<\/div>\n\t\t\t\t<\/div>\n\t\t\t\t\t<\/div>\n\t\t\t\t<\/div>\n\t\t\t\t\t<\/div>\n\t\t\t\t<\/div>\n\t\t<div class=\"elementor-element elementor-element-c839d84 e-flex e-con-boxed e-con e-parent\" data-id=\"c839d84\" data-element_type=\"container\">\n\t\t\t\t\t<div class=\"e-con-inner\">\n\t\t\t\t<div class=\"elementor-element elementor-element-642139b elementor-widget elementor-widget-heading\" data-id=\"642139b\" data-element_type=\"widget\" data-widget_type=\"heading.default\">\n\t\t\t\t<div class=\"elementor-widget-container\">\n\t\t\t\t\t<h3 class=\"elementor-heading-title elementor-size-default\">Les richesses gastronomiques de Lamego<\/h3>\t\t\t\t<\/div>\n\t\t\t\t<\/div>\n\t\t<div class=\"elementor-element elementor-element-2fe0930 e-flex e-con-boxed e-con e-child\" data-id=\"2fe0930\" data-element_type=\"container\">\n\t\t\t\t\t<div class=\"e-con-inner\">\n\t\t\t\t<div class=\"elementor-element elementor-element-b961adb elementor-widget elementor-widget-text-editor\" data-id=\"b961adb\" data-element_type=\"widget\" data-widget_type=\"text-editor.default\">\n\t\t\t\t<div class=\"elementor-widget-container\">\n\t\t\t\t\t\t\t\t\t<p>Terre de saveurs et de traditions, Lamego poss\u00e8de une gastronomie unique, un paradis de la bonne ch\u00e8re et de la diversit\u00e9, des plats aux sucreries traditionnelles.<\/p>\n<p>Le lapin sauvage, ainsi que les d\u00e9licieux snacks au jambon, les saucisses de porc, le Biscoito da Teixeira, les &#8220;Lamegos&#8221;, entre autres, et les fruits juteux des vergers qui s&#8217;\u00e9tendent \u00e0 perte de vue le long des pentes ensoleill\u00e9es des terres du Douro, ne sont que quelques-uns des d\u00e9lices qui raviront le client le plus exigeant.<\/p>\n<p>Cependant, le plat principal est le chevreau r\u00f4ti accompagn\u00e9 de riz cuit au four et de pommes de terre r\u00f4ties.<\/p>\n<p>Ingr\u00e9dients : Chevreau, pommes de terre rondes, ail, laurier, paprika, persil, vin blanc, huile d&#8217;olive, saindoux et sel.<\/p>\n<p>Une fois le chevreau bien nettoy\u00e9, enlever l&#8217;exc\u00e8s de graisse qui recouvre la peau.<br>Dans un bol, ajouter l&#8217;ail \u00e9cras\u00e9, le laurier, le paprika, l&#8217;huile d&#8217;olive, le saindoux et le gros sel pour assaisonner la viande.<\/p>\n<p>Graisser le chevreau avec l&#8217;assaisonnement dans un plat \u00e0 r\u00f4tir en terre, ajouter le brin de persil et le vin blanc au chevreau et laisser mariner toute la nuit.<br>Le lendemain, mettre le plat au four et ajouter le vin et le persil.<\/p>\n<p>\u00c9plucher les pommes de terre et les faire bouillir enti\u00e8res dans de l&#8217;eau sal\u00e9e pendant environ 10 minutes.<\/p>\n<p>Lorsque le chevreau est presque cuit, r\u00e9partir les pommes de terre sur la r\u00f4tissoire et les napper de la sauce de la r\u00f4tissoire.<\/p>\n<p>La sagesse alli\u00e9e \u00e0 l&#8217;art de la bonne cuisine et accompagn\u00e9e d&#8217;un bon vin fougueux ou d&#8217;un excellent vin mousseux, conf\u00e8rent \u00e0 la gastronomie lam\u00e9canienne son authenticit\u00e9 et sa saveur.<\/p>\t\t\t\t\t\t\t\t<\/div>\n\t\t\t\t<\/div>\n\t\t\t\t\t<\/div>\n\t\t\t\t<\/div>\n\t\t\t\t\t<\/div>\n\t\t\t\t<\/div>\n\t\t\t\t<\/div>\n\t\t","protected":false},"excerpt":{"rendered":"<p>Saveurs et Savoir-faire Lamego Histoire de la B\u00f4la de Lamego C&#8217;\u00e9tait en 1139&#8230;&#8230; l&#8217;\u00e9glise Santa Maria Maior d&#8217;Almacave ouvre ses portes pour accueillir le roi Afonso Henriques \u00e0 l&#8217;occasion des l\u00e9gendaires &#8220;Tribunaux de Lamego&#8221;.les l\u00e9gendaires tribunaux de Lamego, les premiers au Portugal, symboliquement identifi\u00e9s avec la fondation de la nationalit\u00e9, o\u00f9 les r\u00e8gles de succession [&hellip;]<\/p>\n","protected":false},"author":41,"featured_media":0,"parent":0,"menu_order":0,"comment_status":"closed","ping_status":"closed","template":"","meta":{"footnotes":""},"class_list":["post-44778","page","type-page","status-publish","hentry"],"acf":[],"yoast_head":"<!-- This site is optimized with the Yoast SEO plugin v26.2 - https:\/\/yoast.com\/wordpress\/plugins\/seo\/ -->\n<title>Saveurs et Savoir-faire Lamego - Discover Douro<\/title>\n<meta name=\"robots\" content=\"index, follow, max-snippet:-1, max-image-preview:large, max-video-preview:-1\" \/>\n<link rel=\"canonical\" href=\"https:\/\/discoverdouro.pt\/fr\/saveurs-et-savoir-faire-lamego\" \/>\n<meta property=\"og:locale\" content=\"fr_FR\" \/>\n<meta property=\"og:type\" content=\"article\" \/>\n<meta property=\"og:title\" content=\"Saveurs et Savoir-faire Lamego - Discover Douro\" \/>\n<meta property=\"og:description\" content=\"Saveurs et Savoir-faire Lamego Histoire de la B\u00f4la de Lamego C&#8217;\u00e9tait en 1139&#8230;&#8230; l&#8217;\u00e9glise Santa Maria Maior d&#8217;Almacave ouvre ses portes pour accueillir le roi Afonso Henriques \u00e0 l&#8217;occasion des l\u00e9gendaires &#8220;Tribunaux de Lamego&#8221;.les l\u00e9gendaires tribunaux de Lamego, les premiers au Portugal, symboliquement identifi\u00e9s avec la fondation de la nationalit\u00e9, o\u00f9 les r\u00e8gles de succession [&hellip;]\" \/>\n<meta property=\"og:url\" content=\"https:\/\/discoverdouro.pt\/fr\/saveurs-et-savoir-faire-lamego\" \/>\n<meta property=\"og:site_name\" content=\"Discover Douro\" \/>\n<meta property=\"article:publisher\" content=\"https:\/\/www.facebook.com\/profile.php?id=61555234744391\" \/>\n<meta property=\"article:modified_time\" content=\"2024-01-22T14:01:19+00:00\" \/>\n<meta property=\"og:image\" content=\"https:\/\/discoverdouro.pt\/wp-content\/uploads\/2024\/01\/Moncorvo_Praia-Fluvial-Foz-do-Sabor12-scaled.jpg\" \/>\n\t<meta property=\"og:image:width\" content=\"2560\" \/>\n\t<meta property=\"og:image:height\" content=\"1920\" \/>\n\t<meta property=\"og:image:type\" content=\"image\/jpeg\" \/>\n<meta name=\"twitter:card\" content=\"summary_large_image\" \/>\n<meta name=\"twitter:site\" content=\"@DiscoverDouro\" \/>\n<meta name=\"twitter:label1\" content=\"Est. reading time\" \/>\n\t<meta name=\"twitter:data1\" content=\"4 minutes\" \/>\n<script type=\"application\/ld+json\" class=\"yoast-schema-graph\">{\"@context\":\"https:\/\/schema.org\",\"@graph\":[{\"@type\":\"WebPage\",\"@id\":\"https:\/\/discoverdouro.pt\/fr\/saveurs-et-savoir-faire-lamego\",\"url\":\"https:\/\/discoverdouro.pt\/fr\/saveurs-et-savoir-faire-lamego\",\"name\":\"Saveurs et Savoir-faire Lamego - Discover Douro\",\"isPartOf\":{\"@id\":\"https:\/\/discoverdouro.pt\/fr#website\"},\"datePublished\":\"2024-01-05T13:20:37+00:00\",\"dateModified\":\"2024-01-22T14:01:19+00:00\",\"breadcrumb\":{\"@id\":\"https:\/\/discoverdouro.pt\/fr\/saveurs-et-savoir-faire-lamego#breadcrumb\"},\"inLanguage\":\"fr\",\"potentialAction\":[{\"@type\":\"ReadAction\",\"target\":[\"https:\/\/discoverdouro.pt\/fr\/saveurs-et-savoir-faire-lamego\"]}]},{\"@type\":\"BreadcrumbList\",\"@id\":\"https:\/\/discoverdouro.pt\/fr\/saveurs-et-savoir-faire-lamego#breadcrumb\",\"itemListElement\":[{\"@type\":\"ListItem\",\"position\":1,\"name\":\"Home\",\"item\":\"https:\/\/discoverdouro.pt\/fr\"},{\"@type\":\"ListItem\",\"position\":2,\"name\":\"Saveurs et Savoir-faire Lamego\"}]},{\"@type\":\"WebSite\",\"@id\":\"https:\/\/discoverdouro.pt\/fr#website\",\"url\":\"https:\/\/discoverdouro.pt\/fr\",\"name\":\"Discover Douro\",\"description\":\"O Para\u00edso de Portugal\",\"publisher\":{\"@id\":\"https:\/\/discoverdouro.pt\/fr#organization\"},\"potentialAction\":[{\"@type\":\"SearchAction\",\"target\":{\"@type\":\"EntryPoint\",\"urlTemplate\":\"https:\/\/discoverdouro.pt\/fr?s={search_term_string}\"},\"query-input\":{\"@type\":\"PropertyValueSpecification\",\"valueRequired\":true,\"valueName\":\"search_term_string\"}}],\"inLanguage\":\"fr\"},{\"@type\":\"Organization\",\"@id\":\"https:\/\/discoverdouro.pt\/fr#organization\",\"name\":\"Discover Douro\",\"url\":\"https:\/\/discoverdouro.pt\/fr\",\"logo\":{\"@type\":\"ImageObject\",\"inLanguage\":\"fr\",\"@id\":\"https:\/\/discoverdouro.pt\/fr#\/schema\/logo\/image\/\",\"url\":\"https:\/\/www.discoverdouro.pt\/wp-content\/uploads\/2024\/01\/cropped-Icon_Discover.png\",\"contentUrl\":\"https:\/\/www.discoverdouro.pt\/wp-content\/uploads\/2024\/01\/cropped-Icon_Discover.png\",\"width\":512,\"height\":512,\"caption\":\"Discover Douro\"},\"image\":{\"@id\":\"https:\/\/discoverdouro.pt\/fr#\/schema\/logo\/image\/\"},\"sameAs\":[\"https:\/\/www.facebook.com\/profile.php?id=61555234744391\",\"https:\/\/x.com\/DiscoverDouro\",\"https:\/\/www.instagram.com\/discover.douro\",\"https:\/\/www.tiktok.com\/@discoverdouro\",\"https:\/\/www.linkedin.com\/company\/discover-douro\/\"]}]}<\/script>\n<!-- \/ Yoast SEO plugin. -->","yoast_head_json":{"title":"Saveurs et Savoir-faire Lamego - Discover Douro","robots":{"index":"index","follow":"follow","max-snippet":"max-snippet:-1","max-image-preview":"max-image-preview:large","max-video-preview":"max-video-preview:-1"},"canonical":"https:\/\/discoverdouro.pt\/fr\/saveurs-et-savoir-faire-lamego","og_locale":"fr_FR","og_type":"article","og_title":"Saveurs et Savoir-faire Lamego - Discover Douro","og_description":"Saveurs et Savoir-faire Lamego Histoire de la B\u00f4la de Lamego C&#8217;\u00e9tait en 1139&#8230;&#8230; l&#8217;\u00e9glise Santa Maria Maior d&#8217;Almacave ouvre ses portes pour accueillir le roi Afonso Henriques \u00e0 l&#8217;occasion des l\u00e9gendaires &#8220;Tribunaux de Lamego&#8221;.les l\u00e9gendaires tribunaux de Lamego, les premiers au Portugal, symboliquement identifi\u00e9s avec la fondation de la nationalit\u00e9, o\u00f9 les r\u00e8gles de succession [&hellip;]","og_url":"https:\/\/discoverdouro.pt\/fr\/saveurs-et-savoir-faire-lamego","og_site_name":"Discover Douro","article_publisher":"https:\/\/www.facebook.com\/profile.php?id=61555234744391","article_modified_time":"2024-01-22T14:01:19+00:00","og_image":[{"width":2560,"height":1920,"url":"https:\/\/discoverdouro.pt\/wp-content\/uploads\/2024\/01\/Moncorvo_Praia-Fluvial-Foz-do-Sabor12-scaled.jpg","type":"image\/jpeg"}],"twitter_card":"summary_large_image","twitter_site":"@DiscoverDouro","twitter_misc":{"Est. reading time":"4 minutes"},"schema":{"@context":"https:\/\/schema.org","@graph":[{"@type":"WebPage","@id":"https:\/\/discoverdouro.pt\/fr\/saveurs-et-savoir-faire-lamego","url":"https:\/\/discoverdouro.pt\/fr\/saveurs-et-savoir-faire-lamego","name":"Saveurs et Savoir-faire Lamego - Discover Douro","isPartOf":{"@id":"https:\/\/discoverdouro.pt\/fr#website"},"datePublished":"2024-01-05T13:20:37+00:00","dateModified":"2024-01-22T14:01:19+00:00","breadcrumb":{"@id":"https:\/\/discoverdouro.pt\/fr\/saveurs-et-savoir-faire-lamego#breadcrumb"},"inLanguage":"fr","potentialAction":[{"@type":"ReadAction","target":["https:\/\/discoverdouro.pt\/fr\/saveurs-et-savoir-faire-lamego"]}]},{"@type":"BreadcrumbList","@id":"https:\/\/discoverdouro.pt\/fr\/saveurs-et-savoir-faire-lamego#breadcrumb","itemListElement":[{"@type":"ListItem","position":1,"name":"Home","item":"https:\/\/discoverdouro.pt\/fr"},{"@type":"ListItem","position":2,"name":"Saveurs et Savoir-faire Lamego"}]},{"@type":"WebSite","@id":"https:\/\/discoverdouro.pt\/fr#website","url":"https:\/\/discoverdouro.pt\/fr","name":"Discover Douro","description":"O Para\u00edso de Portugal","publisher":{"@id":"https:\/\/discoverdouro.pt\/fr#organization"},"potentialAction":[{"@type":"SearchAction","target":{"@type":"EntryPoint","urlTemplate":"https:\/\/discoverdouro.pt\/fr?s={search_term_string}"},"query-input":{"@type":"PropertyValueSpecification","valueRequired":true,"valueName":"search_term_string"}}],"inLanguage":"fr"},{"@type":"Organization","@id":"https:\/\/discoverdouro.pt\/fr#organization","name":"Discover Douro","url":"https:\/\/discoverdouro.pt\/fr","logo":{"@type":"ImageObject","inLanguage":"fr","@id":"https:\/\/discoverdouro.pt\/fr#\/schema\/logo\/image\/","url":"https:\/\/www.discoverdouro.pt\/wp-content\/uploads\/2024\/01\/cropped-Icon_Discover.png","contentUrl":"https:\/\/www.discoverdouro.pt\/wp-content\/uploads\/2024\/01\/cropped-Icon_Discover.png","width":512,"height":512,"caption":"Discover Douro"},"image":{"@id":"https:\/\/discoverdouro.pt\/fr#\/schema\/logo\/image\/"},"sameAs":["https:\/\/www.facebook.com\/profile.php?id=61555234744391","https:\/\/x.com\/DiscoverDouro","https:\/\/www.instagram.com\/discover.douro","https:\/\/www.tiktok.com\/@discoverdouro","https:\/\/www.linkedin.com\/company\/discover-douro\/"]}]}},"_links":{"self":[{"href":"https:\/\/discoverdouro.pt\/fr\/wp-json\/wp\/v2\/pages\/44778","targetHints":{"allow":["GET"]}}],"collection":[{"href":"https:\/\/discoverdouro.pt\/fr\/wp-json\/wp\/v2\/pages"}],"about":[{"href":"https:\/\/discoverdouro.pt\/fr\/wp-json\/wp\/v2\/types\/page"}],"author":[{"embeddable":true,"href":"https:\/\/discoverdouro.pt\/fr\/wp-json\/wp\/v2\/users\/41"}],"replies":[{"embeddable":true,"href":"https:\/\/discoverdouro.pt\/fr\/wp-json\/wp\/v2\/comments?post=44778"}],"version-history":[{"count":22,"href":"https:\/\/discoverdouro.pt\/fr\/wp-json\/wp\/v2\/pages\/44778\/revisions"}],"predecessor-version":[{"id":46711,"href":"https:\/\/discoverdouro.pt\/fr\/wp-json\/wp\/v2\/pages\/44778\/revisions\/46711"}],"wp:attachment":[{"href":"https:\/\/discoverdouro.pt\/fr\/wp-json\/wp\/v2\/media?parent=44778"}],"curies":[{"name":"wp","href":"https:\/\/api.w.org\/{rel}","templated":true}]}}