{"id":44918,"date":"2024-01-08T18:31:51","date_gmt":"2024-01-08T18:31:51","guid":{"rendered":"https:\/\/discoverdouro.digiupdev.com\/?page_id=44918"},"modified":"2024-01-22T14:01:55","modified_gmt":"2024-01-22T14:01:55","slug":"saveurs-et-savoir-faire-tarouca","status":"publish","type":"page","link":"https:\/\/discoverdouro.pt\/fr\/saveurs-et-savoir-faire-tarouca","title":{"rendered":"Saveurs et Savoir-faire Tarouca"},"content":{"rendered":"\t\t<div data-elementor-type=\"wp-page\" data-elementor-id=\"44918\" class=\"elementor elementor-44918 elementor-44671\" data-elementor-post-type=\"page\">\n\t\t\t\t\t\t<section class=\"elementor-section elementor-top-section elementor-element elementor-element-d4917e3 elementor-section-stretched elementor-section-boxed elementor-section-height-default elementor-section-height-default\" data-id=\"d4917e3\" data-element_type=\"section\" data-settings=\"{&quot;stretch_section&quot;:&quot;section-stretched&quot;,&quot;background_background&quot;:&quot;classic&quot;}\">\n\t\t\t\t\t\t\t<div class=\"elementor-background-overlay\"><\/div>\n\t\t\t\t\t\t\t<div class=\"elementor-container elementor-column-gap-default\">\n\t\t\t\t\t<div class=\"elementor-column elementor-col-100 elementor-top-column elementor-element elementor-element-1aa5e64\" data-id=\"1aa5e64\" data-element_type=\"column\">\n\t\t\t<div class=\"elementor-widget-wrap elementor-element-populated\">\n\t\t\t\t\t\t<div class=\"elementor-element elementor-element-dab2c82 elementor-widget elementor-widget-heading\" data-id=\"dab2c82\" data-element_type=\"widget\" data-widget_type=\"heading.default\">\n\t\t\t\t<div class=\"elementor-widget-container\">\n\t\t\t\t\t<h1 class=\"elementor-heading-title elementor-size-default\">Saveurs et Savoir-faire<\/h1>\t\t\t\t<\/div>\n\t\t\t\t<\/div>\n\t\t\t\t<div class=\"elementor-element elementor-element-f95aba7 elementor-widget elementor-widget-heading\" data-id=\"f95aba7\" data-element_type=\"widget\" data-widget_type=\"heading.default\">\n\t\t\t\t<div class=\"elementor-widget-container\">\n\t\t\t\t\t<h1 class=\"elementor-heading-title elementor-size-default\">Tarouca<\/h1>\t\t\t\t<\/div>\n\t\t\t\t<\/div>\n\t\t\t\t\t<\/div>\n\t\t<\/div>\n\t\t\t\t\t<\/div>\n\t\t<\/section>\n\t\t<div class=\"elementor-element elementor-element-246747a e-flex e-con-boxed e-con e-parent\" data-id=\"246747a\" data-element_type=\"container\">\n\t\t\t\t\t<div class=\"e-con-inner\">\n\t\t<div class=\"elementor-element elementor-element-aaebc55 e-con-full e-flex e-con e-child\" data-id=\"aaebc55\" data-element_type=\"container\" data-settings=\"{&quot;background_background&quot;:&quot;classic&quot;}\">\n\t\t\t\t<\/div>\n\t\t<div class=\"elementor-element elementor-element-7312e9f e-con-full e-flex e-con e-child\" data-id=\"7312e9f\" data-element_type=\"container\">\n\t\t\t\t<div class=\"elementor-element elementor-element-4f0fcfa elementor-widget elementor-widget-text-editor\" data-id=\"4f0fcfa\" data-element_type=\"widget\" data-widget_type=\"text-editor.default\">\n\t\t\t\t<div class=\"elementor-widget-container\">\n\t\t\t\t\t\t\t\t\t<p>Savoir-faire et saveurs se conjuguent pour mettre en valeur l&#8217;authenticit\u00e9 des plats qui stimulent et affinent le palais. La cuisson \u00e0 la vapeur de sp\u00e9cialit\u00e9s typiques et savamment pr\u00e9par\u00e9es, comme la dorure, le ma\u00efs, le bazulaque ou la truite de la rivi\u00e8re Varosa, est capable de r\u00e9conforter l&#8217;\u00e2me.<\/p><p>Les charcuteries, le pain et les fromages invitent le palais \u00e0 s&#8217;\u00e9veiller, en compagnie des meilleurs vins et liqueurs.<\/p><p>En guise de f\u00eate, portez un toast au Murganheira, un vin mousseux \u00e9labor\u00e9 \u00e0 partir des meilleurs c\u00e9pages.<\/p><p>Embarquez pour une exp\u00e9rience qui va au-del\u00e0 de la gastronomie !<\/p><p>Laissez-vous emporter par les saveurs traditionnelles de la gastronomie et les nectars uniques de cette r\u00e9gion viticole reconnue nationalement et internationalement.<\/p><p>O\u00f9 manger par ici ? Le choix est vaste sur cette terre fertile de production horticole et viticole. La cuisine est tout aussi riche et invitante. Une bonne s\u00e9lection de restaurants attire les visiteurs \u00e0 Tarouca tout au long de l&#8217;ann\u00e9e.<\/p><p>Le bazulaque est l&#8217;un des plats les plus typiques de Tarouca, normalement pr\u00e9par\u00e9 \u00e0 l&#8217;occasion de la f\u00eate de S. Miguel.<\/p>\t\t\t\t\t\t\t\t<\/div>\n\t\t\t\t<\/div>\n\t\t\t\t<\/div>\n\t\t\t\t\t<\/div>\n\t\t\t\t<\/div>\n\t\t\t\t<\/div>\n\t\t","protected":false},"excerpt":{"rendered":"<p>Saveurs et Savoir-faire Tarouca Savoir-faire et saveurs se conjuguent pour mettre en valeur l&#8217;authenticit\u00e9 des plats qui stimulent et affinent le palais. La cuisson \u00e0 la vapeur de sp\u00e9cialit\u00e9s typiques et savamment pr\u00e9par\u00e9es, comme la dorure, le ma\u00efs, le bazulaque ou la truite de la rivi\u00e8re Varosa, est capable de r\u00e9conforter l&#8217;\u00e2me. Les charcuteries, le [&hellip;]<\/p>\n","protected":false},"author":41,"featured_media":0,"parent":0,"menu_order":0,"comment_status":"closed","ping_status":"closed","template":"","meta":{"footnotes":""},"class_list":["post-44918","page","type-page","status-publish","hentry"],"acf":[],"yoast_head":"<!-- This site is optimized with the Yoast SEO plugin v26.2 - https:\/\/yoast.com\/wordpress\/plugins\/seo\/ -->\n<title>Saveurs et Savoir-faire Tarouca - Discover Douro<\/title>\n<meta name=\"robots\" content=\"index, follow, max-snippet:-1, max-image-preview:large, max-video-preview:-1\" \/>\n<link rel=\"canonical\" href=\"https:\/\/discoverdouro.pt\/fr\/saveurs-et-savoir-faire-tarouca\" \/>\n<meta property=\"og:locale\" content=\"fr_FR\" \/>\n<meta property=\"og:type\" content=\"article\" \/>\n<meta property=\"og:title\" content=\"Saveurs et Savoir-faire Tarouca - Discover Douro\" \/>\n<meta property=\"og:description\" content=\"Saveurs et Savoir-faire Tarouca Savoir-faire et saveurs se conjuguent pour mettre en valeur l&#8217;authenticit\u00e9 des plats qui stimulent et affinent le palais. La cuisson \u00e0 la vapeur de sp\u00e9cialit\u00e9s typiques et savamment pr\u00e9par\u00e9es, comme la dorure, le ma\u00efs, le bazulaque ou la truite de la rivi\u00e8re Varosa, est capable de r\u00e9conforter l&#8217;\u00e2me. Les charcuteries, le [&hellip;]\" \/>\n<meta property=\"og:url\" content=\"https:\/\/discoverdouro.pt\/fr\/saveurs-et-savoir-faire-tarouca\" \/>\n<meta property=\"og:site_name\" content=\"Discover Douro\" \/>\n<meta property=\"article:publisher\" content=\"https:\/\/www.facebook.com\/profile.php?id=61555234744391\" \/>\n<meta property=\"article:modified_time\" content=\"2024-01-22T14:01:55+00:00\" \/>\n<meta property=\"og:image\" content=\"https:\/\/discoverdouro.pt\/wp-content\/uploads\/2024\/01\/Moncorvo_Praia-Fluvial-Foz-do-Sabor12-scaled.jpg\" \/>\n\t<meta property=\"og:image:width\" content=\"2560\" \/>\n\t<meta property=\"og:image:height\" content=\"1920\" \/>\n\t<meta property=\"og:image:type\" content=\"image\/jpeg\" \/>\n<meta name=\"twitter:card\" content=\"summary_large_image\" \/>\n<meta name=\"twitter:site\" content=\"@DiscoverDouro\" \/>\n<script type=\"application\/ld+json\" class=\"yoast-schema-graph\">{\"@context\":\"https:\/\/schema.org\",\"@graph\":[{\"@type\":\"WebPage\",\"@id\":\"https:\/\/discoverdouro.pt\/fr\/saveurs-et-savoir-faire-tarouca\",\"url\":\"https:\/\/discoverdouro.pt\/fr\/saveurs-et-savoir-faire-tarouca\",\"name\":\"Saveurs et Savoir-faire Tarouca - Discover Douro\",\"isPartOf\":{\"@id\":\"https:\/\/discoverdouro.pt\/fr#website\"},\"datePublished\":\"2024-01-08T18:31:51+00:00\",\"dateModified\":\"2024-01-22T14:01:55+00:00\",\"breadcrumb\":{\"@id\":\"https:\/\/discoverdouro.pt\/fr\/saveurs-et-savoir-faire-tarouca#breadcrumb\"},\"inLanguage\":\"fr\",\"potentialAction\":[{\"@type\":\"ReadAction\",\"target\":[\"https:\/\/discoverdouro.pt\/fr\/saveurs-et-savoir-faire-tarouca\"]}]},{\"@type\":\"BreadcrumbList\",\"@id\":\"https:\/\/discoverdouro.pt\/fr\/saveurs-et-savoir-faire-tarouca#breadcrumb\",\"itemListElement\":[{\"@type\":\"ListItem\",\"position\":1,\"name\":\"Home\",\"item\":\"https:\/\/discoverdouro.pt\/fr\"},{\"@type\":\"ListItem\",\"position\":2,\"name\":\"Saveurs et Savoir-faire Tarouca\"}]},{\"@type\":\"WebSite\",\"@id\":\"https:\/\/discoverdouro.pt\/fr#website\",\"url\":\"https:\/\/discoverdouro.pt\/fr\",\"name\":\"Discover Douro\",\"description\":\"O Para\u00edso de Portugal\",\"publisher\":{\"@id\":\"https:\/\/discoverdouro.pt\/fr#organization\"},\"potentialAction\":[{\"@type\":\"SearchAction\",\"target\":{\"@type\":\"EntryPoint\",\"urlTemplate\":\"https:\/\/discoverdouro.pt\/fr?s={search_term_string}\"},\"query-input\":{\"@type\":\"PropertyValueSpecification\",\"valueRequired\":true,\"valueName\":\"search_term_string\"}}],\"inLanguage\":\"fr\"},{\"@type\":\"Organization\",\"@id\":\"https:\/\/discoverdouro.pt\/fr#organization\",\"name\":\"Discover Douro\",\"url\":\"https:\/\/discoverdouro.pt\/fr\",\"logo\":{\"@type\":\"ImageObject\",\"inLanguage\":\"fr\",\"@id\":\"https:\/\/discoverdouro.pt\/fr#\/schema\/logo\/image\/\",\"url\":\"https:\/\/www.discoverdouro.pt\/wp-content\/uploads\/2024\/01\/cropped-Icon_Discover.png\",\"contentUrl\":\"https:\/\/www.discoverdouro.pt\/wp-content\/uploads\/2024\/01\/cropped-Icon_Discover.png\",\"width\":512,\"height\":512,\"caption\":\"Discover Douro\"},\"image\":{\"@id\":\"https:\/\/discoverdouro.pt\/fr#\/schema\/logo\/image\/\"},\"sameAs\":[\"https:\/\/www.facebook.com\/profile.php?id=61555234744391\",\"https:\/\/x.com\/DiscoverDouro\",\"https:\/\/www.instagram.com\/discover.douro\",\"https:\/\/www.tiktok.com\/@discoverdouro\",\"https:\/\/www.linkedin.com\/company\/discover-douro\/\"]}]}<\/script>\n<!-- \/ Yoast SEO plugin. -->","yoast_head_json":{"title":"Saveurs et Savoir-faire Tarouca - Discover Douro","robots":{"index":"index","follow":"follow","max-snippet":"max-snippet:-1","max-image-preview":"max-image-preview:large","max-video-preview":"max-video-preview:-1"},"canonical":"https:\/\/discoverdouro.pt\/fr\/saveurs-et-savoir-faire-tarouca","og_locale":"fr_FR","og_type":"article","og_title":"Saveurs et Savoir-faire Tarouca - Discover Douro","og_description":"Saveurs et Savoir-faire Tarouca Savoir-faire et saveurs se conjuguent pour mettre en valeur l&#8217;authenticit\u00e9 des plats qui stimulent et affinent le palais. La cuisson \u00e0 la vapeur de sp\u00e9cialit\u00e9s typiques et savamment pr\u00e9par\u00e9es, comme la dorure, le ma\u00efs, le bazulaque ou la truite de la rivi\u00e8re Varosa, est capable de r\u00e9conforter l&#8217;\u00e2me. Les charcuteries, le [&hellip;]","og_url":"https:\/\/discoverdouro.pt\/fr\/saveurs-et-savoir-faire-tarouca","og_site_name":"Discover Douro","article_publisher":"https:\/\/www.facebook.com\/profile.php?id=61555234744391","article_modified_time":"2024-01-22T14:01:55+00:00","og_image":[{"width":2560,"height":1920,"url":"https:\/\/discoverdouro.pt\/wp-content\/uploads\/2024\/01\/Moncorvo_Praia-Fluvial-Foz-do-Sabor12-scaled.jpg","type":"image\/jpeg"}],"twitter_card":"summary_large_image","twitter_site":"@DiscoverDouro","schema":{"@context":"https:\/\/schema.org","@graph":[{"@type":"WebPage","@id":"https:\/\/discoverdouro.pt\/fr\/saveurs-et-savoir-faire-tarouca","url":"https:\/\/discoverdouro.pt\/fr\/saveurs-et-savoir-faire-tarouca","name":"Saveurs et Savoir-faire Tarouca - Discover Douro","isPartOf":{"@id":"https:\/\/discoverdouro.pt\/fr#website"},"datePublished":"2024-01-08T18:31:51+00:00","dateModified":"2024-01-22T14:01:55+00:00","breadcrumb":{"@id":"https:\/\/discoverdouro.pt\/fr\/saveurs-et-savoir-faire-tarouca#breadcrumb"},"inLanguage":"fr","potentialAction":[{"@type":"ReadAction","target":["https:\/\/discoverdouro.pt\/fr\/saveurs-et-savoir-faire-tarouca"]}]},{"@type":"BreadcrumbList","@id":"https:\/\/discoverdouro.pt\/fr\/saveurs-et-savoir-faire-tarouca#breadcrumb","itemListElement":[{"@type":"ListItem","position":1,"name":"Home","item":"https:\/\/discoverdouro.pt\/fr"},{"@type":"ListItem","position":2,"name":"Saveurs et Savoir-faire Tarouca"}]},{"@type":"WebSite","@id":"https:\/\/discoverdouro.pt\/fr#website","url":"https:\/\/discoverdouro.pt\/fr","name":"Discover Douro","description":"O Para\u00edso de Portugal","publisher":{"@id":"https:\/\/discoverdouro.pt\/fr#organization"},"potentialAction":[{"@type":"SearchAction","target":{"@type":"EntryPoint","urlTemplate":"https:\/\/discoverdouro.pt\/fr?s={search_term_string}"},"query-input":{"@type":"PropertyValueSpecification","valueRequired":true,"valueName":"search_term_string"}}],"inLanguage":"fr"},{"@type":"Organization","@id":"https:\/\/discoverdouro.pt\/fr#organization","name":"Discover Douro","url":"https:\/\/discoverdouro.pt\/fr","logo":{"@type":"ImageObject","inLanguage":"fr","@id":"https:\/\/discoverdouro.pt\/fr#\/schema\/logo\/image\/","url":"https:\/\/www.discoverdouro.pt\/wp-content\/uploads\/2024\/01\/cropped-Icon_Discover.png","contentUrl":"https:\/\/www.discoverdouro.pt\/wp-content\/uploads\/2024\/01\/cropped-Icon_Discover.png","width":512,"height":512,"caption":"Discover Douro"},"image":{"@id":"https:\/\/discoverdouro.pt\/fr#\/schema\/logo\/image\/"},"sameAs":["https:\/\/www.facebook.com\/profile.php?id=61555234744391","https:\/\/x.com\/DiscoverDouro","https:\/\/www.instagram.com\/discover.douro","https:\/\/www.tiktok.com\/@discoverdouro","https:\/\/www.linkedin.com\/company\/discover-douro\/"]}]}},"_links":{"self":[{"href":"https:\/\/discoverdouro.pt\/fr\/wp-json\/wp\/v2\/pages\/44918","targetHints":{"allow":["GET"]}}],"collection":[{"href":"https:\/\/discoverdouro.pt\/fr\/wp-json\/wp\/v2\/pages"}],"about":[{"href":"https:\/\/discoverdouro.pt\/fr\/wp-json\/wp\/v2\/types\/page"}],"author":[{"embeddable":true,"href":"https:\/\/discoverdouro.pt\/fr\/wp-json\/wp\/v2\/users\/41"}],"replies":[{"embeddable":true,"href":"https:\/\/discoverdouro.pt\/fr\/wp-json\/wp\/v2\/comments?post=44918"}],"version-history":[{"count":14,"href":"https:\/\/discoverdouro.pt\/fr\/wp-json\/wp\/v2\/pages\/44918\/revisions"}],"predecessor-version":[{"id":46723,"href":"https:\/\/discoverdouro.pt\/fr\/wp-json\/wp\/v2\/pages\/44918\/revisions\/46723"}],"wp:attachment":[{"href":"https:\/\/discoverdouro.pt\/fr\/wp-json\/wp\/v2\/media?parent=44918"}],"curies":[{"name":"wp","href":"https:\/\/api.w.org\/{rel}","templated":true}]}}