{"id":46293,"date":"2024-01-05T14:40:30","date_gmt":"2024-01-05T14:40:30","guid":{"rendered":"https:\/\/www.discoverdouro.pt\/?page_id=46293"},"modified":"2024-01-23T17:13:30","modified_gmt":"2024-01-23T17:13:30","slug":"points-dinteret","status":"publish","type":"page","link":"https:\/\/discoverdouro.pt\/fr\/points-dinteret","title":{"rendered":"Points d&#8217;int\u00e9r\u00eat"},"content":{"rendered":"\t\t<div data-elementor-type=\"wp-page\" data-elementor-id=\"46293\" class=\"elementor elementor-46293 elementor-43764\" data-elementor-post-type=\"page\">\n\t\t\t\t\t\t<section class=\"elementor-section elementor-top-section elementor-element elementor-element-8eed2cf elementor-section-stretched elementor-section-boxed elementor-section-height-default elementor-section-height-default\" data-id=\"8eed2cf\" data-element_type=\"section\" data-settings=\"{&quot;stretch_section&quot;:&quot;section-stretched&quot;,&quot;background_background&quot;:&quot;classic&quot;}\">\n\t\t\t\t\t\t\t<div class=\"elementor-background-overlay\"><\/div>\n\t\t\t\t\t\t\t<div class=\"elementor-container elementor-column-gap-default\">\n\t\t\t\t\t<div class=\"elementor-column elementor-col-100 elementor-top-column elementor-element elementor-element-2b0308a\" data-id=\"2b0308a\" data-element_type=\"column\">\n\t\t\t<div class=\"elementor-widget-wrap elementor-element-populated\">\n\t\t\t\t\t\t\t<\/div>\n\t\t<\/div>\n\t\t\t\t\t<\/div>\n\t\t<\/section>\n\t\t<div class=\"elementor-element elementor-element-5a29c47 e-flex e-con-boxed e-con e-parent\" data-id=\"5a29c47\" data-element_type=\"container\">\n\t\t\t\t\t<div class=\"e-con-inner\">\n\t\t<div class=\"elementor-element elementor-element-d60199a e-con-full e-flex e-con e-child\" data-id=\"d60199a\" data-element_type=\"container\">\n\t\t<div class=\"elementor-element elementor-element-69f0b7c e-flex e-con-boxed e-con e-child\" data-id=\"69f0b7c\" data-element_type=\"container\" data-settings=\"{&quot;background_background&quot;:&quot;classic&quot;}\">\n\t\t\t\t\t<div class=\"e-con-inner\">\n\t\t<a class=\"elementor-element elementor-element-521af3d e-con-full e-flex e-con e-child\" data-id=\"521af3d\" data-element_type=\"container\" data-settings=\"{&quot;background_background&quot;:&quot;classic&quot;}\" href=\"\/fr\/ce-quil-faut-voir\">\n\t\t\t\t<div class=\"elementor-element elementor-element-f29d159 elementor-position-top elementor-widget elementor-widget-image-box\" data-id=\"f29d159\" data-element_type=\"widget\" data-widget_type=\"image-box.default\">\n\t\t\t\t<div class=\"elementor-widget-container\">\n\t\t\t\t\t<div class=\"elementor-image-box-wrapper\"><figure class=\"elementor-image-box-img\"><img decoding=\"async\" width=\"150\" height=\"150\" src=\"https:\/\/discoverdouro.pt\/wp-content\/uploads\/2024\/01\/patrimonio-2-1-1-1-150x150.png\" class=\"attachment-thumbnail size-thumbnail wp-image-47563\" alt=\"\" srcset=\"https:\/\/discoverdouro.pt\/wp-content\/uploads\/2024\/01\/patrimonio-2-1-1-1-150x150.png 150w, https:\/\/discoverdouro.pt\/wp-content\/uploads\/2024\/01\/patrimonio-2-1-1-1-300x300.png 300w, https:\/\/discoverdouro.pt\/wp-content\/uploads\/2024\/01\/patrimonio-2-1-1-1-1024x1024.png 1024w, https:\/\/discoverdouro.pt\/wp-content\/uploads\/2024\/01\/patrimonio-2-1-1-1-768x768.png 768w, https:\/\/discoverdouro.pt\/wp-content\/uploads\/2024\/01\/patrimonio-2-1-1-1-1536x1536.png 1536w, https:\/\/discoverdouro.pt\/wp-content\/uploads\/2024\/01\/patrimonio-2-1-1-1.png 1601w\" sizes=\"(max-width: 150px) 100vw, 150px\" \/><\/figure><div class=\"elementor-image-box-content\"><h3 class=\"elementor-image-box-title\">Ce qu\u2019il faut voir<\/h3><\/div><\/div>\t\t\t\t<\/div>\n\t\t\t\t<\/div>\n\t\t\t\t<\/a>\n\t\t\t\t\t<\/div>\n\t\t\t\t<\/div>\n\t\t\t\t<\/div>\n\t\t<div class=\"elementor-element elementor-element-34e2972 e-con-full e-flex e-con e-child\" data-id=\"34e2972\" data-element_type=\"container\">\n\t\t<div class=\"elementor-element elementor-element-d3c4fc2 e-flex e-con-boxed e-con e-child\" data-id=\"d3c4fc2\" data-element_type=\"container\" data-settings=\"{&quot;background_background&quot;:&quot;classic&quot;}\">\n\t\t\t\t\t<div class=\"e-con-inner\">\n\t\t<a class=\"elementor-element elementor-element-a119d28 e-con-full e-flex e-con e-child\" data-id=\"a119d28\" data-element_type=\"container\" data-settings=\"{&quot;background_background&quot;:&quot;classic&quot;}\" href=\"\/fr\/ou-manger\">\n\t\t\t\t<div class=\"elementor-element elementor-element-57af824 elementor-position-top elementor-widget elementor-widget-image-box\" data-id=\"57af824\" data-element_type=\"widget\" data-widget_type=\"image-box.default\">\n\t\t\t\t<div class=\"elementor-widget-container\">\n\t\t\t\t\t<div class=\"elementor-image-box-wrapper\"><figure class=\"elementor-image-box-img\"><img decoding=\"async\" width=\"150\" height=\"150\" src=\"https:\/\/discoverdouro.pt\/wp-content\/uploads\/2024\/01\/comer-2-1-1-1-150x150.png\" class=\"attachment-thumbnail size-thumbnail wp-image-47567\" alt=\"\" srcset=\"https:\/\/discoverdouro.pt\/wp-content\/uploads\/2024\/01\/comer-2-1-1-1-150x150.png 150w, https:\/\/discoverdouro.pt\/wp-content\/uploads\/2024\/01\/comer-2-1-1-1-300x300.png 300w, https:\/\/discoverdouro.pt\/wp-content\/uploads\/2024\/01\/comer-2-1-1-1-1024x1024.png 1024w, https:\/\/discoverdouro.pt\/wp-content\/uploads\/2024\/01\/comer-2-1-1-1-768x768.png 768w, https:\/\/discoverdouro.pt\/wp-content\/uploads\/2024\/01\/comer-2-1-1-1-1536x1536.png 1536w, https:\/\/discoverdouro.pt\/wp-content\/uploads\/2024\/01\/comer-2-1-1-1.png 1601w\" sizes=\"(max-width: 150px) 100vw, 150px\" \/><\/figure><div class=\"elementor-image-box-content\"><h3 class=\"elementor-image-box-title\">O\u00f9 manger<\/h3><\/div><\/div>\t\t\t\t<\/div>\n\t\t\t\t<\/div>\n\t\t\t\t<\/a>\n\t\t\t\t\t<\/div>\n\t\t\t\t<\/div>\n\t\t\t\t<\/div>\n\t\t<div class=\"elementor-element elementor-element-db36a65 e-con-full e-flex e-con e-child\" data-id=\"db36a65\" data-element_type=\"container\">\n\t\t<div class=\"elementor-element elementor-element-93d2f43 e-flex e-con-boxed e-con e-child\" data-id=\"93d2f43\" data-element_type=\"container\" data-settings=\"{&quot;background_background&quot;:&quot;classic&quot;}\">\n\t\t\t\t\t<div class=\"e-con-inner\">\n\t\t<a class=\"elementor-element elementor-element-baa6bfe e-con-full e-flex e-con e-child\" data-id=\"baa6bfe\" data-element_type=\"container\" data-settings=\"{&quot;background_background&quot;:&quot;classic&quot;}\" href=\"\/fr\/ou-dormir\">\n\t\t\t\t<div class=\"elementor-element elementor-element-6389449 elementor-position-top elementor-widget elementor-widget-image-box\" data-id=\"6389449\" data-element_type=\"widget\" data-widget_type=\"image-box.default\">\n\t\t\t\t<div class=\"elementor-widget-container\">\n\t\t\t\t\t<div class=\"elementor-image-box-wrapper\"><figure class=\"elementor-image-box-img\"><img decoding=\"async\" width=\"150\" height=\"150\" src=\"https:\/\/discoverdouro.pt\/wp-content\/uploads\/2024\/01\/dormir-2-1-1-1-150x150.png\" class=\"attachment-thumbnail size-thumbnail wp-image-47571\" alt=\"\" srcset=\"https:\/\/discoverdouro.pt\/wp-content\/uploads\/2024\/01\/dormir-2-1-1-1-150x150.png 150w, https:\/\/discoverdouro.pt\/wp-content\/uploads\/2024\/01\/dormir-2-1-1-1-300x300.png 300w, https:\/\/discoverdouro.pt\/wp-content\/uploads\/2024\/01\/dormir-2-1-1-1-1024x1024.png 1024w, https:\/\/discoverdouro.pt\/wp-content\/uploads\/2024\/01\/dormir-2-1-1-1-768x768.png 768w, https:\/\/discoverdouro.pt\/wp-content\/uploads\/2024\/01\/dormir-2-1-1-1-1536x1536.png 1536w, https:\/\/discoverdouro.pt\/wp-content\/uploads\/2024\/01\/dormir-2-1-1-1.png 1601w\" sizes=\"(max-width: 150px) 100vw, 150px\" \/><\/figure><div class=\"elementor-image-box-content\"><h3 class=\"elementor-image-box-title\">O\u00f9 dormir ?<\/h3><\/div><\/div>\t\t\t\t<\/div>\n\t\t\t\t<\/div>\n\t\t\t\t<\/a>\n\t\t\t\t\t<\/div>\n\t\t\t\t<\/div>\n\t\t\t\t<\/div>\n\t\t<div class=\"elementor-element elementor-element-a3c312f e-con-full e-flex e-con e-child\" data-id=\"a3c312f\" data-element_type=\"container\">\n\t\t<div class=\"elementor-element elementor-element-089ad19 e-flex e-con-boxed e-con e-child\" data-id=\"089ad19\" data-element_type=\"container\" data-settings=\"{&quot;background_background&quot;:&quot;classic&quot;}\">\n\t\t\t\t\t<div class=\"e-con-inner\">\n\t\t<a class=\"elementor-element elementor-element-fe589ca e-con-full e-flex e-con e-child\" data-id=\"fe589ca\" data-element_type=\"container\" data-settings=\"{&quot;background_background&quot;:&quot;classic&quot;}\" href=\"\/fr\/ou-samuser\">\n\t\t\t\t<div class=\"elementor-element elementor-element-6553912 elementor-position-top elementor-widget elementor-widget-image-box\" data-id=\"6553912\" data-element_type=\"widget\" data-widget_type=\"image-box.default\">\n\t\t\t\t<div class=\"elementor-widget-container\">\n\t\t\t\t\t<div class=\"elementor-image-box-wrapper\"><figure class=\"elementor-image-box-img\"><img loading=\"lazy\" decoding=\"async\" width=\"150\" height=\"150\" src=\"https:\/\/discoverdouro.pt\/wp-content\/uploads\/2024\/01\/Onde-se-Divertir-3-1-1-1-150x150.png\" class=\"attachment-thumbnail size-thumbnail wp-image-47575\" alt=\"\" srcset=\"https:\/\/discoverdouro.pt\/wp-content\/uploads\/2024\/01\/Onde-se-Divertir-3-1-1-1-150x150.png 150w, https:\/\/discoverdouro.pt\/wp-content\/uploads\/2024\/01\/Onde-se-Divertir-3-1-1-1-300x300.png 300w, https:\/\/discoverdouro.pt\/wp-content\/uploads\/2024\/01\/Onde-se-Divertir-3-1-1-1-1024x1024.png 1024w, https:\/\/discoverdouro.pt\/wp-content\/uploads\/2024\/01\/Onde-se-Divertir-3-1-1-1-768x768.png 768w, https:\/\/discoverdouro.pt\/wp-content\/uploads\/2024\/01\/Onde-se-Divertir-3-1-1-1-1536x1536.png 1536w, https:\/\/discoverdouro.pt\/wp-content\/uploads\/2024\/01\/Onde-se-Divertir-3-1-1-1.png 1601w\" sizes=\"(max-width: 150px) 100vw, 150px\" \/><\/figure><div class=\"elementor-image-box-content\"><h3 class=\"elementor-image-box-title\">D\u00f3nde Divertirse<\/h3><\/div><\/div>\t\t\t\t<\/div>\n\t\t\t\t<\/div>\n\t\t\t\t<\/a>\n\t\t\t\t\t<\/div>\n\t\t\t\t<\/div>\n\t\t\t\t<\/div>\n\t\t\t\t\t<\/div>\n\t\t\t\t<\/div>\n\t\t\t\t<\/div>\n\t\t","protected":false},"excerpt":{"rendered":"<p>Ce qu\u2019il faut voir O\u00f9 manger O\u00f9 dormir ? D\u00f3nde Divertirse<\/p>\n","protected":false},"author":41,"featured_media":0,"parent":0,"menu_order":0,"comment_status":"closed","ping_status":"closed","template":"","meta":{"footnotes":""},"class_list":["post-46293","page","type-page","status-publish","hentry"],"acf":[],"yoast_head":"<!-- This site is optimized with the Yoast SEO plugin v26.2 - https:\/\/yoast.com\/wordpress\/plugins\/seo\/ -->\n<title>Points d&#039;int\u00e9r\u00eat - Discover Douro<\/title>\n<meta name=\"robots\" content=\"index, follow, max-snippet:-1, max-image-preview:large, max-video-preview:-1\" \/>\n<link rel=\"canonical\" href=\"https:\/\/discoverdouro.pt\/fr\/points-dinteret\" \/>\n<meta property=\"og:locale\" content=\"fr_FR\" \/>\n<meta property=\"og:type\" content=\"article\" \/>\n<meta property=\"og:title\" content=\"Points d&#039;int\u00e9r\u00eat - Discover Douro\" \/>\n<meta property=\"og:description\" content=\"Ce qu\u2019il faut voir O\u00f9 manger O\u00f9 dormir ? D\u00f3nde Divertirse\" \/>\n<meta property=\"og:url\" content=\"https:\/\/discoverdouro.pt\/fr\/points-dinteret\" \/>\n<meta property=\"og:site_name\" content=\"Discover Douro\" \/>\n<meta property=\"article:publisher\" content=\"https:\/\/www.facebook.com\/profile.php?id=61555234744391\" \/>\n<meta property=\"article:modified_time\" content=\"2024-01-23T17:13:30+00:00\" \/>\n<meta property=\"og:image\" content=\"https:\/\/www.discoverdouro.pt\/wp-content\/uploads\/2024\/01\/patrimonio-2-1-1-1-150x150.png\" \/>\n<meta name=\"twitter:card\" content=\"summary_large_image\" \/>\n<meta name=\"twitter:site\" content=\"@DiscoverDouro\" \/>\n<meta name=\"twitter:label1\" content=\"Est. reading time\" \/>\n\t<meta name=\"twitter:data1\" content=\"1 minute\" \/>\n<script type=\"application\/ld+json\" class=\"yoast-schema-graph\">{\"@context\":\"https:\/\/schema.org\",\"@graph\":[{\"@type\":\"WebPage\",\"@id\":\"https:\/\/discoverdouro.pt\/fr\/points-dinteret\",\"url\":\"https:\/\/discoverdouro.pt\/fr\/points-dinteret\",\"name\":\"Points d'int\u00e9r\u00eat - Discover Douro\",\"isPartOf\":{\"@id\":\"https:\/\/discoverdouro.pt\/fr#website\"},\"primaryImageOfPage\":{\"@id\":\"https:\/\/discoverdouro.pt\/fr\/points-dinteret#primaryimage\"},\"image\":{\"@id\":\"https:\/\/discoverdouro.pt\/fr\/points-dinteret#primaryimage\"},\"thumbnailUrl\":\"https:\/\/www.discoverdouro.pt\/wp-content\/uploads\/2024\/01\/patrimonio-2-1-1-1-150x150.png\",\"datePublished\":\"2024-01-05T14:40:30+00:00\",\"dateModified\":\"2024-01-23T17:13:30+00:00\",\"breadcrumb\":{\"@id\":\"https:\/\/discoverdouro.pt\/fr\/points-dinteret#breadcrumb\"},\"inLanguage\":\"fr\",\"potentialAction\":[{\"@type\":\"ReadAction\",\"target\":[\"https:\/\/discoverdouro.pt\/fr\/points-dinteret\"]}]},{\"@type\":\"ImageObject\",\"inLanguage\":\"fr\",\"@id\":\"https:\/\/discoverdouro.pt\/fr\/points-dinteret#primaryimage\",\"url\":\"https:\/\/www.discoverdouro.pt\/wp-content\/uploads\/2024\/01\/patrimonio-2-1-1-1-150x150.png\",\"contentUrl\":\"https:\/\/www.discoverdouro.pt\/wp-content\/uploads\/2024\/01\/patrimonio-2-1-1-1-150x150.png\"},{\"@type\":\"BreadcrumbList\",\"@id\":\"https:\/\/discoverdouro.pt\/fr\/points-dinteret#breadcrumb\",\"itemListElement\":[{\"@type\":\"ListItem\",\"position\":1,\"name\":\"Home\",\"item\":\"https:\/\/discoverdouro.pt\/fr\"},{\"@type\":\"ListItem\",\"position\":2,\"name\":\"Points d&#8217;int\u00e9r\u00eat\"}]},{\"@type\":\"WebSite\",\"@id\":\"https:\/\/discoverdouro.pt\/fr#website\",\"url\":\"https:\/\/discoverdouro.pt\/fr\",\"name\":\"Discover Douro\",\"description\":\"O Para\u00edso de Portugal\",\"publisher\":{\"@id\":\"https:\/\/discoverdouro.pt\/fr#organization\"},\"potentialAction\":[{\"@type\":\"SearchAction\",\"target\":{\"@type\":\"EntryPoint\",\"urlTemplate\":\"https:\/\/discoverdouro.pt\/fr?s={search_term_string}\"},\"query-input\":{\"@type\":\"PropertyValueSpecification\",\"valueRequired\":true,\"valueName\":\"search_term_string\"}}],\"inLanguage\":\"fr\"},{\"@type\":\"Organization\",\"@id\":\"https:\/\/discoverdouro.pt\/fr#organization\",\"name\":\"Discover Douro\",\"url\":\"https:\/\/discoverdouro.pt\/fr\",\"logo\":{\"@type\":\"ImageObject\",\"inLanguage\":\"fr\",\"@id\":\"https:\/\/discoverdouro.pt\/fr#\/schema\/logo\/image\/\",\"url\":\"https:\/\/www.discoverdouro.pt\/wp-content\/uploads\/2024\/01\/cropped-Icon_Discover.png\",\"contentUrl\":\"https:\/\/www.discoverdouro.pt\/wp-content\/uploads\/2024\/01\/cropped-Icon_Discover.png\",\"width\":512,\"height\":512,\"caption\":\"Discover Douro\"},\"image\":{\"@id\":\"https:\/\/discoverdouro.pt\/fr#\/schema\/logo\/image\/\"},\"sameAs\":[\"https:\/\/www.facebook.com\/profile.php?id=61555234744391\",\"https:\/\/x.com\/DiscoverDouro\",\"https:\/\/www.instagram.com\/discover.douro\",\"https:\/\/www.tiktok.com\/@discoverdouro\",\"https:\/\/www.linkedin.com\/company\/discover-douro\/\"]}]}<\/script>\n<!-- \/ Yoast SEO plugin. -->","yoast_head_json":{"title":"Points d'int\u00e9r\u00eat - Discover Douro","robots":{"index":"index","follow":"follow","max-snippet":"max-snippet:-1","max-image-preview":"max-image-preview:large","max-video-preview":"max-video-preview:-1"},"canonical":"https:\/\/discoverdouro.pt\/fr\/points-dinteret","og_locale":"fr_FR","og_type":"article","og_title":"Points d'int\u00e9r\u00eat - Discover Douro","og_description":"Ce qu\u2019il faut voir O\u00f9 manger O\u00f9 dormir ? D\u00f3nde Divertirse","og_url":"https:\/\/discoverdouro.pt\/fr\/points-dinteret","og_site_name":"Discover Douro","article_publisher":"https:\/\/www.facebook.com\/profile.php?id=61555234744391","article_modified_time":"2024-01-23T17:13:30+00:00","og_image":[{"url":"https:\/\/www.discoverdouro.pt\/wp-content\/uploads\/2024\/01\/patrimonio-2-1-1-1-150x150.png","type":"","width":"","height":""}],"twitter_card":"summary_large_image","twitter_site":"@DiscoverDouro","twitter_misc":{"Est. reading time":"1 minute"},"schema":{"@context":"https:\/\/schema.org","@graph":[{"@type":"WebPage","@id":"https:\/\/discoverdouro.pt\/fr\/points-dinteret","url":"https:\/\/discoverdouro.pt\/fr\/points-dinteret","name":"Points d'int\u00e9r\u00eat - Discover Douro","isPartOf":{"@id":"https:\/\/discoverdouro.pt\/fr#website"},"primaryImageOfPage":{"@id":"https:\/\/discoverdouro.pt\/fr\/points-dinteret#primaryimage"},"image":{"@id":"https:\/\/discoverdouro.pt\/fr\/points-dinteret#primaryimage"},"thumbnailUrl":"https:\/\/www.discoverdouro.pt\/wp-content\/uploads\/2024\/01\/patrimonio-2-1-1-1-150x150.png","datePublished":"2024-01-05T14:40:30+00:00","dateModified":"2024-01-23T17:13:30+00:00","breadcrumb":{"@id":"https:\/\/discoverdouro.pt\/fr\/points-dinteret#breadcrumb"},"inLanguage":"fr","potentialAction":[{"@type":"ReadAction","target":["https:\/\/discoverdouro.pt\/fr\/points-dinteret"]}]},{"@type":"ImageObject","inLanguage":"fr","@id":"https:\/\/discoverdouro.pt\/fr\/points-dinteret#primaryimage","url":"https:\/\/www.discoverdouro.pt\/wp-content\/uploads\/2024\/01\/patrimonio-2-1-1-1-150x150.png","contentUrl":"https:\/\/www.discoverdouro.pt\/wp-content\/uploads\/2024\/01\/patrimonio-2-1-1-1-150x150.png"},{"@type":"BreadcrumbList","@id":"https:\/\/discoverdouro.pt\/fr\/points-dinteret#breadcrumb","itemListElement":[{"@type":"ListItem","position":1,"name":"Home","item":"https:\/\/discoverdouro.pt\/fr"},{"@type":"ListItem","position":2,"name":"Points d&#8217;int\u00e9r\u00eat"}]},{"@type":"WebSite","@id":"https:\/\/discoverdouro.pt\/fr#website","url":"https:\/\/discoverdouro.pt\/fr","name":"Discover Douro","description":"O Para\u00edso de Portugal","publisher":{"@id":"https:\/\/discoverdouro.pt\/fr#organization"},"potentialAction":[{"@type":"SearchAction","target":{"@type":"EntryPoint","urlTemplate":"https:\/\/discoverdouro.pt\/fr?s={search_term_string}"},"query-input":{"@type":"PropertyValueSpecification","valueRequired":true,"valueName":"search_term_string"}}],"inLanguage":"fr"},{"@type":"Organization","@id":"https:\/\/discoverdouro.pt\/fr#organization","name":"Discover Douro","url":"https:\/\/discoverdouro.pt\/fr","logo":{"@type":"ImageObject","inLanguage":"fr","@id":"https:\/\/discoverdouro.pt\/fr#\/schema\/logo\/image\/","url":"https:\/\/www.discoverdouro.pt\/wp-content\/uploads\/2024\/01\/cropped-Icon_Discover.png","contentUrl":"https:\/\/www.discoverdouro.pt\/wp-content\/uploads\/2024\/01\/cropped-Icon_Discover.png","width":512,"height":512,"caption":"Discover Douro"},"image":{"@id":"https:\/\/discoverdouro.pt\/fr#\/schema\/logo\/image\/"},"sameAs":["https:\/\/www.facebook.com\/profile.php?id=61555234744391","https:\/\/x.com\/DiscoverDouro","https:\/\/www.instagram.com\/discover.douro","https:\/\/www.tiktok.com\/@discoverdouro","https:\/\/www.linkedin.com\/company\/discover-douro\/"]}]}},"_links":{"self":[{"href":"https:\/\/discoverdouro.pt\/fr\/wp-json\/wp\/v2\/pages\/46293","targetHints":{"allow":["GET"]}}],"collection":[{"href":"https:\/\/discoverdouro.pt\/fr\/wp-json\/wp\/v2\/pages"}],"about":[{"href":"https:\/\/discoverdouro.pt\/fr\/wp-json\/wp\/v2\/types\/page"}],"author":[{"embeddable":true,"href":"https:\/\/discoverdouro.pt\/fr\/wp-json\/wp\/v2\/users\/41"}],"replies":[{"embeddable":true,"href":"https:\/\/discoverdouro.pt\/fr\/wp-json\/wp\/v2\/comments?post=46293"}],"version-history":[{"count":22,"href":"https:\/\/discoverdouro.pt\/fr\/wp-json\/wp\/v2\/pages\/46293\/revisions"}],"predecessor-version":[{"id":48175,"href":"https:\/\/discoverdouro.pt\/fr\/wp-json\/wp\/v2\/pages\/46293\/revisions\/48175"}],"wp:attachment":[{"href":"https:\/\/discoverdouro.pt\/fr\/wp-json\/wp\/v2\/media?parent=46293"}],"curies":[{"name":"wp","href":"https:\/\/api.w.org\/{rel}","templated":true}]}}