{"id":47608,"date":"2024-01-23T09:24:30","date_gmt":"2024-01-23T09:24:30","guid":{"rendered":"https:\/\/www.discoverdouro.pt\/?page_id=47608"},"modified":"2024-01-23T10:06:29","modified_gmt":"2024-01-23T10:06:29","slug":"politique-en-matiere-de-cookies","status":"publish","type":"page","link":"https:\/\/discoverdouro.pt\/fr\/politique-en-matiere-de-cookies","title":{"rendered":"Politique en mati\u00e8re de cookies"},"content":{"rendered":"\t\t<div data-elementor-type=\"wp-page\" data-elementor-id=\"47608\" class=\"elementor elementor-47608 elementor-47591\" data-elementor-post-type=\"page\">\n\t\t\t\t\t\t<section class=\"elementor-section elementor-top-section elementor-element elementor-element-098e5d8 elementor-section-stretched elementor-section-boxed elementor-section-height-default elementor-section-height-default\" data-id=\"098e5d8\" data-element_type=\"section\" data-settings=\"{&quot;stretch_section&quot;:&quot;section-stretched&quot;,&quot;background_background&quot;:&quot;classic&quot;}\">\n\t\t\t\t\t\t\t<div class=\"elementor-background-overlay\"><\/div>\n\t\t\t\t\t\t\t<div class=\"elementor-container elementor-column-gap-default\">\n\t\t\t\t\t<div class=\"elementor-column elementor-col-100 elementor-top-column elementor-element elementor-element-34930aa\" data-id=\"34930aa\" data-element_type=\"column\">\n\t\t\t<div class=\"elementor-widget-wrap elementor-element-populated\">\n\t\t\t\t\t\t<div class=\"elementor-element elementor-element-bd038d0 elementor-widget elementor-widget-heading\" data-id=\"bd038d0\" data-element_type=\"widget\" data-widget_type=\"heading.default\">\n\t\t\t\t<div class=\"elementor-widget-container\">\n\t\t\t\t\t<h1 class=\"elementor-heading-title elementor-size-default\">Politique en mati\u00e8re de cookies<\/h1>\t\t\t\t<\/div>\n\t\t\t\t<\/div>\n\t\t\t\t\t<\/div>\n\t\t<\/div>\n\t\t\t\t\t<\/div>\n\t\t<\/section>\n\t\t<div class=\"elementor-element elementor-element-696e01c e-flex e-con-boxed e-con e-parent\" data-id=\"696e01c\" data-element_type=\"container\">\n\t\t\t\t\t<div class=\"e-con-inner\">\n\t\t\t\t<div class=\"elementor-element elementor-element-04f41ba elementor-widget elementor-widget-text-editor\" data-id=\"04f41ba\" data-element_type=\"widget\" data-widget_type=\"text-editor.default\">\n\t\t\t\t<div class=\"elementor-widget-container\">\n\t\t\t\t\t\t\t\t\t<h3>QUE SONT LES COOKIES ?<\/h3><p>Comme c&#8217;est le cas sur presque tous les sites web professionnels, ce site utilise des cookies, qui sont de petits fichiers t\u00e9l\u00e9charg\u00e9s sur votre ordinateur, afin d&#8217;am\u00e9liorer votre exp\u00e9rience. Cette page d\u00e9crit les informations qu&#8217;ils collectent, comment nous les utilisons et pourquoi nous avons parfois besoin de stocker ces cookies. Nous vous expliquons \u00e9galement comment vous pouvez emp\u00eacher le stockage de ces cookies, mais cela peut entra\u00eener une d\u00e9gradation ou une interruption de certains \u00e9l\u00e9ments de la fonctionnalit\u00e9 du site.<\/p><h4>COMMENT UTILISONS-NOUS LES COOKIES ?<\/h4><p>Nous utilisons des cookies pour diverses raisons, d\u00e9taill\u00e9es ci-dessous. Malheureusement, dans la plupart des cas, il n&#8217;existe pas d&#8217;options standard pour d\u00e9sactiver les cookies sans d\u00e9sactiver compl\u00e8tement la fonctionnalit\u00e9 et les caract\u00e9ristiques qu&#8217;ils ajoutent \u00e0 ce site web. Il est recommand\u00e9 de laisser tous les cookies si vous n&#8217;\u00eates pas s\u00fbr d&#8217;en avoir besoin ou s&#8217;ils sont utilis\u00e9s pour fournir un service que vous utilisez.<\/p><h4>D\u00c9SACTIVATION DES COOKIES<\/h4><p>Vous pouvez emp\u00eacher l&#8217;installation de cookies en ajustant les param\u00e8tres de votre navigateur (voir l&#8217;aide de votre navigateur pour savoir comment proc\u00e9der). Sachez que la d\u00e9sactivation des cookies affectera la fonctionnalit\u00e9 de ce site et de nombreux autres sites que vous visitez. La d\u00e9sactivation des cookies entra\u00eene g\u00e9n\u00e9ralement la d\u00e9sactivation de certaines fonctionnalit\u00e9s et caract\u00e9ristiques de ce site web. Il est donc recommand\u00e9 de ne pas d\u00e9sactiver les cookies.<\/p><h4>COOKIES QUE NOUS METTONS EN PLACE<\/h4><p>Cookies li\u00e9s au compte. Si vous cr\u00e9ez un compte chez nous, nous utiliserons des cookies pour g\u00e9rer le processus d&#8217;inscription et l&#8217;administration g\u00e9n\u00e9rale. Ces cookies sont g\u00e9n\u00e9ralement supprim\u00e9s lorsque vous vous d\u00e9connectez, mais dans certains cas, ils peuvent \u00eatre conserv\u00e9s par la suite pour se souvenir de vos pr\u00e9f\u00e9rences sur le site web lorsque vous le quittez.<\/p><p>Cookies li\u00e9s \u00e0 la connexion. Nous utilisons des cookies lorsque vous \u00eates connect\u00e9 afin de nous souvenir de cette action. Cela vous \u00e9vite de devoir vous connecter \u00e0 chaque fois que vous visitez une nouvelle page. Ces cookies sont g\u00e9n\u00e9ralement supprim\u00e9s ou effac\u00e9s lorsque vous vous d\u00e9connectez afin de garantir que vous ne puissiez acc\u00e9der \u00e0 des fonctions et zones restreintes que lorsque vous vous connectez.<\/p><p>Cookies li\u00e9s aux bulletins d&#8217;information \u00e9lectroniques. Ce site propose des services d&#8217;abonnement \u00e0 des bulletins d&#8217;information ou \u00e0 des courriels et des cookies peuvent \u00eatre utilis\u00e9s pour se souvenir si vous \u00eates d\u00e9j\u00e0 inscrit et pour afficher certaines notifications valables uniquement pour les utilisateurs abonn\u00e9s ou non abonn\u00e9s.<\/p><p>Cookies li\u00e9s au traitement des commandes. Ce site web propose des services de commerce \u00e9lectronique ou de paiement et certains cookies sont essentiels pour garantir que votre commande est m\u00e9moris\u00e9e d&#8217;une page \u00e0 l&#8217;autre afin que nous puissions la traiter correctement.<\/p><p>Cookies li\u00e9s aux enqu\u00eates. Nous proposons p\u00e9riodiquement des enqu\u00eates et des questionnaires pour fournir des informations int\u00e9ressantes, des outils utiles ou pour mieux comprendre notre base d&#8217;utilisateurs. Ces enqu\u00eates peuvent utiliser des cookies pour se souvenir des personnes qui ont d\u00e9j\u00e0 particip\u00e9 \u00e0 une enqu\u00eate ou pour fournir des r\u00e9sultats pr\u00e9cis apr\u00e8s un changement de page.<\/p><p>Cookies li\u00e9s aux formulaires. Lorsque vous soumettez des donn\u00e9es par l&#8217;interm\u00e9diaire d&#8217;un formulaire, comme ceux que l&#8217;on trouve sur les pages de contact ou les formulaires de commentaires, des cookies peuvent \u00eatre install\u00e9s pour m\u00e9moriser les d\u00e9tails de l&#8217;utilisateur en vue d&#8217;une correspondance ult\u00e9rieure.<\/p><p>Cookies de pr\u00e9f\u00e9rence de site. Afin de vous offrir une exp\u00e9rience agr\u00e9able sur ce site, nous vous offrons la possibilit\u00e9 de d\u00e9finir vos pr\u00e9f\u00e9rences quant au fonctionnement de ce site lorsque vous l&#8217;utilisez. Pour m\u00e9moriser vos pr\u00e9f\u00e9rences, nous devons installer des cookies afin que ces informations puissent \u00eatre appel\u00e9es chaque fois que vous interagissez avec une page affect\u00e9e par vos pr\u00e9f\u00e9rences.<\/p><h4>COOKIES DE TIERS<\/h4><p>Dans certains cas particuliers, nous utilisons \u00e9galement des cookies fournis par des tiers de confiance. La section suivante d\u00e9taille les cookies de tiers que vous pouvez rencontrer sur ce site web.<\/p><p>Ce site utilise Google Analytics, l&#8217;une des solutions d&#8217;analyse les plus r\u00e9pandues et les plus fiables sur le web, pour nous aider \u00e0 comprendre comment vous utilisez le site et comment nous pouvons am\u00e9liorer votre exp\u00e9rience. Ces cookies permettent de suivre des \u00e9l\u00e9ments tels que le temps que vous passez sur le site et les pages que vous visitez, afin que nous puissions continuer \u00e0 produire un contenu attrayant.<\/p><p>Pour plus d&#8217;informations sur les cookies de Google Analytics, consultez la page officielle de Google Analytics.<\/p><p>Des analyses de tiers sont utilis\u00e9es pour suivre et mesurer l&#8217;utilisation de ce site web afin que nous puissions continuer \u00e0 produire un contenu attrayant. Ces cookies peuvent suivre des \u00e9l\u00e9ments tels que le temps que vous passez sur le site ou les pages que vous visitez, ce qui nous aide \u00e0 comprendre comment nous pouvons am\u00e9liorer le site pour vous.<\/p><p>Nous testons p\u00e9riodiquement de nouvelles fonctionnalit\u00e9s et apportons des changements subtils \u00e0 l&#8217;apparence du site. Lorsque nous testons encore de nouvelles fonctionnalit\u00e9s, ces cookies peuvent \u00eatre utilis\u00e9s pour garantir que vous b\u00e9n\u00e9ficiez d&#8217;une exp\u00e9rience coh\u00e9rente sur le site, tout en nous permettant de comprendre quelles sont les optimisations les plus appr\u00e9ci\u00e9es par nos utilisateurs.<\/p><p>Comme nous vendons des produits, il est important pour nous de comprendre les statistiques sur le nombre de visiteurs de notre site qui ach\u00e8tent effectivement, et c&#8217;est donc le type de donn\u00e9es que ces cookies suivront. Ces donn\u00e9es sont importantes pour vous, car elles nous permettent d&#8217;\u00e9tablir des pr\u00e9visions commerciales pr\u00e9cises et d&#8217;analyser nos co\u00fbts publicitaires et nos produits afin de garantir le meilleur prix possible. Estas encuestas pueden utilizar cookies para recordar qui\u00e9n ha participado ya en una encuesta o para proporcionar resultados precisos despu\u00e9s de cambiar de p\u00e1gina.<\/p><p>Cookies relacionadas con formularios. Cuando se env\u00edan datos a trav\u00e9s de un formulario, como los que se encuentran en las p\u00e1ginas de contacto o en los formularios de comentarios, las cookies pueden configurarse para recordar los datos del usuario para futuras correspondencias.<\/p><p>Cookies de preferencias del sitio. Para ofrecerle una experiencia excelente en este sitio, le proporcionamos la funcionalidad de establecer sus preferencias sobre c\u00f3mo funciona este sitio cuando lo utiliza. Para recordar sus preferencias, necesitamos configurar cookies de modo que esta informaci\u00f3n pueda ser consultada cada vez que interact\u00fae con una p\u00e1gina afectada por sus preferencias.<\/p><h4>COOKIES DE TERCEROS<\/h4><p>En algunos casos especiales, tambi\u00e9n utilizamos cookies proporcionadas por terceros de confianza. En la siguiente secci\u00f3n se detallan las cookies de terceros que puede encontrar a trav\u00e9s de este sitio web.<\/p><p>Este sitio web utiliza Google Analytics, que es una de las soluciones de an\u00e1lisis m\u00e1s extendidas y fiables de la web, para ayudarnos a comprender c\u00f3mo utiliza el sitio web y c\u00f3mo podemos mejorar su experiencia. Estas cookies pueden rastrear aspectos como el tiempo que pasa en el sitio y las p\u00e1ginas que visita, para que podamos seguir produciendo contenidos atractivos.<\/p>\t\t\t\t\t\t\t\t<\/div>\n\t\t\t\t<\/div>\n\t\t\t\t\t<\/div>\n\t\t\t\t<\/div>\n\t\t\t\t<\/div>\n\t\t","protected":false},"excerpt":{"rendered":"<p>QUE SONT LES COOKIES ? Comme c&#8217;est le cas sur presque tous les sites web professionnels, ce site utilise des cookies, qui sont de petits fichiers t\u00e9l\u00e9charg\u00e9s sur votre ordinateur, afin d&#8217;am\u00e9liorer votre exp\u00e9rience. Cette page d\u00e9crit les informations qu&#8217;ils collectent, comment nous les utilisons et pourquoi nous avons parfois besoin de stocker ces cookies. [&hellip;]<\/p>\n","protected":false},"author":55,"featured_media":0,"parent":0,"menu_order":0,"comment_status":"closed","ping_status":"closed","template":"","meta":{"footnotes":""},"class_list":["post-47608","page","type-page","status-publish","hentry"],"acf":[],"yoast_head":"<!-- This site is optimized with the Yoast SEO plugin v26.2 - https:\/\/yoast.com\/wordpress\/plugins\/seo\/ -->\n<title>Politique en mati\u00e8re de cookies - Discover Douro<\/title>\n<meta name=\"robots\" content=\"index, follow, max-snippet:-1, max-image-preview:large, max-video-preview:-1\" \/>\n<link rel=\"canonical\" href=\"https:\/\/discoverdouro.pt\/fr\/politique-en-matiere-de-cookies\" \/>\n<meta property=\"og:locale\" content=\"fr_FR\" \/>\n<meta property=\"og:type\" content=\"article\" \/>\n<meta property=\"og:title\" content=\"Politique en mati\u00e8re de cookies - Discover Douro\" \/>\n<meta property=\"og:description\" content=\"QUE SONT LES COOKIES ? Comme c&#8217;est le cas sur presque tous les sites web professionnels, ce site utilise des cookies, qui sont de petits fichiers t\u00e9l\u00e9charg\u00e9s sur votre ordinateur, afin d&#8217;am\u00e9liorer votre exp\u00e9rience. Cette page d\u00e9crit les informations qu&#8217;ils collectent, comment nous les utilisons et pourquoi nous avons parfois besoin de stocker ces cookies. [&hellip;]\" \/>\n<meta property=\"og:url\" content=\"https:\/\/discoverdouro.pt\/fr\/politique-en-matiere-de-cookies\" \/>\n<meta property=\"og:site_name\" content=\"Discover Douro\" \/>\n<meta property=\"article:publisher\" content=\"https:\/\/www.facebook.com\/profile.php?id=61555234744391\" \/>\n<meta property=\"article:modified_time\" content=\"2024-01-23T10:06:29+00:00\" \/>\n<meta property=\"og:image\" content=\"https:\/\/discoverdouro.pt\/wp-content\/uploads\/2024\/01\/Moncorvo_Praia-Fluvial-Foz-do-Sabor12-scaled.jpg\" \/>\n\t<meta property=\"og:image:width\" content=\"2560\" \/>\n\t<meta property=\"og:image:height\" content=\"1920\" \/>\n\t<meta property=\"og:image:type\" content=\"image\/jpeg\" \/>\n<meta name=\"twitter:card\" content=\"summary_large_image\" \/>\n<meta name=\"twitter:site\" content=\"@DiscoverDouro\" \/>\n<meta name=\"twitter:label1\" content=\"Est. reading time\" \/>\n\t<meta name=\"twitter:data1\" content=\"7 minutes\" \/>\n<script type=\"application\/ld+json\" class=\"yoast-schema-graph\">{\"@context\":\"https:\/\/schema.org\",\"@graph\":[{\"@type\":\"WebPage\",\"@id\":\"https:\/\/discoverdouro.pt\/fr\/politique-en-matiere-de-cookies\",\"url\":\"https:\/\/discoverdouro.pt\/fr\/politique-en-matiere-de-cookies\",\"name\":\"Politique en mati\u00e8re de cookies - Discover Douro\",\"isPartOf\":{\"@id\":\"https:\/\/discoverdouro.pt\/fr#website\"},\"datePublished\":\"2024-01-23T09:24:30+00:00\",\"dateModified\":\"2024-01-23T10:06:29+00:00\",\"breadcrumb\":{\"@id\":\"https:\/\/discoverdouro.pt\/fr\/politique-en-matiere-de-cookies#breadcrumb\"},\"inLanguage\":\"fr\",\"potentialAction\":[{\"@type\":\"ReadAction\",\"target\":[\"https:\/\/discoverdouro.pt\/fr\/politique-en-matiere-de-cookies\"]}]},{\"@type\":\"BreadcrumbList\",\"@id\":\"https:\/\/discoverdouro.pt\/fr\/politique-en-matiere-de-cookies#breadcrumb\",\"itemListElement\":[{\"@type\":\"ListItem\",\"position\":1,\"name\":\"Home\",\"item\":\"https:\/\/discoverdouro.pt\/fr\"},{\"@type\":\"ListItem\",\"position\":2,\"name\":\"Politique en mati\u00e8re de cookies\"}]},{\"@type\":\"WebSite\",\"@id\":\"https:\/\/discoverdouro.pt\/fr#website\",\"url\":\"https:\/\/discoverdouro.pt\/fr\",\"name\":\"Discover Douro\",\"description\":\"O Para\u00edso de Portugal\",\"publisher\":{\"@id\":\"https:\/\/discoverdouro.pt\/fr#organization\"},\"potentialAction\":[{\"@type\":\"SearchAction\",\"target\":{\"@type\":\"EntryPoint\",\"urlTemplate\":\"https:\/\/discoverdouro.pt\/fr?s={search_term_string}\"},\"query-input\":{\"@type\":\"PropertyValueSpecification\",\"valueRequired\":true,\"valueName\":\"search_term_string\"}}],\"inLanguage\":\"fr\"},{\"@type\":\"Organization\",\"@id\":\"https:\/\/discoverdouro.pt\/fr#organization\",\"name\":\"Discover Douro\",\"url\":\"https:\/\/discoverdouro.pt\/fr\",\"logo\":{\"@type\":\"ImageObject\",\"inLanguage\":\"fr\",\"@id\":\"https:\/\/discoverdouro.pt\/fr#\/schema\/logo\/image\/\",\"url\":\"https:\/\/www.discoverdouro.pt\/wp-content\/uploads\/2024\/01\/cropped-Icon_Discover.png\",\"contentUrl\":\"https:\/\/www.discoverdouro.pt\/wp-content\/uploads\/2024\/01\/cropped-Icon_Discover.png\",\"width\":512,\"height\":512,\"caption\":\"Discover Douro\"},\"image\":{\"@id\":\"https:\/\/discoverdouro.pt\/fr#\/schema\/logo\/image\/\"},\"sameAs\":[\"https:\/\/www.facebook.com\/profile.php?id=61555234744391\",\"https:\/\/x.com\/DiscoverDouro\",\"https:\/\/www.instagram.com\/discover.douro\",\"https:\/\/www.tiktok.com\/@discoverdouro\",\"https:\/\/www.linkedin.com\/company\/discover-douro\/\"]}]}<\/script>\n<!-- \/ Yoast SEO plugin. -->","yoast_head_json":{"title":"Politique en mati\u00e8re de cookies - Discover Douro","robots":{"index":"index","follow":"follow","max-snippet":"max-snippet:-1","max-image-preview":"max-image-preview:large","max-video-preview":"max-video-preview:-1"},"canonical":"https:\/\/discoverdouro.pt\/fr\/politique-en-matiere-de-cookies","og_locale":"fr_FR","og_type":"article","og_title":"Politique en mati\u00e8re de cookies - Discover Douro","og_description":"QUE SONT LES COOKIES ? Comme c&#8217;est le cas sur presque tous les sites web professionnels, ce site utilise des cookies, qui sont de petits fichiers t\u00e9l\u00e9charg\u00e9s sur votre ordinateur, afin d&#8217;am\u00e9liorer votre exp\u00e9rience. Cette page d\u00e9crit les informations qu&#8217;ils collectent, comment nous les utilisons et pourquoi nous avons parfois besoin de stocker ces cookies. [&hellip;]","og_url":"https:\/\/discoverdouro.pt\/fr\/politique-en-matiere-de-cookies","og_site_name":"Discover Douro","article_publisher":"https:\/\/www.facebook.com\/profile.php?id=61555234744391","article_modified_time":"2024-01-23T10:06:29+00:00","og_image":[{"width":2560,"height":1920,"url":"https:\/\/discoverdouro.pt\/wp-content\/uploads\/2024\/01\/Moncorvo_Praia-Fluvial-Foz-do-Sabor12-scaled.jpg","type":"image\/jpeg"}],"twitter_card":"summary_large_image","twitter_site":"@DiscoverDouro","twitter_misc":{"Est. reading time":"7 minutes"},"schema":{"@context":"https:\/\/schema.org","@graph":[{"@type":"WebPage","@id":"https:\/\/discoverdouro.pt\/fr\/politique-en-matiere-de-cookies","url":"https:\/\/discoverdouro.pt\/fr\/politique-en-matiere-de-cookies","name":"Politique en mati\u00e8re de cookies - Discover Douro","isPartOf":{"@id":"https:\/\/discoverdouro.pt\/fr#website"},"datePublished":"2024-01-23T09:24:30+00:00","dateModified":"2024-01-23T10:06:29+00:00","breadcrumb":{"@id":"https:\/\/discoverdouro.pt\/fr\/politique-en-matiere-de-cookies#breadcrumb"},"inLanguage":"fr","potentialAction":[{"@type":"ReadAction","target":["https:\/\/discoverdouro.pt\/fr\/politique-en-matiere-de-cookies"]}]},{"@type":"BreadcrumbList","@id":"https:\/\/discoverdouro.pt\/fr\/politique-en-matiere-de-cookies#breadcrumb","itemListElement":[{"@type":"ListItem","position":1,"name":"Home","item":"https:\/\/discoverdouro.pt\/fr"},{"@type":"ListItem","position":2,"name":"Politique en mati\u00e8re de cookies"}]},{"@type":"WebSite","@id":"https:\/\/discoverdouro.pt\/fr#website","url":"https:\/\/discoverdouro.pt\/fr","name":"Discover Douro","description":"O Para\u00edso de Portugal","publisher":{"@id":"https:\/\/discoverdouro.pt\/fr#organization"},"potentialAction":[{"@type":"SearchAction","target":{"@type":"EntryPoint","urlTemplate":"https:\/\/discoverdouro.pt\/fr?s={search_term_string}"},"query-input":{"@type":"PropertyValueSpecification","valueRequired":true,"valueName":"search_term_string"}}],"inLanguage":"fr"},{"@type":"Organization","@id":"https:\/\/discoverdouro.pt\/fr#organization","name":"Discover Douro","url":"https:\/\/discoverdouro.pt\/fr","logo":{"@type":"ImageObject","inLanguage":"fr","@id":"https:\/\/discoverdouro.pt\/fr#\/schema\/logo\/image\/","url":"https:\/\/www.discoverdouro.pt\/wp-content\/uploads\/2024\/01\/cropped-Icon_Discover.png","contentUrl":"https:\/\/www.discoverdouro.pt\/wp-content\/uploads\/2024\/01\/cropped-Icon_Discover.png","width":512,"height":512,"caption":"Discover Douro"},"image":{"@id":"https:\/\/discoverdouro.pt\/fr#\/schema\/logo\/image\/"},"sameAs":["https:\/\/www.facebook.com\/profile.php?id=61555234744391","https:\/\/x.com\/DiscoverDouro","https:\/\/www.instagram.com\/discover.douro","https:\/\/www.tiktok.com\/@discoverdouro","https:\/\/www.linkedin.com\/company\/discover-douro\/"]}]}},"_links":{"self":[{"href":"https:\/\/discoverdouro.pt\/fr\/wp-json\/wp\/v2\/pages\/47608","targetHints":{"allow":["GET"]}}],"collection":[{"href":"https:\/\/discoverdouro.pt\/fr\/wp-json\/wp\/v2\/pages"}],"about":[{"href":"https:\/\/discoverdouro.pt\/fr\/wp-json\/wp\/v2\/types\/page"}],"author":[{"embeddable":true,"href":"https:\/\/discoverdouro.pt\/fr\/wp-json\/wp\/v2\/users\/55"}],"replies":[{"embeddable":true,"href":"https:\/\/discoverdouro.pt\/fr\/wp-json\/wp\/v2\/comments?post=47608"}],"version-history":[{"count":11,"href":"https:\/\/discoverdouro.pt\/fr\/wp-json\/wp\/v2\/pages\/47608\/revisions"}],"predecessor-version":[{"id":47632,"href":"https:\/\/discoverdouro.pt\/fr\/wp-json\/wp\/v2\/pages\/47608\/revisions\/47632"}],"wp:attachment":[{"href":"https:\/\/discoverdouro.pt\/fr\/wp-json\/wp\/v2\/media?parent=47608"}],"curies":[{"name":"wp","href":"https:\/\/api.w.org\/{rel}","templated":true}]}}